{"id":995,"date":"2018-08-18T11:14:27","date_gmt":"2018-08-18T09:14:27","guid":{"rendered":"http:\/\/www.tistrupby.dk\/?page_id=995"},"modified":"2018-09-01T19:45:54","modified_gmt":"2018-09-01T17:45:54","slug":"tistrup-mini-tri-2018","status":"publish","type":"page","link":"https:\/\/www.tistrupby.dk\/?page_id=995","title":{"rendered":"Tistrup Mini-Tri 2018"},"content":{"rendered":"<p><a href=\"https:\/\/photos.app.goo.gl\/gicuehiTK4XagsaX7\">Klarg\u00f8ring til Mini-Tri<\/a><\/p>\n<p><a href=\"https:\/\/photos.app.goo.gl\/R3hTFpPDdVoPeA737\">Mini-tri eftermiddag den 31-08-18<\/a><\/p>\n<p><a href=\"https:\/\/photos.app.goo.gl\/NwPwtwBaxZDevVkr7\">Kvie s\u00f8<\/a><\/p>\n<p><a href=\"https:\/\/photos.app.goo.gl\/Bus8N1vAiitx9LeEA\">Skift fra cykel til l\u00f8b<\/a><\/p>\n<p><a href=\"https:\/\/photos.app.goo.gl\/9rBZ2oTgCvgGLbrY9\">G\u00e5rde<\/a><\/p>\n<p><a href=\"https:\/\/photos.app.goo.gl\/W9oWvqvpjDFWbBcD8\">Stemnings billeder<\/a><\/p>\n<p><a href=\"https:\/\/photos.app.goo.gl\/EjZkKMYxCm7s37zB8\">Pr\u00e6mieoverr\u00e6kkelsen<\/a><\/p>\n","protected":false},"excerpt":{"rendered":"<p>Klarg\u00f8ring til Mini-Tri Mini-tri eftermiddag den 31-08-18 Kvie s\u00f8 Skift fra cykel til l\u00f8b G\u00e5rde Stemnings billeder Pr\u00e6mieoverr\u00e6kkelsen<\/p>\n","protected":false},"author":1,"featured_media":0,"parent":0,"menu_order":0,"comment_status":"closed","ping_status":"closed","template":"","meta":{"footnotes":""},"class_list":["post-995","page","type-page","status-publish","hentry"],"_links":{"self":[{"href":"https:\/\/www.tistrupby.dk\/index.php?rest_route=\/wp\/v2\/pages\/995","targetHints":{"allow":["GET"]}}],"collection":[{"href":"https:\/\/www.tistrupby.dk\/index.php?rest_route=\/wp\/v2\/pages"}],"about":[{"href":"https:\/\/www.tistrupby.dk\/index.php?rest_route=\/wp\/v2\/types\/page"}],"author":[{"embeddable":true,"href":"https:\/\/www.tistrupby.dk\/index.php?rest_route=\/wp\/v2\/users\/1"}],"replies":[{"embeddable":true,"href":"https:\/\/www.tistrupby.dk\/index.php?rest_route=%2Fwp%2Fv2%2Fcomments&post=995"}],"version-history":[{"count":9,"href":"https:\/\/www.tistrupby.dk\/index.php?rest_route=\/wp\/v2\/pages\/995\/revisions"}],"predecessor-version":[{"id":1015,"href":"https:\/\/www.tistrupby.dk\/index.php?rest_route=\/wp\/v2\/pages\/995\/revisions\/1015"}],"wp:attachment":[{"href":"https:\/\/www.tistrupby.dk\/index.php?rest_route=%2Fwp%2Fv2%2Fmedia&parent=995"}],"curies":[{"name":"wp","href":"https:\/\/api.w.org\/{rel}","templated":true}]}}