{"id":975,"date":"2018-06-24T14:42:46","date_gmt":"2018-06-24T12:42:46","guid":{"rendered":"http:\/\/www.tistrupby.dk\/?page_id=975"},"modified":"2018-06-24T14:55:37","modified_gmt":"2018-06-24T12:55:37","slug":"norge-2018","status":"publish","type":"page","link":"https:\/\/www.tistrupby.dk\/?page_id=975","title":{"rendered":"Norge 2018"},"content":{"rendered":"<p><a href=\"https:\/\/photos.app.goo.gl\/4sKQP4nidtv6rDKK8\">Turen op til Valldal den 02-06-18<\/a><\/p>\n<p><a href=\"https:\/\/photos.app.goo.gl\/8RrYFPto83RYx2Ab7\">Ved Hytten og Vika\/Valldal den 03-06-18<\/a><\/p>\n<p><a href=\"https:\/\/photos.app.goo.gl\/Cy32epBgUM3Ae6H59\">Troldstien den 04-06-18<\/a><\/p>\n<p><a href=\"https:\/\/photos.app.goo.gl\/LyWK9LSxHaUyf6RJ7\">Til s\u00e6teren den 04-06-18<\/a><\/p>\n<p><a href=\"https:\/\/photos.app.goo.gl\/PsWS2vNwi181g6k46\">Guldbrandtjuvet den 04-06-18<\/a><\/p>\n<p><a href=\"https:\/\/photos.app.goo.gl\/7TMjHtNSf8f4rXag6\">Geianger og rundt den 05-06-18<\/a><\/p>\n<p><a href=\"https:\/\/photos.app.goo.gl\/gLqQ815vGdAir27J9\">Tafjorden de 06-06-18<\/a><\/p>\n<p><a href=\"https:\/\/photos.app.goo.gl\/A2rnmDaLFm7yjPQc8\">Jagthytten den 07-06-18<\/a><\/p>\n<p><a href=\"https:\/\/photos.app.goo.gl\/w1vaaiW2KuGCTrhD6\">Hytten den 08-06-18<\/a><\/p>\n<p><a href=\"https:\/\/photos.app.goo.gl\/7cUvPSciESecKEr7A\">Rugg\u00e5 den 08-06-18<\/a><\/p>\n<p><a href=\"https:\/\/photos.app.goo.gl\/mEQk8U3TBQFF5qTS7\">Troldstien den 09-06-18<\/a><\/p>\n<p><a href=\"https:\/\/photos.app.goo.gl\/LH7ipfdM5m2MJVFq7\">Muldal den 10-06-18<\/a><\/p>\n<p><a href=\"https:\/\/photos.app.goo.gl\/du35S3sVhik1zSq86\">Strada den 11-06-18<\/a><\/p>\n<p><a href=\"https:\/\/photos.app.goo.gl\/6UgYQbQJbbeZVKzx6\">Rugg\u00e5 og s\u00e6teren den 12-06-18<\/a><\/p>\n<p><a href=\"https:\/\/photos.app.goo.gl\/Vu2s4M4FtWn7CWar7\">Jagthytten og udsigten den 13-06-18<\/a><\/p>\n<p><a href=\"https:\/\/photos.app.goo.gl\/XXiMae3LmWbatc2Z8\">Norge den 14-06-18<\/a><\/p>\n<p>&nbsp;<\/p>\n","protected":false},"excerpt":{"rendered":"<p>Turen op til Valldal den 02-06-18 Ved Hytten og Vika\/Valldal den 03-06-18 Troldstien den 04-06-18 Til s\u00e6teren den 04-06-18 Guldbrandtjuvet den 04-06-18 Geianger og rundt den 05-06-18 Tafjorden de 06-06-18 Jagthytten den 07-06-18 Hytten den 08-06-18 Rugg\u00e5 den 08-06-18 Troldstien den 09-06-18 Muldal den 10-06-18 Strada den 11-06-18 Rugg\u00e5 og s\u00e6teren den 12-06-18 Jagthytten og &hellip; <a href=\"https:\/\/www.tistrupby.dk\/?page_id=975\" class=\"more-link\">L\u00e6s videre <span class=\"screen-reader-text\">Norge 2018<\/span> <span class=\"meta-nav\">&rarr;<\/span><\/a><\/p>\n","protected":false},"author":1,"featured_media":0,"parent":0,"menu_order":0,"comment_status":"closed","ping_status":"closed","template":"","meta":{"footnotes":""},"class_list":["post-975","page","type-page","status-publish","hentry"],"_links":{"self":[{"href":"https:\/\/www.tistrupby.dk\/index.php?rest_route=\/wp\/v2\/pages\/975","targetHints":{"allow":["GET"]}}],"collection":[{"href":"https:\/\/www.tistrupby.dk\/index.php?rest_route=\/wp\/v2\/pages"}],"about":[{"href":"https:\/\/www.tistrupby.dk\/index.php?rest_route=\/wp\/v2\/types\/page"}],"author":[{"embeddable":true,"href":"https:\/\/www.tistrupby.dk\/index.php?rest_route=\/wp\/v2\/users\/1"}],"replies":[{"embeddable":true,"href":"https:\/\/www.tistrupby.dk\/index.php?rest_route=%2Fwp%2Fv2%2Fcomments&post=975"}],"version-history":[{"count":3,"href":"https:\/\/www.tistrupby.dk\/index.php?rest_route=\/wp\/v2\/pages\/975\/revisions"}],"predecessor-version":[{"id":978,"href":"https:\/\/www.tistrupby.dk\/index.php?rest_route=\/wp\/v2\/pages\/975\/revisions\/978"}],"wp:attachment":[{"href":"https:\/\/www.tistrupby.dk\/index.php?rest_route=%2Fwp%2Fv2%2Fmedia&parent=975"}],"curies":[{"name":"wp","href":"https:\/\/api.w.org\/{rel}","templated":true}]}}