{"id":879,"date":"2017-09-06T14:51:02","date_gmt":"2017-09-06T12:51:02","guid":{"rendered":"http:\/\/www.tistrupby.dk\/?page_id=879"},"modified":"2017-09-06T14:51:02","modified_gmt":"2017-09-06T12:51:02","slug":"sjaelland-2017","status":"publish","type":"page","link":"https:\/\/www.tistrupby.dk\/?page_id=879","title":{"rendered":"Sj\u00e6lland 2017"},"content":{"rendered":"<p><a href=\"https:\/\/photos.app.goo.gl\/d6ra9RDy4kSTZ7y63\">Nexel\u00f8<\/a><\/p>\n<p><a href=\"https:\/\/photos.app.goo.gl\/CHC2J6zcxNDEhPHF2\">Om\u00f8<\/a><\/p>\n<p><a href=\"https:\/\/photos.app.goo.gl\/rEzRVwUbXfyunjLl1\">Or\u00f8<\/a><\/p>\n<p><a href=\"https:\/\/photos.app.goo.gl\/VhrHBCH0Q3epfAbB2\">Agers\u00f8<\/a><\/p>\n<p><a href=\"https:\/\/photos.app.goo.gl\/y3M1TjT5oAfOBiKn1\">Psykiatrisk hospital<\/a><\/p>\n<p><a href=\"https:\/\/photos.app.goo.gl\/xZl5MneZBJHQqeut2\">Solnegang ved Esterh\u00f8j<\/a><\/p>\n<p><a href=\"https:\/\/photos.app.goo.gl\/O1EajaRtYFgzktXH2\">Dragsholm<\/a><\/p>\n<p><a href=\"https:\/\/photos.app.goo.gl\/Iw6YSabwJhBtn1Fd2\">Ullerup folket<\/a><\/p>\n<p><a href=\"https:\/\/photos.app.goo.gl\/korlWI6IXfSTYyW83\">Solnedgang ved Vig<\/a><\/p>\n<p><a href=\"https:\/\/photos.app.goo.gl\/diaC63L8uAhSwq4l1\">Odden<\/a><\/p>\n<p>&nbsp;<\/p>\n<p>&nbsp;<\/p>\n","protected":false},"excerpt":{"rendered":"<p>Nexel\u00f8 Om\u00f8 Or\u00f8 Agers\u00f8 Psykiatrisk hospital Solnegang ved Esterh\u00f8j Dragsholm Ullerup folket Solnedgang ved Vig Odden &nbsp; &nbsp;<\/p>\n","protected":false},"author":1,"featured_media":0,"parent":0,"menu_order":0,"comment_status":"closed","ping_status":"closed","template":"","meta":{"footnotes":""},"class_list":["post-879","page","type-page","status-publish","hentry"],"_links":{"self":[{"href":"https:\/\/www.tistrupby.dk\/index.php?rest_route=\/wp\/v2\/pages\/879","targetHints":{"allow":["GET"]}}],"collection":[{"href":"https:\/\/www.tistrupby.dk\/index.php?rest_route=\/wp\/v2\/pages"}],"about":[{"href":"https:\/\/www.tistrupby.dk\/index.php?rest_route=\/wp\/v2\/types\/page"}],"author":[{"embeddable":true,"href":"https:\/\/www.tistrupby.dk\/index.php?rest_route=\/wp\/v2\/users\/1"}],"replies":[{"embeddable":true,"href":"https:\/\/www.tistrupby.dk\/index.php?rest_route=%2Fwp%2Fv2%2Fcomments&post=879"}],"version-history":[{"count":1,"href":"https:\/\/www.tistrupby.dk\/index.php?rest_route=\/wp\/v2\/pages\/879\/revisions"}],"predecessor-version":[{"id":880,"href":"https:\/\/www.tistrupby.dk\/index.php?rest_route=\/wp\/v2\/pages\/879\/revisions\/880"}],"wp:attachment":[{"href":"https:\/\/www.tistrupby.dk\/index.php?rest_route=%2Fwp%2Fv2%2Fmedia&parent=879"}],"curies":[{"name":"wp","href":"https:\/\/api.w.org\/{rel}","templated":true}]}}