{"id":850,"date":"2017-08-07T18:19:43","date_gmt":"2017-08-07T16:19:43","guid":{"rendered":"http:\/\/www.tistrupby.dk\/?page_id=850"},"modified":"2017-08-12T11:21:59","modified_gmt":"2017-08-12T09:21:59","slug":"tistrup-byfest-2017","status":"publish","type":"page","link":"https:\/\/www.tistrupby.dk\/?page_id=850","title":{"rendered":"Tistrup byfest 2017"},"content":{"rendered":"<p><a href=\"https:\/\/goo.gl\/photos\/yu7Mp2MEZ9Hp9ez29\">Banko tirsdag<\/a><\/p>\n<p><a href=\"https:\/\/goo.gl\/photos\/uFaYvUfPeHwStzuBA\">Sildebord\/p\u00e5l\u00e6gsbord torsdag<\/a><\/p>\n<p><a href=\"https:\/\/goo.gl\/photos\/5i9yGa9wZbsu7KJN7\">Fredag middag p\u00e5 torvet<\/a><\/p>\n<p><a href=\"https:\/\/goo.gl\/photos\/fr98BM5eKqRVcm4H8\">Kagebord<\/a><\/p>\n<p><a href=\"https:\/\/goo.gl\/photos\/zJ1VjfBprpfETWjV6\">Pattegris fredag<\/a><\/p>\n<p><a href=\"https:\/\/goo.gl\/photos\/sQBRKqKYkpxrmAPj7\">L\u00f8rdag p\u00e5 torvet<\/a><\/p>\n","protected":false},"excerpt":{"rendered":"<p>Banko tirsdag Sildebord\/p\u00e5l\u00e6gsbord torsdag Fredag middag p\u00e5 torvet Kagebord Pattegris fredag L\u00f8rdag p\u00e5 torvet<\/p>\n","protected":false},"author":1,"featured_media":0,"parent":0,"menu_order":0,"comment_status":"closed","ping_status":"closed","template":"","meta":{"footnotes":""},"class_list":["post-850","page","type-page","status-publish","hentry"],"_links":{"self":[{"href":"https:\/\/www.tistrupby.dk\/index.php?rest_route=\/wp\/v2\/pages\/850","targetHints":{"allow":["GET"]}}],"collection":[{"href":"https:\/\/www.tistrupby.dk\/index.php?rest_route=\/wp\/v2\/pages"}],"about":[{"href":"https:\/\/www.tistrupby.dk\/index.php?rest_route=\/wp\/v2\/types\/page"}],"author":[{"embeddable":true,"href":"https:\/\/www.tistrupby.dk\/index.php?rest_route=\/wp\/v2\/users\/1"}],"replies":[{"embeddable":true,"href":"https:\/\/www.tistrupby.dk\/index.php?rest_route=%2Fwp%2Fv2%2Fcomments&post=850"}],"version-history":[{"count":9,"href":"https:\/\/www.tistrupby.dk\/index.php?rest_route=\/wp\/v2\/pages\/850\/revisions"}],"predecessor-version":[{"id":871,"href":"https:\/\/www.tistrupby.dk\/index.php?rest_route=\/wp\/v2\/pages\/850\/revisions\/871"}],"wp:attachment":[{"href":"https:\/\/www.tistrupby.dk\/index.php?rest_route=%2Fwp%2Fv2%2Fmedia&parent=850"}],"curies":[{"name":"wp","href":"https:\/\/api.w.org\/{rel}","templated":true}]}}