{"id":831,"date":"2017-06-30T16:17:24","date_gmt":"2017-06-30T14:17:24","guid":{"rendered":"http:\/\/www.tistrupby.dk\/?page_id=831"},"modified":"2017-06-30T16:33:01","modified_gmt":"2017-06-30T14:33:01","slug":"norge-2017","status":"publish","type":"page","link":"https:\/\/www.tistrupby.dk\/?page_id=831","title":{"rendered":"Norge 2017"},"content":{"rendered":"<p><a href=\"https:\/\/goo.gl\/photos\/11oX1rGjeaSNRUtN6\">Norge den 22-06-17 Fra hytten til broen<\/a><\/p>\n<p><a href=\"https:\/\/goo.gl\/photos\/UiaYQaSBuae5jUNw9\">Norge den 22-06-17 Kv\u00e6rnhuset<\/a><\/p>\n<p><a href=\"https:\/\/goo.gl\/photos\/rsZoQS1DcwF2BNECA\">Norge den 22-06-17 Vang M\u00f8sa<\/a><\/p>\n<p><a href=\"https:\/\/goo.gl\/photos\/GhAdSLL84eZGvgpW8\">Norge den 21-06-17 Stavkirke<\/a><\/p>\n<p><a href=\"https:\/\/goo.gl\/photos\/TA2aA2ktixRbUXKQA\">Norge den 21-06-17 L\u00e6rdal<\/a><\/p>\n<p><a href=\"https:\/\/goo.gl\/photos\/ERHK35bVAFHksgKu8\">Norge den 20-06-17 Helin sten<\/a><\/p>\n<p><a href=\"https:\/\/goo.gl\/photos\/6rnudm78fZu7MTBw9\">Norge den 18-06-17<\/a><\/p>\n<p><a href=\"https:\/\/goo.gl\/photos\/WSyKc5cFFDeS5hDF8\">Norge den 17-06-17 Slettefjell<\/a><\/p>\n<p><a href=\"https:\/\/goo.gl\/photos\/wL6sB55oNWSfKntL6\">Norge den 17-06-17 rundt ved hytten<\/a><\/p>\n<p><a href=\"https:\/\/goo.gl\/photos\/eEfCpCV2FEHm1BvQ9\">Morgen den 16-06-17<\/a><\/p>\n<p><a href=\"https:\/\/goo.gl\/photos\/rYnM6ZcJVu1TGCKZ7\">Norge den 15-06-17 fra hytte til kirken<\/a><\/p>\n<p><a href=\"https:\/\/goo.gl\/photos\/4yWSW8xmrPtaDqJL8\">Norge den 15-06-17 s\u00f8lv, tr\u00e6<\/a><\/p>\n<p><a href=\"https:\/\/goo.gl\/photos\/M3XxVPizh4gbYhKs6\">Norge 2017<\/a><\/p>\n<p><a href=\"https:\/\/goo.gl\/photos\/tNCQzugCvbBcPCy57\">Norge den 14-06-17 fra hytten til elv<\/a><\/p>\n<p><a href=\"https:\/\/goo.gl\/photos\/XukoeSbmUuGD2dBZA\">Norge den 12-06-17 Tyinst\u00f8lsn\u00f8se<\/a><\/p>\n<p><a href=\"https:\/\/goo.gl\/photos\/DPBhCvYVg6Drr6if8\">Norge den 12-06-17 rundt ved hytten<\/a><\/p>\n<p><a href=\"https:\/\/goo.gl\/photos\/Tg7pJz1b9BGJNXnZ6\">Norge den 12-06-17 Panoramavejen<\/a><\/p>\n<p><a href=\"https:\/\/goo.gl\/photos\/AXrdGSbUwMGaG4iZA\">Norge den 12-06-17 vej til fagerness<\/a><\/p>\n<p><a href=\"https:\/\/goo.gl\/photos\/Qxobh8t8fQ3mXRs79\">Norge den 11-06-17 rundt om s\u00f8en<\/a><\/p>\n<p><a href=\"https:\/\/goo.gl\/photos\/CfJtqT58s3sRnRSE9\">Norge den 11-06-17 om til kirken<\/a><\/p>\n<p><a href=\"https:\/\/goo.gl\/photos\/QzEMj1fjMiuxozJv7\">Norge den 11-06-17 Tyind krydset<\/a><\/p>\n<p><a href=\"https:\/\/goo.gl\/photos\/x9bUxN84V1XTbtqq8\">Norge den 11-06-17 huset<\/a><\/p>\n<p><a href=\"https:\/\/goo.gl\/photos\/PgHEjxonnB9X392q8\">Norge den 10-06-17<\/a><\/p>\n<p><a href=\"https:\/\/goo.gl\/photos\/9R3SczCX8XBTFgJ57\">Norge den 23-06-17 hytten<\/a><\/p>\n","protected":false},"excerpt":{"rendered":"<p>Norge den 22-06-17 Fra hytten til broen Norge den 22-06-17 Kv\u00e6rnhuset Norge den 22-06-17 Vang M\u00f8sa Norge den 21-06-17 Stavkirke Norge den 21-06-17 L\u00e6rdal Norge den 20-06-17 Helin sten Norge den 18-06-17 Norge den 17-06-17 Slettefjell Norge den 17-06-17 rundt ved hytten Morgen den 16-06-17 Norge den 15-06-17 fra hytte til kirken Norge den 15-06-17 &hellip; <a href=\"https:\/\/www.tistrupby.dk\/?page_id=831\" class=\"more-link\">L\u00e6s videre <span class=\"screen-reader-text\">Norge 2017<\/span> <span class=\"meta-nav\">&rarr;<\/span><\/a><\/p>\n","protected":false},"author":1,"featured_media":0,"parent":0,"menu_order":0,"comment_status":"closed","ping_status":"closed","template":"","meta":{"footnotes":""},"class_list":["post-831","page","type-page","status-publish","hentry"],"_links":{"self":[{"href":"https:\/\/www.tistrupby.dk\/index.php?rest_route=\/wp\/v2\/pages\/831","targetHints":{"allow":["GET"]}}],"collection":[{"href":"https:\/\/www.tistrupby.dk\/index.php?rest_route=\/wp\/v2\/pages"}],"about":[{"href":"https:\/\/www.tistrupby.dk\/index.php?rest_route=\/wp\/v2\/types\/page"}],"author":[{"embeddable":true,"href":"https:\/\/www.tistrupby.dk\/index.php?rest_route=\/wp\/v2\/users\/1"}],"replies":[{"embeddable":true,"href":"https:\/\/www.tistrupby.dk\/index.php?rest_route=%2Fwp%2Fv2%2Fcomments&post=831"}],"version-history":[{"count":3,"href":"https:\/\/www.tistrupby.dk\/index.php?rest_route=\/wp\/v2\/pages\/831\/revisions"}],"predecessor-version":[{"id":837,"href":"https:\/\/www.tistrupby.dk\/index.php?rest_route=\/wp\/v2\/pages\/831\/revisions\/837"}],"wp:attachment":[{"href":"https:\/\/www.tistrupby.dk\/index.php?rest_route=%2Fwp%2Fv2%2Fmedia&parent=831"}],"curies":[{"name":"wp","href":"https:\/\/api.w.org\/{rel}","templated":true}]}}