{"id":800,"date":"2017-04-28T19:43:35","date_gmt":"2017-04-28T17:43:35","guid":{"rendered":"http:\/\/www.tistrupby.dk\/?page_id=800"},"modified":"2017-04-28T19:43:35","modified_gmt":"2017-04-28T17:43:35","slug":"dronninglund","status":"publish","type":"page","link":"https:\/\/www.tistrupby.dk\/?page_id=800","title":{"rendered":"Dronninglund"},"content":{"rendered":"<p><a href=\"https:\/\/goo.gl\/photos\/v5obsqTUCEXALH3e7\">Dronninglund Slot den 28-04-2017<\/a><\/p>\n<p><a href=\"https:\/\/goo.gl\/photos\/EPkCY3f81E2e8RGcA\">Den genfundne bro den 28-04-2017<\/a><\/p>\n<p><a href=\"https:\/\/goo.gl\/photos\/PLNrSsSRyqEvto366\">Thorup Strand den 27-04-2017<\/a><\/p>\n<p><a href=\"https:\/\/goo.gl\/photos\/nwTZsxBcVSyrL4Ri8\">M\u00e5rup Kirke den 27-04-2017<\/a><\/p>\n<p><a href=\"https:\/\/goo.gl\/photos\/mWssdeY5pQrPrVvX8\">Hirtshals Fyr den 27-04-2017<\/a><\/p>\n<p><a href=\"https:\/\/goo.gl\/photos\/uvQB6ji32NQPdTQBA\">R\u00e5llingen, Vindm\u00f8lle<\/a><\/p>\n<p><a href=\"https:\/\/goo.gl\/photos\/CCb5rdq1vsbtYZxx6\">Bindslev Gamle Elv\u00e6rk<\/a><\/p>\n<p><a href=\"https:\/\/goo.gl\/photos\/2eyUcHBah7qJvsZk8\">Hals den 26-04-2017<\/a><\/p>\n<p>&nbsp;<\/p>\n<p>&nbsp;<\/p>\n","protected":false},"excerpt":{"rendered":"<p>Dronninglund Slot den 28-04-2017 Den genfundne bro den 28-04-2017 Thorup Strand den 27-04-2017 M\u00e5rup Kirke den 27-04-2017 Hirtshals Fyr den 27-04-2017 R\u00e5llingen, Vindm\u00f8lle Bindslev Gamle Elv\u00e6rk Hals den 26-04-2017 &nbsp; &nbsp;<\/p>\n","protected":false},"author":1,"featured_media":0,"parent":0,"menu_order":0,"comment_status":"closed","ping_status":"closed","template":"","meta":{"footnotes":""},"class_list":["post-800","page","type-page","status-publish","hentry"],"_links":{"self":[{"href":"https:\/\/www.tistrupby.dk\/index.php?rest_route=\/wp\/v2\/pages\/800","targetHints":{"allow":["GET"]}}],"collection":[{"href":"https:\/\/www.tistrupby.dk\/index.php?rest_route=\/wp\/v2\/pages"}],"about":[{"href":"https:\/\/www.tistrupby.dk\/index.php?rest_route=\/wp\/v2\/types\/page"}],"author":[{"embeddable":true,"href":"https:\/\/www.tistrupby.dk\/index.php?rest_route=\/wp\/v2\/users\/1"}],"replies":[{"embeddable":true,"href":"https:\/\/www.tistrupby.dk\/index.php?rest_route=%2Fwp%2Fv2%2Fcomments&post=800"}],"version-history":[{"count":1,"href":"https:\/\/www.tistrupby.dk\/index.php?rest_route=\/wp\/v2\/pages\/800\/revisions"}],"predecessor-version":[{"id":801,"href":"https:\/\/www.tistrupby.dk\/index.php?rest_route=\/wp\/v2\/pages\/800\/revisions\/801"}],"wp:attachment":[{"href":"https:\/\/www.tistrupby.dk\/index.php?rest_route=%2Fwp%2Fv2%2Fmedia&parent=800"}],"curies":[{"name":"wp","href":"https:\/\/api.w.org\/{rel}","templated":true}]}}