{"id":722,"date":"2017-03-19T21:53:33","date_gmt":"2017-03-19T19:53:33","guid":{"rendered":"http:\/\/www.tistrupby.dk\/?page_id=722"},"modified":"2024-07-22T07:24:54","modified_gmt":"2024-07-22T05:24:54","slug":"folder-til-stier","status":"publish","type":"page","link":"https:\/\/www.tistrupby.dk\/?page_id=722","title":{"rendered":"Folder til stier"},"content":{"rendered":"\n<p><a href=\"https:\/\/www.tistrupby.dk\/?page_id=1916\" data-type=\"page\" data-id=\"1916\">Ny folder til traveture ved N\u00f8rholm Skov, Eng, Hede og Vandm\u00f8lle<\/a><\/p>\n\n\n<p><a href=\"http:\/\/www.tistrupby.dk\/?page_id=753\">Folder til tur ved N\u00f8rholm<\/a><\/p>\n<p><a href=\"http:\/\/www.tistrupby.dk\/?page_id=823\">Folder \u00c5lling s\u00f8<\/a><\/p>\n<p><a href=\"http:\/\/www.tistrupby.dk\/?page_id=820\">Folder Letb\u00e6k S\u00f8 og Krarup Lund Skov<\/a><\/p>\n<p><a href=\"http:\/\/www.tistrupby.dk\/?page_id=923\">Folder Letb\u00e6k S\u00f8<\/a><\/p>\n<p><a href=\"http:\/\/www.tistrupby.dk\/wp-content\/uploads\/2020\/10\/Bjerremossevej-agerkrog1.pdf\">Folder til Bjerremose\/Agerkrog, Spejderhytten<\/a><\/p>\n\n\n<p><a href=\"http:\/\/www.tistrupby.dk\/wp-content\/uploads\/2020\/10\/letbaek-og-krarup-red1.doc.pdf\">Folder til Letb\u00e6ks\u00f8, Krarup Lund Skov, Assenb\u00e6k og Magrethe Skoven<\/a><\/p>\n\n\n\n<p><a href=\"http:\/\/www.tistrupby.dk\/?page_id=1293\" data-type=\"page\" data-id=\"1293\">Folder til sti til Assenb\u00e6k forbi s\u00f8en<\/a><\/p>\n\n\n\n<p><a href=\"http:\/\/www.tistrupby.dk\/?page_id=1301\" data-type=\"page\" data-id=\"1301\">Folder til Karlsg\u00e5rde s\u00f8<\/a><\/p>\n\n\n\n<p><a href=\"http:\/\/www.tistrupby.dk\/?page_id=1323\" data-type=\"page\" data-id=\"1323\">Assenb\u00e6k, den &#8220;hemmelige s\u00f8, Margrethe skoven samt Kildelunden<\/a><\/p>\n","protected":false},"excerpt":{"rendered":"<p>Ny folder til traveture ved N\u00f8rholm Skov, Eng, Hede og Vandm\u00f8lle Folder til tur ved N\u00f8rholm Folder \u00c5lling s\u00f8 Folder Letb\u00e6k S\u00f8 og Krarup Lund Skov Folder Letb\u00e6k S\u00f8 Folder til Bjerremose\/Agerkrog, Spejderhytten Folder til Letb\u00e6ks\u00f8, Krarup Lund Skov, Assenb\u00e6k og Magrethe Skoven Folder til sti til Assenb\u00e6k forbi s\u00f8en Folder til Karlsg\u00e5rde s\u00f8 Assenb\u00e6k, &hellip; <a href=\"https:\/\/www.tistrupby.dk\/?page_id=722\" class=\"more-link\">L\u00e6s videre <span class=\"screen-reader-text\">Folder til stier<\/span> <span class=\"meta-nav\">&rarr;<\/span><\/a><\/p>\n","protected":false},"author":1,"featured_media":0,"parent":0,"menu_order":0,"comment_status":"closed","ping_status":"closed","template":"","meta":{"footnotes":""},"class_list":["post-722","page","type-page","status-publish","hentry"],"_links":{"self":[{"href":"https:\/\/www.tistrupby.dk\/index.php?rest_route=\/wp\/v2\/pages\/722","targetHints":{"allow":["GET"]}}],"collection":[{"href":"https:\/\/www.tistrupby.dk\/index.php?rest_route=\/wp\/v2\/pages"}],"about":[{"href":"https:\/\/www.tistrupby.dk\/index.php?rest_route=\/wp\/v2\/types\/page"}],"author":[{"embeddable":true,"href":"https:\/\/www.tistrupby.dk\/index.php?rest_route=\/wp\/v2\/users\/1"}],"replies":[{"embeddable":true,"href":"https:\/\/www.tistrupby.dk\/index.php?rest_route=%2Fwp%2Fv2%2Fcomments&post=722"}],"version-history":[{"count":18,"href":"https:\/\/www.tistrupby.dk\/index.php?rest_route=\/wp\/v2\/pages\/722\/revisions"}],"predecessor-version":[{"id":1926,"href":"https:\/\/www.tistrupby.dk\/index.php?rest_route=\/wp\/v2\/pages\/722\/revisions\/1926"}],"wp:attachment":[{"href":"https:\/\/www.tistrupby.dk\/index.php?rest_route=%2Fwp%2Fv2%2Fmedia&parent=722"}],"curies":[{"name":"wp","href":"https:\/\/api.w.org\/{rel}","templated":true}]}}