{"id":677,"date":"2016-11-13T19:25:04","date_gmt":"2016-11-13T17:25:04","guid":{"rendered":"http:\/\/www.tistrupby.dk\/?page_id=677"},"modified":"2017-06-30T16:24:11","modified_gmt":"2017-06-30T14:24:11","slug":"tistrup-anlaeg","status":"publish","type":"page","link":"https:\/\/www.tistrupby.dk\/?page_id=677","title":{"rendered":"Tistrup Anl\u00e6g"},"content":{"rendered":"<p><a href=\"https:\/\/goo.gl\/photos\/qdxPSSSETt3c4jhN8\">Anl\u00e6gget den 12-11-16<\/a><\/p>\n<p><a href=\"https:\/\/goo.gl\/photos\/PPLgCJUoX1syVUEAA\">Anl\u00e6gget den 02-12-16<\/a><\/p>\n<p><a href=\"https:\/\/goo.gl\/photos\/mKrDR5jPjUgUuEGy5\">Anl\u00e6gget den 04-12-16<\/a><\/p>\n<p><a href=\"https:\/\/goo.gl\/photos\/eezXj2eunnDXYTzNA\">Anl\u00e6gget den 08-12-16<\/a><\/p>\n<p><a href=\"https:\/\/goo.gl\/photos\/ZpThsK66cTMFrtKP8\">Anl\u00e6gget den 15-12-16<\/a><\/p>\n<p><a href=\"https:\/\/goo.gl\/photos\/SdrCtJf6wCEoqXg26\">Anl\u00e6gget den 22-01-17<\/a><\/p>\n<p><a href=\"https:\/\/goo.gl\/photos\/qJfvhDikmD9UMCve7\">Anl\u00e6gget den 04-03-17<\/a><\/p>\n<p><a href=\"https:\/\/goo.gl\/photos\/MwsHkX2iD4B43f2aA\">Anl\u00e6gget den 14-04-17<\/a><\/p>\n<p><a href=\"https:\/\/goo.gl\/photos\/j31pRvdX81nQtwPE9\">Anl\u00e6gget den 21-04-17<\/a><\/p>\n<p><a href=\"https:\/\/goo.gl\/photos\/q1gMGQPYqkAxJKFd8\">Anl\u00e6gget den 22-04-17<\/a><\/p>\n<p><a href=\"https:\/\/goo.gl\/photos\/aKiQWLYA4ddJ6TdV8\">Anl\u00e6gget den 29-04-17<\/a><\/p>\n<p><a href=\"https:\/\/goo.gl\/photos\/CZTwfcZVB1H6zRMP9\">Anl\u00e6gget den 07-05-17<\/a><\/p>\n<p><a href=\"https:\/\/goo.gl\/photos\/go3LudasJV9Gtpk47\">Anl\u00e6gget den 27-05-17<\/a><\/p>\n<p><a href=\"https:\/\/goo.gl\/photos\/CrVtK4oCmbYuAKuE8\">Anl\u00e6gget den 26-06-17<\/a><\/p>\n<p>&nbsp;<\/p>\n<p>&nbsp;<\/p>\n","protected":false},"excerpt":{"rendered":"<p>Anl\u00e6gget den 12-11-16 Anl\u00e6gget den 02-12-16 Anl\u00e6gget den 04-12-16 Anl\u00e6gget den 08-12-16 Anl\u00e6gget den 15-12-16 Anl\u00e6gget den 22-01-17 Anl\u00e6gget den 04-03-17 Anl\u00e6gget den 14-04-17 Anl\u00e6gget den 21-04-17 Anl\u00e6gget den 22-04-17 Anl\u00e6gget den 29-04-17 Anl\u00e6gget den 07-05-17 Anl\u00e6gget den 27-05-17 Anl\u00e6gget den 26-06-17 &nbsp; &nbsp;<\/p>\n","protected":false},"author":1,"featured_media":0,"parent":0,"menu_order":0,"comment_status":"closed","ping_status":"closed","template":"","meta":{"footnotes":""},"class_list":["post-677","page","type-page","status-publish","hentry"],"_links":{"self":[{"href":"https:\/\/www.tistrupby.dk\/index.php?rest_route=\/wp\/v2\/pages\/677","targetHints":{"allow":["GET"]}}],"collection":[{"href":"https:\/\/www.tistrupby.dk\/index.php?rest_route=\/wp\/v2\/pages"}],"about":[{"href":"https:\/\/www.tistrupby.dk\/index.php?rest_route=\/wp\/v2\/types\/page"}],"author":[{"embeddable":true,"href":"https:\/\/www.tistrupby.dk\/index.php?rest_route=\/wp\/v2\/users\/1"}],"replies":[{"embeddable":true,"href":"https:\/\/www.tistrupby.dk\/index.php?rest_route=%2Fwp%2Fv2%2Fcomments&post=677"}],"version-history":[{"count":7,"href":"https:\/\/www.tistrupby.dk\/index.php?rest_route=\/wp\/v2\/pages\/677\/revisions"}],"predecessor-version":[{"id":835,"href":"https:\/\/www.tistrupby.dk\/index.php?rest_route=\/wp\/v2\/pages\/677\/revisions\/835"}],"wp:attachment":[{"href":"https:\/\/www.tistrupby.dk\/index.php?rest_route=%2Fwp%2Fv2%2Fmedia&parent=677"}],"curies":[{"name":"wp","href":"https:\/\/api.w.org\/{rel}","templated":true}]}}