{"id":58,"date":"2016-09-09T14:39:48","date_gmt":"2016-09-09T14:39:48","guid":{"rendered":"http:\/\/www.tistrupby.dk\/?page_id=58"},"modified":"2016-09-09T14:57:22","modified_gmt":"2016-09-09T14:57:22","slug":"minitri-2016","status":"publish","type":"page","link":"https:\/\/www.tistrupby.dk\/?page_id=58","title":{"rendered":"Minitri 2016"},"content":{"rendered":"<p><a href=\"https:\/\/photos.google.com\/share\/AF1QipPGOwp4yvENjtcWMnI1CGX6WN4WyHNBamJj70mHzXUdtGGvMhsadcvyoh6LKyUv-Q?key=MGNMQlJMVTAyR2FPaEt5YnVpcTBKRllMQTY5RWdB\">Minitri inden start 2016<\/a><\/p>\n<p><a href=\"https:\/\/photos.google.com\/share\/AF1QipNrKScgqqbYqoZbUEBOCTcK5tidrcpvgUUWA6I7UpO9V7pXILPcYtyLP7-kPHn4lg?key=WUk0SmFHRkg4bFBPS0t1b3dSY3VfMGE3WEIwNnV3\">Pr\u00e6mieoverr\u00e6kkelsen 2016<\/a><\/p>\n<p><a href=\"https:\/\/photos.google.com\/share\/AF1QipMDg0kR0WS3besFSV_Yx3HmAwFMGqwqQA6PfKrw0oNZ-COTWlsUvnd_tNXDSdsX9w?key=c0ZWeUt4MG80R2VRRXhFMmdGZnA5YmlGY2dDMFFn\">Minitri stemning og hygge<\/a>\u00a02016<\/p>\n<p><a href=\"https:\/\/photos.google.com\/share\/AF1QipOvm64tnqL9Y_gwJ4jQ3L98loHQruqv-ZzZ-3YL_ZIgIbyddl4rMPs75TN-Re9voQ?key=MzI1V2M2R1M2MFNRUXk2cmdIOVIyNW9rTlJDVFd3\">Minitri S\u00f8en 2016<\/a><\/p>\n<p><a href=\"https:\/\/photos.google.com\/share\/AF1QipONiKGcWfI1z1PiI_OixjfQrYdViRVua23bul2_VRFZqr-07gIay4M2f9lt3rRWEw?key=ZjVmN25nQXpObDh0dnBRM2wtZ3RiN2Y4c0U4NGxn\">Minitri Ruten 2016 (J\u00d8)<\/a><\/p>\n<p><a href=\"https:\/\/photos.google.com\/share\/AF1QipN1HBfN2fObUdoqLMBREt1cJ-9oEn15M96LSPSViB_SR9IU0rbYXY-Q_NwXqXzlYQ?key=WGxyVGR2V0p1WkE4dnZoM0k5OGtURHF3OVVQRGFB\">Minitri Ruten 2016 (BR)<\/a><\/p>\n<p><a href=\"https:\/\/photos.google.com\/share\/AF1QipOvm64tnqL9Y_gwJ4jQ3L98loHQruqv-ZzZ-3YL_ZIgIbyddl4rMPs75TN-Re9voQ?key=MzI1V2M2R1M2MFNRUXk2cmdIOVIyNW9rTlJDVFd3\">Minitri G\u00e5rde 1 2016<\/a><\/p>\n<p><a href=\"https:\/\/photos.google.com\/share\/AF1QipNxCs81plqQLef2plqxihcP6aSIBM15mgnfjDf6dlXxs7_0nSsYxE0VflJ8veBn0g?key=ZzIxa0dGTEl6eVRJOFNpdmlqT09lWFh6Y1l3a1NB\">Minitri G\u00e5rde 2 2016<\/a><\/p>\n<p><a href=\"https:\/\/photos.google.com\/share\/AF1QipODkC4U3_1Cbau4gS_s7jYk0q1Ovf1bIugFxFlb-46cUzl6fSr6WS4YbsfpNBKc6Q?key=djlwNVl0UUxpZExkaUgzQ2VnLTJQRWVueWFOelpR\">Minitri M\u00e5lfotos 1 2016<\/a><\/p>\n<p><a href=\"https:\/\/photos.google.com\/share\/AF1QipPV27JDgpKrMWJfW8R8M41uUUc4_7AGKgv4jawdiUMim55bYFHk5HHLga_eGnUGLw?key=WTh0UDA4VmNrUjlGeEdXZnRMYlFZNjNLbk1SWm1R\">Minitri M\u00e5lfotos 2 2016<\/a><\/p>\n<p><a href=\"https:\/\/photos.google.com\/share\/AF1QipNHHf_LVEg2UFirJd04bk11--QZtTQnLTx5unAtuXVlbvNW4i7LXlAqNfXh-vU2tg?key=MW44aENpdnNKRWFGN2c0cHR1RWpyalhZNjNYcWxB\">Minitri B\u00f8rn 1 2016<\/a><\/p>\n<p><a href=\"https:\/\/photos.google.com\/share\/AF1QipPjfv-Ab6G0HNrS0yGfRwM6jO7oN20fv0LqUMwlWZ3GMGd9ivzHvcHuAXMWDZ5ezw?key=Wm1JTXZjMVhLR0xtbjVsSFU3c1RfTFVwUE02MktR\">Minitri B\u00f8rn 2 2016<\/a><\/p>\n<p><a href=\"https:\/\/photos.google.com\/share\/AF1QipNYrJVsQ3iBJBpuFVusl-iGTsO87DAMHW3FaWuArRxrE4wpgPRHp87ffhNFfoxxRg?key=RXdsSWk5ZklwN3RUVHlKZjdyYXdpclY3MUUwblB3\">Minitri B\u00f8rn 3 2016<\/a><\/p>\n<p><a href=\"https:\/\/photos.google.com\/share\/AF1QipPVMudnVbNi8s7pKjTAvLGeiVf9QbbxJ-e-dt7BQbRJODUPQR2gUA7ZPvBLevEMtA?key=UjlCSXFVeTEtZWkybU9Lbm1wYy1IWEQxZTlxOUtB\">Minitri ledergruppen 2016<\/a><\/p>\n<p>&nbsp;<\/p>\n","protected":false},"excerpt":{"rendered":"<p>Minitri inden start 2016 Pr\u00e6mieoverr\u00e6kkelsen 2016 Minitri stemning og hygge\u00a02016 Minitri S\u00f8en 2016 Minitri Ruten 2016 (J\u00d8) Minitri Ruten 2016 (BR) Minitri G\u00e5rde 1 2016 Minitri G\u00e5rde 2 2016 Minitri M\u00e5lfotos 1 2016 Minitri M\u00e5lfotos 2 2016 Minitri B\u00f8rn 1 2016 Minitri B\u00f8rn 2 2016 Minitri B\u00f8rn 3 2016 Minitri ledergruppen 2016 &nbsp;<\/p>\n","protected":false},"author":1,"featured_media":0,"parent":0,"menu_order":0,"comment_status":"closed","ping_status":"closed","template":"","meta":{"footnotes":""},"class_list":["post-58","page","type-page","status-publish","hentry"],"_links":{"self":[{"href":"https:\/\/www.tistrupby.dk\/index.php?rest_route=\/wp\/v2\/pages\/58","targetHints":{"allow":["GET"]}}],"collection":[{"href":"https:\/\/www.tistrupby.dk\/index.php?rest_route=\/wp\/v2\/pages"}],"about":[{"href":"https:\/\/www.tistrupby.dk\/index.php?rest_route=\/wp\/v2\/types\/page"}],"author":[{"embeddable":true,"href":"https:\/\/www.tistrupby.dk\/index.php?rest_route=\/wp\/v2\/users\/1"}],"replies":[{"embeddable":true,"href":"https:\/\/www.tistrupby.dk\/index.php?rest_route=%2Fwp%2Fv2%2Fcomments&post=58"}],"version-history":[{"count":16,"href":"https:\/\/www.tistrupby.dk\/index.php?rest_route=\/wp\/v2\/pages\/58\/revisions"}],"predecessor-version":[{"id":76,"href":"https:\/\/www.tistrupby.dk\/index.php?rest_route=\/wp\/v2\/pages\/58\/revisions\/76"}],"wp:attachment":[{"href":"https:\/\/www.tistrupby.dk\/index.php?rest_route=%2Fwp%2Fv2%2Fmedia&parent=58"}],"curies":[{"name":"wp","href":"https:\/\/api.w.org\/{rel}","templated":true}]}}