{"id":510,"date":"2016-10-06T18:33:46","date_gmt":"2016-10-06T16:33:46","guid":{"rendered":"http:\/\/www.tistrupby.dk\/?page_id=510"},"modified":"2016-10-06T18:56:28","modified_gmt":"2016-10-06T16:56:28","slug":"510-2","status":"publish","type":"page","link":"https:\/\/www.tistrupby.dk\/?page_id=510","title":{"rendered":"Videoer fra Tistrup"},"content":{"rendered":"<p><a href=\"https:\/\/goo.gl\/photos\/bP1wY758DsrCyiK86\">\u00e5rets gang i og omkring Tistrup<\/a><\/p>\n<p><a href=\"https:\/\/goo.gl\/photos\/dSpp4HZk1aHn2ZfWA\">Snorup b\u00e6k og s\u00f8<\/a><\/p>\n<p><a href=\"https:\/\/goo.gl\/photos\/vvWMerbXYnXizJsD9\">Fra Hulvig til Vandm\u00f8llen<\/a><\/p>\n<p><a href=\"https:\/\/goo.gl\/photos\/sGrJFF3riUxR8TSr7\">Krauplund vej Skov<\/a><\/p>\n<p><a href=\"https:\/\/goo.gl\/photos\/GfgH1vpjyzcjUnzAA\">Tur ved N\u00f8rHolm<\/a><\/p>\n<p><a href=\"https:\/\/goo.gl\/photos\/aytVeD8TnShGPipX6\">Fototur ved N\u00f8rholm<\/a><\/p>\n<p><a href=\"https:\/\/goo.gl\/photos\/XKPKvAa3F78vDw5U8\">Renovering af Storegade Tistrup<\/a><\/p>\n<p><a href=\"https:\/\/goo.gl\/photos\/vT5NRSycFowPK6u17\">Letb\u00e6k<\/a><\/p>\n<p><a href=\"https:\/\/goo.gl\/photos\/dA7yhVJPYnQr9ksaA\">N\u00f8rholm den 12-01-12<\/a><\/p>\n<p><a href=\"https:\/\/goo.gl\/photos\/3UNEApp7iZp5bb7HA\">N\u00f8rholm den 12-01-12<\/a><\/p>\n<p><a href=\"https:\/\/goo.gl\/photos\/znufVut5jRvt2zyL8\">Salutkanoner<\/a><\/p>\n<p>&nbsp;<\/p>\n<p>&nbsp;<\/p>\n","protected":false},"excerpt":{"rendered":"<p>\u00e5rets gang i og omkring Tistrup Snorup b\u00e6k og s\u00f8 Fra Hulvig til Vandm\u00f8llen Krauplund vej Skov Tur ved N\u00f8rHolm Fototur ved N\u00f8rholm Renovering af Storegade Tistrup Letb\u00e6k N\u00f8rholm den 12-01-12 N\u00f8rholm den 12-01-12 Salutkanoner &nbsp; &nbsp;<\/p>\n","protected":false},"author":1,"featured_media":0,"parent":0,"menu_order":0,"comment_status":"closed","ping_status":"closed","template":"","meta":{"footnotes":""},"class_list":["post-510","page","type-page","status-publish","hentry"],"_links":{"self":[{"href":"https:\/\/www.tistrupby.dk\/index.php?rest_route=\/wp\/v2\/pages\/510","targetHints":{"allow":["GET"]}}],"collection":[{"href":"https:\/\/www.tistrupby.dk\/index.php?rest_route=\/wp\/v2\/pages"}],"about":[{"href":"https:\/\/www.tistrupby.dk\/index.php?rest_route=\/wp\/v2\/types\/page"}],"author":[{"embeddable":true,"href":"https:\/\/www.tistrupby.dk\/index.php?rest_route=\/wp\/v2\/users\/1"}],"replies":[{"embeddable":true,"href":"https:\/\/www.tistrupby.dk\/index.php?rest_route=%2Fwp%2Fv2%2Fcomments&post=510"}],"version-history":[{"count":3,"href":"https:\/\/www.tistrupby.dk\/index.php?rest_route=\/wp\/v2\/pages\/510\/revisions"}],"predecessor-version":[{"id":517,"href":"https:\/\/www.tistrupby.dk\/index.php?rest_route=\/wp\/v2\/pages\/510\/revisions\/517"}],"wp:attachment":[{"href":"https:\/\/www.tistrupby.dk\/index.php?rest_route=%2Fwp%2Fv2%2Fmedia&parent=510"}],"curies":[{"name":"wp","href":"https:\/\/api.w.org\/{rel}","templated":true}]}}