{"id":487,"date":"2016-10-02T18:48:06","date_gmt":"2016-10-02T16:48:06","guid":{"rendered":"http:\/\/www.tistrupby.dk\/?page_id=487"},"modified":"2016-10-02T18:51:37","modified_gmt":"2016-10-02T16:51:37","slug":"mini-tri-2010","status":"publish","type":"page","link":"https:\/\/www.tistrupby.dk\/?page_id=487","title":{"rendered":"Mini Tri 2010"},"content":{"rendered":"<p><a href=\"https:\/\/goo.gl\/photos\/AYurddK3eauuhjTE7\">Oprydning Mini Tri<\/a><\/p>\n<p><a href=\"https:\/\/goo.gl\/photos\/ZkayD8pMkoHo2U4t8\">Stemningsbilleder<\/a><\/p>\n<p><a href=\"https:\/\/goo.gl\/photos\/Kj3cxHN9wPqbL5YbA\">Pr\u00e6mieoverr\u00e6kkelsen<\/a><\/p>\n<p><a href=\"https:\/\/goo.gl\/photos\/E3uLjYHcU4MU1G3w5\">B\u00f8rne Tri<\/a><\/p>\n<p><a href=\"https:\/\/goo.gl\/photos\/FhXAM2KU7MsmqVbB7\">Fotofolk<\/a><\/p>\n<p><a href=\"https:\/\/goo.gl\/photos\/ouXjoLPKcryQHgCn8\">Opstilling<\/a><\/p>\n<p><a href=\"https:\/\/goo.gl\/photos\/MqhL3mpCbLAPXGZu5\">Mortensen<\/a><\/p>\n","protected":false},"excerpt":{"rendered":"<p>Oprydning Mini Tri Stemningsbilleder Pr\u00e6mieoverr\u00e6kkelsen B\u00f8rne Tri Fotofolk Opstilling Mortensen<\/p>\n","protected":false},"author":1,"featured_media":0,"parent":0,"menu_order":0,"comment_status":"closed","ping_status":"closed","template":"","meta":{"footnotes":""},"class_list":["post-487","page","type-page","status-publish","hentry"],"_links":{"self":[{"href":"https:\/\/www.tistrupby.dk\/index.php?rest_route=\/wp\/v2\/pages\/487","targetHints":{"allow":["GET"]}}],"collection":[{"href":"https:\/\/www.tistrupby.dk\/index.php?rest_route=\/wp\/v2\/pages"}],"about":[{"href":"https:\/\/www.tistrupby.dk\/index.php?rest_route=\/wp\/v2\/types\/page"}],"author":[{"embeddable":true,"href":"https:\/\/www.tistrupby.dk\/index.php?rest_route=\/wp\/v2\/users\/1"}],"replies":[{"embeddable":true,"href":"https:\/\/www.tistrupby.dk\/index.php?rest_route=%2Fwp%2Fv2%2Fcomments&post=487"}],"version-history":[{"count":2,"href":"https:\/\/www.tistrupby.dk\/index.php?rest_route=\/wp\/v2\/pages\/487\/revisions"}],"predecessor-version":[{"id":491,"href":"https:\/\/www.tistrupby.dk\/index.php?rest_route=\/wp\/v2\/pages\/487\/revisions\/491"}],"wp:attachment":[{"href":"https:\/\/www.tistrupby.dk\/index.php?rest_route=%2Fwp%2Fv2%2Fmedia&parent=487"}],"curies":[{"name":"wp","href":"https:\/\/api.w.org\/{rel}","templated":true}]}}