{"id":481,"date":"2016-10-02T18:21:02","date_gmt":"2016-10-02T16:21:02","guid":{"rendered":"http:\/\/www.tistrupby.dk\/?page_id=481"},"modified":"2016-10-02T18:21:02","modified_gmt":"2016-10-02T16:21:02","slug":"mini-tri-2012","status":"publish","type":"page","link":"https:\/\/www.tistrupby.dk\/?page_id=481","title":{"rendered":"Mini Tri 2012"},"content":{"rendered":"<p><a href=\"https:\/\/goo.gl\/photos\/9L24LpC9JWWEHKBG6\">Pr\u00e6mieoverr\u00e6kkelsen<\/a><\/p>\n<p><a href=\"https:\/\/goo.gl\/photos\/s1UC8JqqQKUEjJjC7\">Stemningsbilleder<\/a><\/p>\n<p><a href=\"https:\/\/goo.gl\/photos\/sKve47riuv1ydhc58\">Mini Tri <\/a><\/p>\n<p><a href=\"https:\/\/goo.gl\/photos\/WzTAADxkXanKrmF2A\">B\u00f8rne Tri<\/a><\/p>\n<p><a href=\"https:\/\/goo.gl\/photos\/DoaT5eHpyvKUVRgt8\">Klarg\u00f8ring<\/a><\/p>\n<p><a href=\"https:\/\/goo.gl\/photos\/eijFQWdQUM2pj8AE8\">Mini Tri<\/a><\/p>\n","protected":false},"excerpt":{"rendered":"<p>Pr\u00e6mieoverr\u00e6kkelsen Stemningsbilleder Mini Tri B\u00f8rne Tri Klarg\u00f8ring Mini Tri<\/p>\n","protected":false},"author":1,"featured_media":0,"parent":0,"menu_order":0,"comment_status":"closed","ping_status":"closed","template":"","meta":{"footnotes":""},"class_list":["post-481","page","type-page","status-publish","hentry"],"_links":{"self":[{"href":"https:\/\/www.tistrupby.dk\/index.php?rest_route=\/wp\/v2\/pages\/481","targetHints":{"allow":["GET"]}}],"collection":[{"href":"https:\/\/www.tistrupby.dk\/index.php?rest_route=\/wp\/v2\/pages"}],"about":[{"href":"https:\/\/www.tistrupby.dk\/index.php?rest_route=\/wp\/v2\/types\/page"}],"author":[{"embeddable":true,"href":"https:\/\/www.tistrupby.dk\/index.php?rest_route=\/wp\/v2\/users\/1"}],"replies":[{"embeddable":true,"href":"https:\/\/www.tistrupby.dk\/index.php?rest_route=%2Fwp%2Fv2%2Fcomments&post=481"}],"version-history":[{"count":1,"href":"https:\/\/www.tistrupby.dk\/index.php?rest_route=\/wp\/v2\/pages\/481\/revisions"}],"predecessor-version":[{"id":482,"href":"https:\/\/www.tistrupby.dk\/index.php?rest_route=\/wp\/v2\/pages\/481\/revisions\/482"}],"wp:attachment":[{"href":"https:\/\/www.tistrupby.dk\/index.php?rest_route=%2Fwp%2Fv2%2Fmedia&parent=481"}],"curies":[{"name":"wp","href":"https:\/\/api.w.org\/{rel}","templated":true}]}}