{"id":475,"date":"2016-10-02T17:36:42","date_gmt":"2016-10-02T15:36:42","guid":{"rendered":"http:\/\/www.tistrupby.dk\/?page_id=475"},"modified":"2016-10-02T17:44:25","modified_gmt":"2016-10-02T15:44:25","slug":"mini-tri-2013","status":"publish","type":"page","link":"https:\/\/www.tistrupby.dk\/?page_id=475","title":{"rendered":"Mini Tri 2013"},"content":{"rendered":"<p><a href=\"https:\/\/goo.gl\/photos\/LbiDShNYacTtdWGj8\">Mini Tri Trim Tistrup 2013<\/a><\/p>\n<p><a href=\"https:\/\/goo.gl\/photos\/AnxS4dgkhpPKniUy8\">Pr\u00e6mieoverr\u00e6kkelsen<\/a><\/p>\n<p><a href=\"https:\/\/goo.gl\/photos\/BqTpBQhPC2P5BPRLA\">Mini Tri Voksne Cykel<\/a><\/p>\n<p><a href=\"https:\/\/goo.gl\/photos\/Sx1F6bL9YsLkTcgx7\">Mini Tri stemning<\/a><\/p>\n<p><a href=\"https:\/\/goo.gl\/photos\/C7k7RxcXYL2Hjifj7\">Mini Tri B\u00f8rn<\/a><\/p>\n<p><a href=\"https:\/\/goo.gl\/photos\/pFcpLnrmF5S7LJgh6\">Mini Tri m\u00e5l b\u00f8rn<\/a><\/p>\n<p><a href=\"https:\/\/goo.gl\/photos\/XDvDswutXn4mjytX9\">Mini Tri eftermiddag<\/a><\/p>\n<p><a href=\"https:\/\/goo.gl\/photos\/7FNwDm7wnLAjftvn7\">Mini Tri opstilling<\/a><\/p>\n<p>&nbsp;<\/p>\n","protected":false},"excerpt":{"rendered":"<p>Mini Tri Trim Tistrup 2013 Pr\u00e6mieoverr\u00e6kkelsen Mini Tri Voksne Cykel Mini Tri stemning Mini Tri B\u00f8rn Mini Tri m\u00e5l b\u00f8rn Mini Tri eftermiddag Mini Tri opstilling &nbsp;<\/p>\n","protected":false},"author":1,"featured_media":0,"parent":0,"menu_order":0,"comment_status":"closed","ping_status":"closed","template":"","meta":{"footnotes":""},"class_list":["post-475","page","type-page","status-publish","hentry"],"_links":{"self":[{"href":"https:\/\/www.tistrupby.dk\/index.php?rest_route=\/wp\/v2\/pages\/475","targetHints":{"allow":["GET"]}}],"collection":[{"href":"https:\/\/www.tistrupby.dk\/index.php?rest_route=\/wp\/v2\/pages"}],"about":[{"href":"https:\/\/www.tistrupby.dk\/index.php?rest_route=\/wp\/v2\/types\/page"}],"author":[{"embeddable":true,"href":"https:\/\/www.tistrupby.dk\/index.php?rest_route=\/wp\/v2\/users\/1"}],"replies":[{"embeddable":true,"href":"https:\/\/www.tistrupby.dk\/index.php?rest_route=%2Fwp%2Fv2%2Fcomments&post=475"}],"version-history":[{"count":4,"href":"https:\/\/www.tistrupby.dk\/index.php?rest_route=\/wp\/v2\/pages\/475\/revisions"}],"predecessor-version":[{"id":479,"href":"https:\/\/www.tistrupby.dk\/index.php?rest_route=\/wp\/v2\/pages\/475\/revisions\/479"}],"wp:attachment":[{"href":"https:\/\/www.tistrupby.dk\/index.php?rest_route=%2Fwp%2Fv2%2Fmedia&parent=475"}],"curies":[{"name":"wp","href":"https:\/\/api.w.org\/{rel}","templated":true}]}}