{"id":445,"date":"2016-10-02T16:01:11","date_gmt":"2016-10-02T14:01:11","guid":{"rendered":"http:\/\/www.tistrupby.dk\/?page_id=445"},"modified":"2016-10-02T16:08:51","modified_gmt":"2016-10-02T14:08:51","slug":"byfest-2009","status":"publish","type":"page","link":"https:\/\/www.tistrupby.dk\/?page_id=445","title":{"rendered":"Byfest 2009"},"content":{"rendered":"<p><a href=\"https:\/\/goo.gl\/photos\/pt8fg78tkBcyaDng7\">Banko i hal 04-08<\/a><\/p>\n<p><a href=\"https:\/\/goo.gl\/photos\/He76d8Fi5xSAELQH6\">Politi Hjemmev\u00e6rn 05-08<\/a><\/p>\n<p><a href=\"https:\/\/goo.gl\/photos\/KoLgPXwBypWZAvHe9\">Westernfest boksning i telt<\/a><\/p>\n<p><a href=\"https:\/\/goo.gl\/photos\/bmupDwt1BNxfeHcK8\">Westernfest fredag aften p\u00e5 torvet<\/a><\/p>\n<p><a href=\"https:\/\/goo.gl\/photos\/8U9q7d247JfwhzXq5\">Westernfest l\u00f8rdag<\/a><\/p>\n","protected":false},"excerpt":{"rendered":"<p>Banko i hal 04-08 Politi Hjemmev\u00e6rn 05-08 Westernfest boksning i telt Westernfest fredag aften p\u00e5 torvet Westernfest l\u00f8rdag<\/p>\n","protected":false},"author":1,"featured_media":0,"parent":0,"menu_order":0,"comment_status":"closed","ping_status":"closed","template":"","meta":{"footnotes":""},"class_list":["post-445","page","type-page","status-publish","hentry"],"_links":{"self":[{"href":"https:\/\/www.tistrupby.dk\/index.php?rest_route=\/wp\/v2\/pages\/445","targetHints":{"allow":["GET"]}}],"collection":[{"href":"https:\/\/www.tistrupby.dk\/index.php?rest_route=\/wp\/v2\/pages"}],"about":[{"href":"https:\/\/www.tistrupby.dk\/index.php?rest_route=\/wp\/v2\/types\/page"}],"author":[{"embeddable":true,"href":"https:\/\/www.tistrupby.dk\/index.php?rest_route=\/wp\/v2\/users\/1"}],"replies":[{"embeddable":true,"href":"https:\/\/www.tistrupby.dk\/index.php?rest_route=%2Fwp%2Fv2%2Fcomments&post=445"}],"version-history":[{"count":4,"href":"https:\/\/www.tistrupby.dk\/index.php?rest_route=\/wp\/v2\/pages\/445\/revisions"}],"predecessor-version":[{"id":449,"href":"https:\/\/www.tistrupby.dk\/index.php?rest_route=\/wp\/v2\/pages\/445\/revisions\/449"}],"wp:attachment":[{"href":"https:\/\/www.tistrupby.dk\/index.php?rest_route=%2Fwp%2Fv2%2Fmedia&parent=445"}],"curies":[{"name":"wp","href":"https:\/\/api.w.org\/{rel}","templated":true}]}}