{"id":429,"date":"2016-09-30T22:25:27","date_gmt":"2016-09-30T20:25:27","guid":{"rendered":"http:\/\/www.tistrupby.dk\/?page_id=429"},"modified":"2016-10-02T15:11:55","modified_gmt":"2016-10-02T13:11:55","slug":"byfest-2010","status":"publish","type":"page","link":"https:\/\/www.tistrupby.dk\/?page_id=429","title":{"rendered":"Byfest 2010"},"content":{"rendered":"<p><a href=\"https:\/\/goo.gl\/photos\/aKjiwUTQJVYK13sH8\">S\u00f8ndag den 08-08<\/a><\/p>\n<p><a href=\"https:\/\/goo.gl\/photos\/YFaU8v94L4sASruH8\">Morgen hygge B\u00f8gevej og L\u00e6rkevej den 08-08<\/a><\/p>\n<p><a href=\"https:\/\/goo.gl\/photos\/tBAzCSYVL9nkmLoJ9\">Opvarmning 08-08<\/a><\/p>\n<p><a href=\"https:\/\/goo.gl\/photos\/dNgnYJT1TTNayXM56\">Optog 08-08<\/a><\/p>\n<p><a href=\"https:\/\/goo.gl\/photos\/A53EuuwSCoajVYdf6\">Pladsen den 08-08<\/a><\/p>\n<p><a href=\"https:\/\/goo.gl\/photos\/vTSLyxbJWKTJsdYQ9\">Pladsen den 08-08<\/a><\/p>\n<p><a href=\"https:\/\/goo.gl\/photos\/Zad2VHxpGQz4sHv48\">Banko 10-08<\/a><\/p>\n<p><a href=\"https:\/\/goo.gl\/photos\/g5oMHbmoPQZ9zmCT7\">L\u00f8rdag den 14-08<\/a><\/p>\n<p><a href=\"https:\/\/goo.gl\/photos\/C7R7Hqk27gXd1qQY9\">Sildebord den 12-08<\/a><\/p>\n<p>&nbsp;<\/p>\n<p>&nbsp;<\/p>\n","protected":false},"excerpt":{"rendered":"<p>S\u00f8ndag den 08-08 Morgen hygge B\u00f8gevej og L\u00e6rkevej den 08-08 Opvarmning 08-08 Optog 08-08 Pladsen den 08-08 Pladsen den 08-08 Banko 10-08 L\u00f8rdag den 14-08 Sildebord den 12-08 &nbsp; &nbsp;<\/p>\n","protected":false},"author":1,"featured_media":0,"parent":0,"menu_order":0,"comment_status":"closed","ping_status":"closed","template":"","meta":{"footnotes":""},"class_list":["post-429","page","type-page","status-publish","hentry"],"_links":{"self":[{"href":"https:\/\/www.tistrupby.dk\/index.php?rest_route=\/wp\/v2\/pages\/429","targetHints":{"allow":["GET"]}}],"collection":[{"href":"https:\/\/www.tistrupby.dk\/index.php?rest_route=\/wp\/v2\/pages"}],"about":[{"href":"https:\/\/www.tistrupby.dk\/index.php?rest_route=\/wp\/v2\/types\/page"}],"author":[{"embeddable":true,"href":"https:\/\/www.tistrupby.dk\/index.php?rest_route=\/wp\/v2\/users\/1"}],"replies":[{"embeddable":true,"href":"https:\/\/www.tistrupby.dk\/index.php?rest_route=%2Fwp%2Fv2%2Fcomments&post=429"}],"version-history":[{"count":3,"href":"https:\/\/www.tistrupby.dk\/index.php?rest_route=\/wp\/v2\/pages\/429\/revisions"}],"predecessor-version":[{"id":433,"href":"https:\/\/www.tistrupby.dk\/index.php?rest_route=\/wp\/v2\/pages\/429\/revisions\/433"}],"wp:attachment":[{"href":"https:\/\/www.tistrupby.dk\/index.php?rest_route=%2Fwp%2Fv2%2Fmedia&parent=429"}],"curies":[{"name":"wp","href":"https:\/\/api.w.org\/{rel}","templated":true}]}}