{"id":335,"date":"2016-09-29T17:40:36","date_gmt":"2016-09-29T15:40:36","guid":{"rendered":"http:\/\/www.tistrupby.dk\/?page_id=335"},"modified":"2022-07-26T17:22:44","modified_gmt":"2022-07-26T15:22:44","slug":"jylland","status":"publish","type":"page","link":"https:\/\/www.tistrupby.dk\/?page_id=335","title":{"rendered":"Jylland fra f\u00f8r 2022"},"content":{"rendered":"<p><a href=\"https:\/\/goo.gl\/photos\/HNpZfhUuPD8mAASq9\">\u00c5bybro den 19-20-21-09-2013<\/a><\/p>\n<p><a href=\"https:\/\/goo.gl\/photos\/zYQQVfqGEQNwaZ7W9\">Ferie i Hov 04-11-07 2012<\/a><\/p>\n<p><a href=\"https:\/\/goo.gl\/photos\/75SyCvXZ51dEvaW3A\">Nymindegab 10-04-11<\/a><\/p>\n<p><a href=\"http:\/\/www.tistrupby.dk\/?page_id=349\">Jels<\/a><\/p>\n<p><a href=\"https:\/\/goo.gl\/photos\/EZEJhZFFcTGpdfft7\">Tur med Nebel grisen 28-10-09<\/a><\/p>\n<p><a href=\"https:\/\/goo.gl\/photos\/WBdSRnuTZboDHvnp6\">Veterantog Bramming-Grindsted den 15-10-09<\/a><\/p>\n<p><a href=\"http:\/\/www.tistrupby.dk\/?page_id=620\">Mand\u00f8<\/a><\/p>\n<p><a href=\"http:\/\/www.tistrupby.dk\/?page_id=618\">Langeli<\/a><\/p>\n<p><a href=\"http:\/\/www.tistrupby.dk\/?page_id=800\">Dronninglund den 26-28-04-2017<\/a><\/p>\n<p><a href=\"https:\/\/goo.gl\/photos\/qL9MchTB1n3J1C9k6\">Aar\u00f8 den 26-05-17<\/a><\/p>\n<p><a href=\"https:\/\/photos.app.goo.gl\/u8LyxorKPpD521H99\">Brande den 15-07-18<\/a><\/p>\n<p><a href=\"https:\/\/photos.app.goo.gl\/v3ApT6LbAgana4yN8\">Fur den 04-05-2019<\/a><\/p>\n<p><a href=\"https:\/\/photos.app.goo.gl\/rdEq1xJE45wapJcZ7\">Ven\u00f8 den 05-05-2019<\/a><\/p>\n<p><a href=\"https:\/\/photos.app.goo.gl\/SPgauNmZw6gmBX3aA\">Pinehus den 03-05-2019<\/a><\/p>\n<p><a href=\"https:\/\/photos.app.goo.gl\/qSbD5GjUUtVRvQFC7\">Glyng\u00f8re den 04-05-2019<\/a><\/p>\n<p><a href=\"https:\/\/photos.app.goo.gl\/xctUd8XxfgGay39HA\">M\u00f8nsted Kalkgruber den 03-05-2019<\/a><\/p>\n<p><a href=\"https:\/\/photos.app.goo.gl\/bBfTZXbnbn1941738\">S\u00f8by Brunkuldslejre den 18-05-2019<\/a><\/p>\n<p><a href=\"https:\/\/photos.app.goo.gl\/qfprVJRTMmeEoNuw9\">Rododendron haven i T\u00f8rring den 18-05-2019<\/a><\/p>\n<p><a href=\"http:\/\/www.tistrupby.dk\/?page_id=1187\">Lendrup Strand den 20-10-2019<\/a><\/p>\n<p><\/p>\n\n\n<p><a href=\"https:\/\/photos.app.goo.gl\/v7hcBUJCWh8ZBqqv8\">Tirslund Plantage den 11-04-2020<\/a><\/p>\n\n\n\n<p><a href=\"https:\/\/photos.app.goo.gl\/pwBwkkSsFUCuHTeYA\">Kvies\u00f8 den 12-04-2020<\/a><\/p>\n\n\n\n<p><a href=\"https:\/\/photos.app.goo.gl\/dtRA9AWrMeggXcui7\">Rundem\u00f8lle, Kalv\u00f8 samt Genner strand den 17-04-2020<\/a><\/p>\n\n\n\n<p><a href=\"https:\/\/photos.app.goo.gl\/kWY6PjDxmr5RuM7o7\">Grene Kirke den 20-04-2020<\/a><\/p>\n\n\n\n<p><a href=\"https:\/\/photos.app.goo.gl\/Q5GUcMgWFwiGgZc59\">Solnedgang ved Henne Strand den 20-04-2020<\/a><\/p>\n\n\n\n<p><a href=\"https:\/\/photos.app.goo.gl\/Umx8uVmnSffqNbKTA\">Fredriksh\u00e5b, Syv \u00e5rs s\u00f8erne, Randb\u00f8l Hede den 03-05-2020<\/a><\/p>\n\n\n\n<p><a href=\"https:\/\/photos.app.goo.gl\/Vwi83TKDDViNbWB3A\">Runkenbjerg Udsigt den 03-05-2020<\/a><\/p>\n\n\n\n<p><a href=\"https:\/\/photos.app.goo.gl\/nRGymzhVxk8Fb68c7\">Silkeborg-Sejs-Sindbjerg-Stovbjerg-Himmelbjerget den 06-05-2020<\/a><\/p>\n\n\n\n<p><a href=\"https:\/\/photos.app.goo.gl\/yX7jHVaGKCMntVfT7\">Deep Forest Art Land\/Skovsnogen<\/a><\/p>\n\n\n\n<p><a href=\"https:\/\/photos.app.goo.gl\/Nm28FHdx2svEd6if7\">Tj\u00e6reovnene ved Skarrild den 20-05-2020<\/a><\/p>\n\n\n\n<p><a href=\"https:\/\/photos.app.goo.gl\/TunrZax3osYx81hS8\">Kuls\u00f8en ved Troldhede den 20-05-2020<\/a><\/p>\n\n\n\n<p><a href=\"https:\/\/photos.app.goo.gl\/efMuKNSaZe4QBmFLA\">Harrild Hede 2020<\/a><\/p>\n\n\n\n<p><a href=\"https:\/\/photos.app.goo.gl\/DiDBLpwad2DezaGZ6\">Solnedgang Mols 2020<\/a><\/p>\n\n\n\n<p><a href=\"https:\/\/photos.app.goo.gl\/6xuqDhNY4xwdKJJWA\">Egens Kirke 2020<\/a><\/p>\n\n\n\n<p><a href=\"https:\/\/photos.app.goo.gl\/99XfyA8F34vQUCnL6\">Blandede billeder Djursland 2020<\/a><\/p>\n\n\n\n<p><a href=\"https:\/\/photos.app.goo.gl\/iscDZL78VScnAd4w8\">Sletten Have fyr 2020<\/a><\/p>\n\n\n\n<p><a href=\"https:\/\/photos.app.goo.gl\/z2qMtkFJvLksaPNr6\">Jernhatten 2020<\/a><\/p>\n\n\n\n<p><a href=\"https:\/\/photos.app.goo.gl\/t3WfL5knLSsRSzn59\">Flyhangar Djursland 2020<\/a><\/p>\n\n\n\n<p><a href=\"https:\/\/photos.app.goo.gl\/i1bUswKiHvNfPMcS7\">Flintehuset 2020<\/a><\/p>\n\n\n\n<p><a href=\"https:\/\/photos.app.goo.gl\/xK2msErRvxdDkS6G8\">Agri Bauneh\u00f8j 2020<\/a><\/p>\n\n\n\n<p><a href=\"https:\/\/photos.app.goo.gl\/mX8SKGnoRzTB2wZR7\">Kal\u00f8 Slotsruin 2020<\/a><\/p>\n\n\n\n<p><a href=\"https:\/\/photos.app.goo.gl\/PD7VJTHsR3xQznJMA\">Todbjergt\u00e5rnet 2020<\/a><\/p>\n\n\n\n<p><a href=\"https:\/\/photos.app.goo.gl\/ZKzDjPjvi1pp29wQA\">Fugls\u00f8 2015<\/a><\/p>\n\n\n\n<p><a href=\"https:\/\/photos.app.goo.gl\/icaQRm7oiL9tgAej7\">Lodbjerg fyr og Bunker den 11-06-2021<\/a><\/p>\n\n\n\n<p><a href=\"https:\/\/photos.app.goo.gl\/ERNdnUXpXHEY25MY9\">Grurup Kirke den 10-06-2021<\/a><\/p>\n\n\n\n<p><a href=\"https:\/\/photos.app.goo.gl\/cyZEHX2mJF4WSLJj8\">Hvidbjerg Kirke den 10-06-2021<\/a><\/p>\n\n\n\n<p><a href=\"https:\/\/photos.app.goo.gl\/kL4YEQ9qim9ZdVT5A\">Lodbjerg Kirke og Plantage den 09-06-2021<\/a><\/p>\n\n\n\n<p><a href=\"https:\/\/photos.app.goo.gl\/7U78opqh2YFkDNDCA\">Lodbjerg Fyr den 09-06-2021<\/a><\/p>\n\n\n\n<p><a href=\"https:\/\/photos.app.goo.gl\/E68DqP6dJ8bsLJRLA\">Ash\u00f8j den 09-06-2021<\/a><\/p>\n\n\n\n<p><a href=\"https:\/\/photos.app.goo.gl\/CMY3ANgryFD1iDuX7\">Klitm\u00f8ller og Vrangs\u00e5 den 08-06-2021<\/a><\/p>\n\n\n\n<p><a href=\"https:\/\/photos.app.goo.gl\/EdApRinARfLLs58E7\">Vandet og Kronens Klitplantage den 08-06-2021<\/a><\/p>\n\n\n\n<p><a href=\"https:\/\/photos.app.goo.gl\/2xKPqPkEcxrEAqSi9\">B\u00f8gsted rende den 08-06-2021<\/a><\/p>\n\n\n\n<p><a href=\"https:\/\/photos.app.goo.gl\/eU1Aqt4w1Mfe1rLt5\">Dybdalsgave den 08-06-2021<\/a><\/p>\n\n\n\n<p><a href=\"https:\/\/photos.app.goo.gl\/SVtJC1cdBWxtnVa67\">Hundborg Stenen den 08-06-2021<\/a><\/p>\n\n\n\n<p><a href=\"https:\/\/photos.app.goo.gl\/xrwKPNMpF8sJWmj46\">Ager\u00f8 Kirke den 07-06-2021<\/a><\/p>\n\n\n\n<p><a href=\"https:\/\/photos.app.goo.gl\/aVFdLBxvGCWHVhnK9\">Dueholm Kloster den 07-06-2021<\/a><\/p>\n\n\n\n<p><a href=\"https:\/\/photos.app.goo.gl\/Kua1Rppvcukq3UaA8\">J\u00f8rsby Kirke den 07-06-2021<\/a><\/p>\n\n\n\n<p><a href=\"https:\/\/photos.app.goo.gl\/wcvBa9j9tgaDUyg97\">FeggeKlit den 07-06-2021<\/a><\/p>\n\n\n\n<p><a href=\"https:\/\/photos.app.goo.gl\/Qjx121LhpSu14iQr7\">Sdr Dr\u00e5by Kirke den 07-06-2021<\/a><\/p>\n\n\n\n<p><a href=\"https:\/\/photos.app.goo.gl\/LpFiTK892DSuoFgd9\">Mors Hanklit den 07-06-2021<\/a><\/p>\n\n\n\n<p><a href=\"https:\/\/photos.app.goo.gl\/EYNXMyfLKxAXRKGU6\">Nr. Vorup\u00f8re den 07-06-2021<\/a><\/p>\n\n\n\n<p><a href=\"https:\/\/photos.app.goo.gl\/pv3RUa6yeQJo3rrCA\">Vestervig Kirke den 07-06-2021<\/a><\/p>\n\n\n\n<p><a href=\"https:\/\/photos.app.goo.gl\/gpXrvTtG2hA8w5FS7\">Klim Kalkovne den 04-06-2021<\/a><\/p>\n\n\n\n<p>T<a href=\"https:\/\/photos.app.goo.gl\/Zzp6RQtQDrPd1ZYj7\">horupstrand den 04-06-2021<\/a><\/p>\n\n\n\n<p><a href=\"https:\/\/photos.app.goo.gl\/AJCQMLixuswAnn4s7\">Bulbjerg den 04-06-2021<\/a><\/p>\n\n\n\n<p><a href=\"https:\/\/photos.app.goo.gl\/y2yrzim5jjmw2QGn9\">Vigs\u00f8 Strand den 04-06-2021<\/a><\/p>\n\n\n\n<p><a href=\"https:\/\/photos.app.goo.gl\/p2FH2tdjCFwBrViT6\">Bunkermuseum Hanstholm den 04-06-2021<\/a><\/p>\n\n\n\n<p><a href=\"https:\/\/photos.app.goo.gl\/iqW3TiV49UM5X68X9\">H\u00f8rdum Kirke den 03-06-2021<\/a><\/p>\n\n\n\n<p><a href=\"https:\/\/photos.app.goo.gl\/Hi8Q5YdpSfo5RnfT6\">Snedsted den 03-06-2021<\/a><\/p>\n\n\n\n<p><a href=\"https:\/\/photos.app.goo.gl\/XyGW1f1sWRM1sBTC9\">Stenbjerg den 03-06-2021<\/a><\/p>\n\n\n\n<p><a href=\"https:\/\/photos.app.goo.gl\/GBY6T8LYiEEzU8j69\">Solnedgang den 02-06-2021<\/a><\/p>\n\n\n\n<p><a href=\"https:\/\/photos.app.goo.gl\/7nUL3VpRbvqHtUT3A\">Folke centret for vedvarende energi den 02-06-2021<\/a><\/p>\n\n\n\n<p><a href=\"https:\/\/photos.app.goo.gl\/bJG8pPzN45R7L6vF6\">Jegind\u00f8 den 02-06-2021<\/a><\/p>\n\n\n\n<p><a href=\"https:\/\/photos.app.goo.gl\/X1U9WCh7T3KEQsoe9\">Huset i Lyngby 2021<\/a><\/p>\n\n\n\n<p><a href=\"https:\/\/photos.app.goo.gl\/kZcapLkF668aX2sF8\">Hanstholm fyr den 01-06-2021<\/a><\/p>\n\n\n\n<p><a href=\"https:\/\/photos.app.goo.gl\/MSb1Qe2jrkeHZb69A\">Thy Lejren den 01-06-2021<\/a><\/p>\n\n\n\n<p><a href=\"https:\/\/photos.app.goo.gl\/eHbYQ2ZjAu8WPJtz6\">Fra Lyngby til Lodbjerg fyr den 31-05-2021<\/a><\/p>\n\n\n\n<p><a href=\"https:\/\/photos.app.goo.gl\/VyAJvmgwh2Roidux9\">Morup M\u00f8lle den 30-05-2021<\/a><\/p>\n\n\n\n<p><a href=\"https:\/\/photos.app.goo.gl\/5av6oevbwMDVtrAy9\">Nr. Vorup\u00f8re den 30-05-2021<\/a><\/p>\n\n\n\n<p><a href=\"https:\/\/photos.app.goo.gl\/gJzqkx42aT2p1wjH8\">Lyngby, Hytten den 29-05-2021<\/a><\/p>\n\n\n\n<p><a href=\"https:\/\/photos.app.goo.gl\/hL7cFqxTkhG1EVtf7\">Lodbjerg fyr den 29-05-2021<\/a><\/p>\n\n\n\n<p><a href=\"https:\/\/photos.app.goo.gl\/LPUUbzBLqHjePfLc9\">Til Thy den 26-05-2021<\/a><\/p>\n\n\n\n<p><\/p>\n\n\n\n<p><\/p>\n\n\n\n<p><\/p>\n","protected":false},"excerpt":{"rendered":"<p>\u00c5bybro den 19-20-21-09-2013 Ferie i Hov 04-11-07 2012 Nymindegab 10-04-11 Jels Tur med Nebel grisen 28-10-09 Veterantog Bramming-Grindsted den 15-10-09 Mand\u00f8 Langeli Dronninglund den 26-28-04-2017 Aar\u00f8 den 26-05-17 Brande den 15-07-18 Fur den 04-05-2019 Ven\u00f8 den 05-05-2019 Pinehus den 03-05-2019 Glyng\u00f8re den 04-05-2019 M\u00f8nsted Kalkgruber den 03-05-2019 S\u00f8by Brunkuldslejre den 18-05-2019 Rododendron haven i T\u00f8rring &hellip; <a href=\"https:\/\/www.tistrupby.dk\/?page_id=335\" class=\"more-link\">L\u00e6s videre <span class=\"screen-reader-text\">Jylland fra f\u00f8r 2022<\/span> <span class=\"meta-nav\">&rarr;<\/span><\/a><\/p>\n","protected":false},"author":1,"featured_media":0,"parent":0,"menu_order":0,"comment_status":"closed","ping_status":"closed","template":"","meta":{"footnotes":""},"class_list":["post-335","page","type-page","status-publish","hentry"],"_links":{"self":[{"href":"https:\/\/www.tistrupby.dk\/index.php?rest_route=\/wp\/v2\/pages\/335","targetHints":{"allow":["GET"]}}],"collection":[{"href":"https:\/\/www.tistrupby.dk\/index.php?rest_route=\/wp\/v2\/pages"}],"about":[{"href":"https:\/\/www.tistrupby.dk\/index.php?rest_route=\/wp\/v2\/types\/page"}],"author":[{"embeddable":true,"href":"https:\/\/www.tistrupby.dk\/index.php?rest_route=\/wp\/v2\/users\/1"}],"replies":[{"embeddable":true,"href":"https:\/\/www.tistrupby.dk\/index.php?rest_route=%2Fwp%2Fv2%2Fcomments&post=335"}],"version-history":[{"count":30,"href":"https:\/\/www.tistrupby.dk\/index.php?rest_route=\/wp\/v2\/pages\/335\/revisions"}],"predecessor-version":[{"id":1384,"href":"https:\/\/www.tistrupby.dk\/index.php?rest_route=\/wp\/v2\/pages\/335\/revisions\/1384"}],"wp:attachment":[{"href":"https:\/\/www.tistrupby.dk\/index.php?rest_route=%2Fwp%2Fv2%2Fmedia&parent=335"}],"curies":[{"name":"wp","href":"https:\/\/api.w.org\/{rel}","templated":true}]}}