{"id":315,"date":"2016-09-29T16:59:53","date_gmt":"2016-09-29T14:59:53","guid":{"rendered":"http:\/\/www.tistrupby.dk\/?page_id=315"},"modified":"2016-09-29T17:10:09","modified_gmt":"2016-09-29T15:10:09","slug":"sjaelland-2016","status":"publish","type":"page","link":"https:\/\/www.tistrupby.dk\/?page_id=315","title":{"rendered":"Sj\u00e6lland 2016"},"content":{"rendered":"<p><a href=\"https:\/\/goo.gl\/photos\/ypQM5jnxnKvJpEwx9\">Hiller\u00f8d den 17-09<\/a><\/p>\n<p><a href=\"https:\/\/goo.gl\/photos\/mUj2QePn4nHnj6i29\">Fredensborg den18-09<\/a><\/p>\n<p><a href=\"https:\/\/goo.gl\/photos\/xAmVGQWsDxpkwsEj6\">Sj\u00e6lland den 20-09<\/a><\/p>\n<p><a href=\"https:\/\/goo.gl\/photos\/RJyxbLNz7p1jFyxp9\">Sejer\u00f8 den 21-09<\/a><\/p>\n<p><a href=\"https:\/\/goo.gl\/photos\/AHAVYkvfhhHNCeL48\">Neksel\u00f8 den 22-09<\/a><\/p>\n<p><a href=\"https:\/\/goo.gl\/photos\/aABN89paocehtF7W7\">Vejrh\u00f8j den 24-09<\/a><\/p>\n<p><a href=\"https:\/\/goo.gl\/photos\/yHaNBXDBknf3tXe87\">Zythen-Adlers gravsted<\/a><\/p>\n<p><a href=\"https:\/\/goo.gl\/photos\/9bG9NsmkFVYMR9gP7\">Dragsholm Slot <\/a><\/p>\n<p><a href=\"https:\/\/goo.gl\/photos\/hcA8shE6vLoMoSat6\">Sanddobberne<\/a><\/p>\n<p><a href=\"https:\/\/goo.gl\/photos\/2ndYGqUTNZ1QpeNZ9\">Skovlandsbyen Ulkerup den 24-09<\/a><\/p>\n<p><a href=\"https:\/\/goo.gl\/photos\/HArQ9vbCUGFj1pmx5\">R\u00f8sn\u00e6s Fyr den 25-09<\/a><\/p>\n<p>&nbsp;<\/p>\n","protected":false},"excerpt":{"rendered":"<p>Hiller\u00f8d den 17-09 Fredensborg den18-09 Sj\u00e6lland den 20-09 Sejer\u00f8 den 21-09 Neksel\u00f8 den 22-09 Vejrh\u00f8j den 24-09 Zythen-Adlers gravsted Dragsholm Slot Sanddobberne Skovlandsbyen Ulkerup den 24-09 R\u00f8sn\u00e6s Fyr den 25-09 &nbsp;<\/p>\n","protected":false},"author":1,"featured_media":0,"parent":0,"menu_order":0,"comment_status":"closed","ping_status":"closed","template":"","meta":{"footnotes":""},"class_list":["post-315","page","type-page","status-publish","hentry"],"_links":{"self":[{"href":"https:\/\/www.tistrupby.dk\/index.php?rest_route=\/wp\/v2\/pages\/315","targetHints":{"allow":["GET"]}}],"collection":[{"href":"https:\/\/www.tistrupby.dk\/index.php?rest_route=\/wp\/v2\/pages"}],"about":[{"href":"https:\/\/www.tistrupby.dk\/index.php?rest_route=\/wp\/v2\/types\/page"}],"author":[{"embeddable":true,"href":"https:\/\/www.tistrupby.dk\/index.php?rest_route=\/wp\/v2\/users\/1"}],"replies":[{"embeddable":true,"href":"https:\/\/www.tistrupby.dk\/index.php?rest_route=%2Fwp%2Fv2%2Fcomments&post=315"}],"version-history":[{"count":7,"href":"https:\/\/www.tistrupby.dk\/index.php?rest_route=\/wp\/v2\/pages\/315\/revisions"}],"predecessor-version":[{"id":322,"href":"https:\/\/www.tistrupby.dk\/index.php?rest_route=\/wp\/v2\/pages\/315\/revisions\/322"}],"wp:attachment":[{"href":"https:\/\/www.tistrupby.dk\/index.php?rest_route=%2Fwp%2Fv2%2Fmedia&parent=315"}],"curies":[{"name":"wp","href":"https:\/\/api.w.org\/{rel}","templated":true}]}}