{"id":313,"date":"2016-09-29T16:57:41","date_gmt":"2016-09-29T14:57:41","guid":{"rendered":"http:\/\/www.tistrupby.dk\/?page_id=313"},"modified":"2026-04-12T15:52:54","modified_gmt":"2026-04-12T13:52:54","slug":"sjaelland","status":"publish","type":"page","link":"https:\/\/www.tistrupby.dk\/?page_id=313","title":{"rendered":"Sj\u00e6lland"},"content":{"rendered":"<p><a href=\"http:\/\/www.tistrupby.dk\/?page_id=315\">Sj\u00e6lland 2016<\/a><\/p>\n<p><a href=\"http:\/\/www.tistrupby.dk\/?page_id=879\">Sj\u00e6lland 2017<\/a><\/p>\n<p><a href=\"http:\/\/www.tistrupby.dk\/?page_id=1050\">Sj\u00e6lland 2018<\/a><\/p>\n<p><a href=\"https:\/\/www.tistrupby.dk\/?page_id=1400\">Sj\u00e6lland 2022<\/a><\/p>\n\n\n<p><a href=\"https:\/\/www.tistrupby.dk\/?page_id=2257\" data-type=\"page\" data-id=\"2257\">Sj\u00e6lland 2026<\/a><\/p>\n","protected":false},"excerpt":{"rendered":"<p>Sj\u00e6lland 2016 Sj\u00e6lland 2017 Sj\u00e6lland 2018 Sj\u00e6lland 2022 Sj\u00e6lland 2026<\/p>\n","protected":false},"author":1,"featured_media":0,"parent":0,"menu_order":0,"comment_status":"closed","ping_status":"closed","template":"","meta":{"footnotes":""},"class_list":["post-313","page","type-page","status-publish","hentry"],"_links":{"self":[{"href":"https:\/\/www.tistrupby.dk\/index.php?rest_route=\/wp\/v2\/pages\/313","targetHints":{"allow":["GET"]}}],"collection":[{"href":"https:\/\/www.tistrupby.dk\/index.php?rest_route=\/wp\/v2\/pages"}],"about":[{"href":"https:\/\/www.tistrupby.dk\/index.php?rest_route=\/wp\/v2\/types\/page"}],"author":[{"embeddable":true,"href":"https:\/\/www.tistrupby.dk\/index.php?rest_route=\/wp\/v2\/users\/1"}],"replies":[{"embeddable":true,"href":"https:\/\/www.tistrupby.dk\/index.php?rest_route=%2Fwp%2Fv2%2Fcomments&post=313"}],"version-history":[{"count":7,"href":"https:\/\/www.tistrupby.dk\/index.php?rest_route=\/wp\/v2\/pages\/313\/revisions"}],"predecessor-version":[{"id":2260,"href":"https:\/\/www.tistrupby.dk\/index.php?rest_route=\/wp\/v2\/pages\/313\/revisions\/2260"}],"wp:attachment":[{"href":"https:\/\/www.tistrupby.dk\/index.php?rest_route=%2Fwp%2Fv2%2Fmedia&parent=313"}],"curies":[{"name":"wp","href":"https:\/\/api.w.org\/{rel}","templated":true}]}}