{"id":251,"date":"2016-09-15T10:00:01","date_gmt":"2016-09-15T08:00:01","guid":{"rendered":"http:\/\/www.tistrupby.dk\/?page_id=251"},"modified":"2016-09-15T18:25:02","modified_gmt":"2016-09-15T16:25:02","slug":"himlen-og-maanen","status":"publish","type":"page","link":"https:\/\/www.tistrupby.dk\/?page_id=251","title":{"rendered":"Himlen og m\u00e5nen"},"content":{"rendered":"<p><a href=\"https:\/\/goo.gl\/photos\/kEtkNBzDqxbko5TP7\">M\u00e5nen og Jupiter den 02-01-2012<\/a><\/p>\n<p><a href=\"https:\/\/goo.gl\/photos\/nsozhKudv2GvJiNy9\">Solform\u00f8rkelse den 20-03 2015<\/a><\/p>\n<p><a href=\"https:\/\/goo.gl\/photos\/Rrk3aK7oy1UvHofS7\">M\u00e5neform\u00f8rkelse den 10-12-2011<\/a><\/p>\n<p><a href=\"https:\/\/goo.gl\/photos\/9WdwPjMgXCSWb1CU6\">Mars, M\u00e5nen og Regulus den 12-11-2011<\/a><\/p>\n<p><a href=\"https:\/\/goo.gl\/photos\/YSvnFCX7EUanYrcx5\">Venuspassagen den 06-06-2012<\/a><\/p>\n<p>&nbsp;<\/p>\n","protected":false},"excerpt":{"rendered":"<p>M\u00e5nen og Jupiter den 02-01-2012 Solform\u00f8rkelse den 20-03 2015 M\u00e5neform\u00f8rkelse den 10-12-2011 Mars, M\u00e5nen og Regulus den 12-11-2011 Venuspassagen den 06-06-2012 &nbsp;<\/p>\n","protected":false},"author":1,"featured_media":0,"parent":0,"menu_order":0,"comment_status":"closed","ping_status":"closed","template":"","meta":{"footnotes":""},"class_list":["post-251","page","type-page","status-publish","hentry"],"_links":{"self":[{"href":"https:\/\/www.tistrupby.dk\/index.php?rest_route=\/wp\/v2\/pages\/251","targetHints":{"allow":["GET"]}}],"collection":[{"href":"https:\/\/www.tistrupby.dk\/index.php?rest_route=\/wp\/v2\/pages"}],"about":[{"href":"https:\/\/www.tistrupby.dk\/index.php?rest_route=\/wp\/v2\/types\/page"}],"author":[{"embeddable":true,"href":"https:\/\/www.tistrupby.dk\/index.php?rest_route=\/wp\/v2\/users\/1"}],"replies":[{"embeddable":true,"href":"https:\/\/www.tistrupby.dk\/index.php?rest_route=%2Fwp%2Fv2%2Fcomments&post=251"}],"version-history":[{"count":5,"href":"https:\/\/www.tistrupby.dk\/index.php?rest_route=\/wp\/v2\/pages\/251\/revisions"}],"predecessor-version":[{"id":307,"href":"https:\/\/www.tistrupby.dk\/index.php?rest_route=\/wp\/v2\/pages\/251\/revisions\/307"}],"wp:attachment":[{"href":"https:\/\/www.tistrupby.dk\/index.php?rest_route=%2Fwp%2Fv2%2Fmedia&parent=251"}],"curies":[{"name":"wp","href":"https:\/\/api.w.org\/{rel}","templated":true}]}}