{"id":237,"date":"2016-09-14T22:57:26","date_gmt":"2016-09-14T20:57:26","guid":{"rendered":"http:\/\/www.tistrupby.dk\/?page_id=237"},"modified":"2016-09-15T10:07:22","modified_gmt":"2016-09-15T08:07:22","slug":"blaavand-2014","status":"publish","type":"page","link":"https:\/\/www.tistrupby.dk\/?page_id=237","title":{"rendered":"Bl\u00e5vand 2014"},"content":{"rendered":"<p><a href=\"https:\/\/goo.gl\/photos\/YHgUqfbgAhGaDC3R8\">Bl\u00e5vand den 03-10<\/a><\/p>\n<p><a href=\"https:\/\/goo.gl\/photos\/ZLp8Qp4qt3n6Txhc6\">Bl\u00e5vand den 03-10<\/a><\/p>\n<p><a href=\"https:\/\/goo.gl\/photos\/RqzFm6teZMpGeePF9\">Bl\u00e5vand den 02-10<\/a><\/p>\n<p><a href=\"https:\/\/goo.gl\/photos\/awAtUdRUVMUPQfnQ9\">Bl\u00e5vand den 30-09 H\u00f8vlehuset<\/a><\/p>\n<p><a href=\"https:\/\/goo.gl\/photos\/v9M5Ha36qjrwHbGq5\">Bl\u00e5vand den 29-09<\/a><\/p>\n<p><a href=\"https:\/\/goo.gl\/photos\/bMboevuyMh3RZ7AC6\">Bl\u00e5vand<\/a><\/p>\n<p>&nbsp;<\/p>\n<p>&nbsp;<\/p>\n","protected":false},"excerpt":{"rendered":"<p>Bl\u00e5vand den 03-10 Bl\u00e5vand den 03-10 Bl\u00e5vand den 02-10 Bl\u00e5vand den 30-09 H\u00f8vlehuset Bl\u00e5vand den 29-09 Bl\u00e5vand &nbsp; &nbsp;<\/p>\n","protected":false},"author":1,"featured_media":0,"parent":0,"menu_order":0,"comment_status":"closed","ping_status":"closed","template":"","meta":{"footnotes":""},"class_list":["post-237","page","type-page","status-publish","hentry"],"_links":{"self":[{"href":"https:\/\/www.tistrupby.dk\/index.php?rest_route=\/wp\/v2\/pages\/237","targetHints":{"allow":["GET"]}}],"collection":[{"href":"https:\/\/www.tistrupby.dk\/index.php?rest_route=\/wp\/v2\/pages"}],"about":[{"href":"https:\/\/www.tistrupby.dk\/index.php?rest_route=\/wp\/v2\/types\/page"}],"author":[{"embeddable":true,"href":"https:\/\/www.tistrupby.dk\/index.php?rest_route=\/wp\/v2\/users\/1"}],"replies":[{"embeddable":true,"href":"https:\/\/www.tistrupby.dk\/index.php?rest_route=%2Fwp%2Fv2%2Fcomments&post=237"}],"version-history":[{"count":4,"href":"https:\/\/www.tistrupby.dk\/index.php?rest_route=\/wp\/v2\/pages\/237\/revisions"}],"predecessor-version":[{"id":257,"href":"https:\/\/www.tistrupby.dk\/index.php?rest_route=\/wp\/v2\/pages\/237\/revisions\/257"}],"wp:attachment":[{"href":"https:\/\/www.tistrupby.dk\/index.php?rest_route=%2Fwp%2Fv2%2Fmedia&parent=237"}],"curies":[{"name":"wp","href":"https:\/\/api.w.org\/{rel}","templated":true}]}}