{"id":235,"date":"2016-09-14T22:56:18","date_gmt":"2016-09-14T20:56:18","guid":{"rendered":"http:\/\/www.tistrupby.dk\/?page_id=235"},"modified":"2023-10-20T18:11:08","modified_gmt":"2023-10-20T16:11:08","slug":"blaavand","status":"publish","type":"page","link":"https:\/\/www.tistrupby.dk\/?page_id=235","title":{"rendered":"Steder i Danmark"},"content":{"rendered":"\n<p><a href=\"https:\/\/www.tistrupby.dk\/?page_id=1613\" data-type=\"page\" data-id=\"1613\">Thy<\/a><\/p>\n\n\n\n<p><a href=\"http:\/\/www.tistrupby.dk\/?page_id=237\">Bl\u00e5vand <\/a><\/p>\n\n\n\n<p><a href=\"http:\/\/www.tistrupby.dk\/?page_id=258\">Fugls\u00f8centret<\/a><\/p>\n\n\n\n<p><a href=\"http:\/\/www.tistrupby.dk\/?page_id=1314\">Lolland, Falster og M\u00f8en<\/a><\/p>\n\n\n\n<p><a href=\"http:\/\/www.tistrupby.dk\/?page_id=313\">Sj\u00e6lland<\/a><\/p>\n\n\n\n<p><a href=\"http:\/\/www.tistrupby.dk\/?page_id=326\">Fyn<\/a><\/p>\n\n\n\n<p><a href=\"https:\/\/www.tistrupby.dk\/?page_id=335\">Jylland fra f\u00f8r 2022<\/a><\/p>\n\n\n\n<p><a href=\"https:\/\/www.tistrupby.dk\/?page_id=1369\">Jylland fra 2022 og frem<\/a><\/p>\n\n\n\n<p><a href=\"http:\/\/www.tistrupby.dk\/?page_id=1176\">Als<\/a><\/p>\n\n\n\n<p><a href=\"https:\/\/www.tistrupby.dk\/?page_id=452\" data-type=\"page\" data-id=\"452\">Bornholm<\/a><\/p>\n\n\n\n<p><a href=\"https:\/\/www.tistrupby.dk\/?page_id=1392\" data-type=\"page\" data-id=\"1392\">Sams\u00f8<\/a><\/p>\n\n\n\n<p><a href=\"https:\/\/www.tistrupby.dk\/?page_id=1662\" data-type=\"page\" data-id=\"1662\">Langeland<\/a><\/p>\n","protected":false},"excerpt":{"rendered":"<p>Thy Bl\u00e5vand Fugls\u00f8centret Lolland, Falster og M\u00f8en Sj\u00e6lland Fyn Jylland fra f\u00f8r 2022 Jylland fra 2022 og frem Als Bornholm Sams\u00f8 Langeland<\/p>\n","protected":false},"author":1,"featured_media":0,"parent":0,"menu_order":0,"comment_status":"closed","ping_status":"closed","template":"","meta":{"footnotes":""},"class_list":["post-235","page","type-page","status-publish","hentry"],"_links":{"self":[{"href":"https:\/\/www.tistrupby.dk\/index.php?rest_route=\/wp\/v2\/pages\/235","targetHints":{"allow":["GET"]}}],"collection":[{"href":"https:\/\/www.tistrupby.dk\/index.php?rest_route=\/wp\/v2\/pages"}],"about":[{"href":"https:\/\/www.tistrupby.dk\/index.php?rest_route=\/wp\/v2\/types\/page"}],"author":[{"embeddable":true,"href":"https:\/\/www.tistrupby.dk\/index.php?rest_route=\/wp\/v2\/users\/1"}],"replies":[{"embeddable":true,"href":"https:\/\/www.tistrupby.dk\/index.php?rest_route=%2Fwp%2Fv2%2Fcomments&post=235"}],"version-history":[{"count":22,"href":"https:\/\/www.tistrupby.dk\/index.php?rest_route=\/wp\/v2\/pages\/235\/revisions"}],"predecessor-version":[{"id":1677,"href":"https:\/\/www.tistrupby.dk\/index.php?rest_route=\/wp\/v2\/pages\/235\/revisions\/1677"}],"wp:attachment":[{"href":"https:\/\/www.tistrupby.dk\/index.php?rest_route=%2Fwp%2Fv2%2Fmedia&parent=235"}],"curies":[{"name":"wp","href":"https:\/\/api.w.org\/{rel}","templated":true}]}}