{"id":230,"date":"2016-09-14T22:45:07","date_gmt":"2016-09-14T20:45:07","guid":{"rendered":"http:\/\/www.tistrupby.dk\/?page_id=230"},"modified":"2017-03-19T23:12:11","modified_gmt":"2017-03-19T21:12:11","slug":"stier-i-tistrup","status":"publish","type":"page","link":"https:\/\/www.tistrupby.dk\/?page_id=230","title":{"rendered":"Stier i Tistrup"},"content":{"rendered":"<p><a href=\"https:\/\/goo.gl\/photos\/pBDHFPjJgQZHcxW68\">Tistrups nye vandrestier<\/a><\/p>\n<p><a href=\"https:\/\/goo.gl\/photos\/1ATSHbs8SCD8ndRs7\">Sti ved N\u00f8rholm <\/a><\/p>\n<p><a href=\"https:\/\/goo.gl\/photos\/sS1Bjbv6yZ8zdy8H6\">Sti Kildelunden til Assenb\u00e6k<\/a><\/p>\n<p><a href=\"http:\/\/www.tistrupby.dk\/?page_id=753\">Folder til tur ved N\u00f8rholm<\/a><a href=\"http:\/\/www.tistrupby.dk\/?page_id=753\">\u00a0\u00a0\u00a0\u00a0<\/a><a href=\"http:\/\/D:\\Documents\\Stier\\f\u00e6rdig.html\">\u00a0\u00a0\u00a0\u00a0\u00a0<\/a><\/p>\n","protected":false},"excerpt":{"rendered":"<p>Tistrups nye vandrestier Sti ved N\u00f8rholm Sti Kildelunden til Assenb\u00e6k Folder til tur ved N\u00f8rholm\u00a0\u00a0\u00a0\u00a0\u00a0\u00a0\u00a0\u00a0\u00a0<\/p>\n","protected":false},"author":1,"featured_media":0,"parent":0,"menu_order":0,"comment_status":"closed","ping_status":"closed","template":"","meta":{"footnotes":""},"class_list":["post-230","page","type-page","status-publish","hentry"],"_links":{"self":[{"href":"https:\/\/www.tistrupby.dk\/index.php?rest_route=\/wp\/v2\/pages\/230","targetHints":{"allow":["GET"]}}],"collection":[{"href":"https:\/\/www.tistrupby.dk\/index.php?rest_route=\/wp\/v2\/pages"}],"about":[{"href":"https:\/\/www.tistrupby.dk\/index.php?rest_route=\/wp\/v2\/types\/page"}],"author":[{"embeddable":true,"href":"https:\/\/www.tistrupby.dk\/index.php?rest_route=\/wp\/v2\/users\/1"}],"replies":[{"embeddable":true,"href":"https:\/\/www.tistrupby.dk\/index.php?rest_route=%2Fwp%2Fv2%2Fcomments&post=230"}],"version-history":[{"count":7,"href":"https:\/\/www.tistrupby.dk\/index.php?rest_route=\/wp\/v2\/pages\/230\/revisions"}],"predecessor-version":[{"id":764,"href":"https:\/\/www.tistrupby.dk\/index.php?rest_route=\/wp\/v2\/pages\/230\/revisions\/764"}],"wp:attachment":[{"href":"https:\/\/www.tistrupby.dk\/index.php?rest_route=%2Fwp%2Fv2%2Fmedia&parent=230"}],"curies":[{"name":"wp","href":"https:\/\/api.w.org\/{rel}","templated":true}]}}