{"id":2205,"date":"2026-03-01T18:50:06","date_gmt":"2026-03-01T16:50:06","guid":{"rendered":"https:\/\/www.tistrupby.dk\/?page_id=2205"},"modified":"2026-03-01T19:02:22","modified_gmt":"2026-03-01T17:02:22","slug":"gymnastikopvisning-2026","status":"publish","type":"page","link":"https:\/\/www.tistrupby.dk\/?page_id=2205","title":{"rendered":"Gymnastikopvisning 2026"},"content":{"rendered":"\n<h1 class=\"wp-block-heading\">Hodde Tistrup Hallen<\/h1>\n\n\n\n<p><a href=\"https:\/\/photos.app.goo.gl\/Ziotn56uZTrn6dDY7\">Indmarch<\/a><\/p>\n\n\n\n<p><a href=\"https:\/\/photos.app.goo.gl\/6vMMs8wA5BCNK2bK6\">Tistrup Prisen<\/a><\/p>\n\n\n\n<p><a href=\"https:\/\/photos.app.goo.gl\/R1BeXGb7etLjSU2b6\">MOT damer<\/a><\/p>\n\n\n\n<p><a href=\"https:\/\/photos.app.goo.gl\/yvqmbHEJQxEH8ewa9\">For\u00e6ldre barn<\/a><\/p>\n\n\n\n<p><a href=\"https:\/\/photos.app.goo.gl\/gnFBkeoekNuFLizC7\">Puslinge<\/a><\/p>\n\n\n\n<p><a href=\"https:\/\/photos.app.goo.gl\/FsD2JvmU7PUQ4zoU6\">Juniormix \u00d8GU<\/a><\/p>\n\n\n\n<p><a href=\"https:\/\/photos.app.goo.gl\/1FbRRmWFF64mdsNn8\">Dans<\/a><\/p>\n\n\n\n<p><a href=\"https:\/\/photos.app.goo.gl\/6ff4THTHU7oVmDKq7\">Jump<\/a><\/p>\n\n\n\n<p><a href=\"https:\/\/photos.app.goo.gl\/evbJGoKBghn2g3zF6\">Leg og Tons<\/a><\/p>\n\n\n\n<p><a href=\"https:\/\/photos.app.goo.gl\/DoLeNw2BxRsLcvRb8\">Store Spring<\/a><\/p>\n\n\n\n<p><a href=\"https:\/\/photos.app.goo.gl\/5JWpSK1JAziiorxz8\">Motionsm\u00e6nd\/VIP Damer<\/a><\/p>\n\n\n\n<p><a href=\"https:\/\/photos.app.goo.gl\/sah3rrmUsTeP6ufd8\">\u00d8lgod kvindehold<\/a><\/p>\n\n\n\n<p><a href=\"https:\/\/photos.app.goo.gl\/bDJyuzSLPmkdrjVp6\">JTH<\/a><\/p>\n\n\n\n<p><a href=\"https:\/\/photos.app.goo.gl\/5Yw2sBadzM5gMP44A\">Udmarch<\/a><\/p>\n","protected":false},"excerpt":{"rendered":"<p>Hodde Tistrup Hallen Indmarch Tistrup Prisen MOT damer For\u00e6ldre barn Puslinge Juniormix \u00d8GU Dans Jump Leg og Tons Store Spring Motionsm\u00e6nd\/VIP Damer \u00d8lgod kvindehold JTH Udmarch<\/p>\n","protected":false},"author":1,"featured_media":0,"parent":0,"menu_order":0,"comment_status":"closed","ping_status":"closed","template":"","meta":{"footnotes":""},"class_list":["post-2205","page","type-page","status-publish","hentry"],"_links":{"self":[{"href":"https:\/\/www.tistrupby.dk\/index.php?rest_route=\/wp\/v2\/pages\/2205","targetHints":{"allow":["GET"]}}],"collection":[{"href":"https:\/\/www.tistrupby.dk\/index.php?rest_route=\/wp\/v2\/pages"}],"about":[{"href":"https:\/\/www.tistrupby.dk\/index.php?rest_route=\/wp\/v2\/types\/page"}],"author":[{"embeddable":true,"href":"https:\/\/www.tistrupby.dk\/index.php?rest_route=\/wp\/v2\/users\/1"}],"replies":[{"embeddable":true,"href":"https:\/\/www.tistrupby.dk\/index.php?rest_route=%2Fwp%2Fv2%2Fcomments&post=2205"}],"version-history":[{"count":15,"href":"https:\/\/www.tistrupby.dk\/index.php?rest_route=\/wp\/v2\/pages\/2205\/revisions"}],"predecessor-version":[{"id":2220,"href":"https:\/\/www.tistrupby.dk\/index.php?rest_route=\/wp\/v2\/pages\/2205\/revisions\/2220"}],"wp:attachment":[{"href":"https:\/\/www.tistrupby.dk\/index.php?rest_route=%2Fwp%2Fv2%2Fmedia&parent=2205"}],"curies":[{"name":"wp","href":"https:\/\/api.w.org\/{rel}","templated":true}]}}