{"id":2063,"date":"2025-05-28T17:19:28","date_gmt":"2025-05-28T15:19:28","guid":{"rendered":"https:\/\/www.tistrupby.dk\/?page_id=2063"},"modified":"2025-06-29T09:56:33","modified_gmt":"2025-06-29T07:56:33","slug":"kalender-for-tistrup-i-bevaegelse-klik-paa-linket","status":"publish","type":"page","link":"https:\/\/www.tistrupby.dk\/?page_id=2063","title":{"rendered":"Kalender for Tistrup i bev\u00e6gelse, klik p\u00e5 linket"},"content":{"rendered":"\n<p><a href=\"https:\/\/calendar.google.com\/calendar\/embed?src=2e6fd84da5486a766afe2e0ee9c76d02393240fc8271ae9d4b74ab419cf36b00%40group.calendar.google.com&amp;ctz=Europe%2FCopenhagen\">Klik p\u00e5 kalenderen for at se hvad der sker i Tistrup i bev\u00e6gelse<\/a><\/p>\n\n\n\n<p>Tistrup i bev\u00e6gelse er et sammenslutning af:<\/p>\n\n\n\n<p>Tistrup G\u00e5r Sammen, Tistrup Cykler Sammen, Tistrup Fotoklub, Indoors cykel eventer samt forskellige, aftenturer rundt i vores natur, og hvad der ellers byder sig af arrangementer der sker i og omkring Tistrup.<\/p>\n\n\n\n<p><\/p>\n","protected":false},"excerpt":{"rendered":"<p>Klik p\u00e5 kalenderen for at se hvad der sker i Tistrup i bev\u00e6gelse Tistrup i bev\u00e6gelse er et sammenslutning af: Tistrup G\u00e5r Sammen, Tistrup Cykler Sammen, Tistrup Fotoklub, Indoors cykel eventer samt forskellige, aftenturer rundt i vores natur, og hvad der ellers byder sig af arrangementer der sker i og omkring Tistrup.<\/p>\n","protected":false},"author":1,"featured_media":0,"parent":0,"menu_order":0,"comment_status":"closed","ping_status":"closed","template":"","meta":{"footnotes":""},"class_list":["post-2063","page","type-page","status-publish","hentry"],"_links":{"self":[{"href":"https:\/\/www.tistrupby.dk\/index.php?rest_route=\/wp\/v2\/pages\/2063","targetHints":{"allow":["GET"]}}],"collection":[{"href":"https:\/\/www.tistrupby.dk\/index.php?rest_route=\/wp\/v2\/pages"}],"about":[{"href":"https:\/\/www.tistrupby.dk\/index.php?rest_route=\/wp\/v2\/types\/page"}],"author":[{"embeddable":true,"href":"https:\/\/www.tistrupby.dk\/index.php?rest_route=\/wp\/v2\/users\/1"}],"replies":[{"embeddable":true,"href":"https:\/\/www.tistrupby.dk\/index.php?rest_route=%2Fwp%2Fv2%2Fcomments&post=2063"}],"version-history":[{"count":15,"href":"https:\/\/www.tistrupby.dk\/index.php?rest_route=\/wp\/v2\/pages\/2063\/revisions"}],"predecessor-version":[{"id":2129,"href":"https:\/\/www.tistrupby.dk\/index.php?rest_route=\/wp\/v2\/pages\/2063\/revisions\/2129"}],"wp:attachment":[{"href":"https:\/\/www.tistrupby.dk\/index.php?rest_route=%2Fwp%2Fv2%2Fmedia&parent=2063"}],"curies":[{"name":"wp","href":"https:\/\/api.w.org\/{rel}","templated":true}]}}