{"id":2041,"date":"2025-04-18T17:41:13","date_gmt":"2025-04-18T15:41:13","guid":{"rendered":"https:\/\/www.tistrupby.dk\/?page_id=2041"},"modified":"2025-04-18T18:16:55","modified_gmt":"2025-04-18T16:16:55","slug":"norge-skaanevik-strand-2024","status":"publish","type":"page","link":"https:\/\/www.tistrupby.dk\/?page_id=2041","title":{"rendered":"Norge Sk\u00e5nevik Strand 2024"},"content":{"rendered":"\n<p><a href=\"https:\/\/photos.app.goo.gl\/sq9kCz62Ussdci569\">Ankomst til hytten den 1. juni<\/a><\/p>\n\n\n\n<p><a href=\"https:\/\/photos.app.goo.gl\/caSXNd3VXt6ZHw1XA\">G\u00e5tur og Sk\u00e5nevik den 2. juni<\/a><\/p>\n\n\n\n<p><a href=\"https:\/\/photos.app.goo.gl\/jcMhYocnzkNXEtfi9\">tur til Etnes\u00f8en den 3. juni<\/a><\/p>\n\n\n\n<p><a href=\"https:\/\/photos.app.goo.gl\/8fkBcr1LHmzECeR7A\">Langefoss den 4, juni<\/a><\/p>\n\n\n\n<p><a href=\"https:\/\/photos.app.goo.gl\/LJn86TXwTV7t6Q4e9\">F\u00e6rgen til Matra og Ut\u00e5ker den 5. juni<\/a><\/p>\n\n\n\n<p><a href=\"https:\/\/photos.app.goo.gl\/5MCfeeQeXtoHRj8g8\">Utaker gammle kloster 7. juni<\/a><\/p>\n\n\n\n<p><a href=\"https:\/\/photos.app.goo.gl\/DD9kv6q66MjuUzBz6\">Til Tungesvikvejen den 8 juni<\/a><\/p>\n\n\n\n<p><a href=\"https:\/\/photos.app.goo.gl\/eU493gDc2wAhx6cg6\">Den gamle postvej den 9. juni<\/a><\/p>\n\n\n\n<p><a href=\"https:\/\/photos.app.goo.gl\/r9oATuTfqSeSJ1Qq9\">Med f\u00e6rgen til Matre den 10. juni<\/a><\/p>\n\n\n\n<p><a href=\"https:\/\/photos.app.goo.gl\/PRRvaFu2h72NgJmWA\">Den gamle postvej fra Sk\u00e5nevik den 11. juni<\/a><\/p>\n\n\n\n<p><a href=\"https:\/\/photos.app.goo.gl\/yUMwGKUspVYDBnp17\">Den gamle postvej fra Sk\u00e5nevik den 12. juni<\/a><\/p>\n\n\n\n<p><a href=\"https:\/\/photos.app.goo.gl\/rtn3YVQM4nQpu7Kz7\">Tungsvikvejen den 13. juni<\/a><\/p>\n\n\n\n<p><a href=\"https:\/\/photos.app.goo.gl\/hT28mJaYbYYnbjb3A\">Rundt i Sk\u00e5nevik den 14. juni<\/a><\/p>\n\n\n\n<p><\/p>\n\n\n\n<p><\/p>\n\n\n\n<p><\/p>\n","protected":false},"excerpt":{"rendered":"<p>Ankomst til hytten den 1. juni G\u00e5tur og Sk\u00e5nevik den 2. juni tur til Etnes\u00f8en den 3. juni Langefoss den 4, juni F\u00e6rgen til Matra og Ut\u00e5ker den 5. juni Utaker gammle kloster 7. juni Til Tungesvikvejen den 8 juni Den gamle postvej den 9. juni Med f\u00e6rgen til Matre den 10. juni Den gamle &hellip; <a href=\"https:\/\/www.tistrupby.dk\/?page_id=2041\" class=\"more-link\">L\u00e6s videre <span class=\"screen-reader-text\">Norge Sk\u00e5nevik Strand 2024<\/span> <span class=\"meta-nav\">&rarr;<\/span><\/a><\/p>\n","protected":false},"author":1,"featured_media":0,"parent":0,"menu_order":0,"comment_status":"closed","ping_status":"closed","template":"","meta":{"footnotes":""},"class_list":["post-2041","page","type-page","status-publish","hentry"],"_links":{"self":[{"href":"https:\/\/www.tistrupby.dk\/index.php?rest_route=\/wp\/v2\/pages\/2041","targetHints":{"allow":["GET"]}}],"collection":[{"href":"https:\/\/www.tistrupby.dk\/index.php?rest_route=\/wp\/v2\/pages"}],"about":[{"href":"https:\/\/www.tistrupby.dk\/index.php?rest_route=\/wp\/v2\/types\/page"}],"author":[{"embeddable":true,"href":"https:\/\/www.tistrupby.dk\/index.php?rest_route=\/wp\/v2\/users\/1"}],"replies":[{"embeddable":true,"href":"https:\/\/www.tistrupby.dk\/index.php?rest_route=%2Fwp%2Fv2%2Fcomments&post=2041"}],"version-history":[{"count":16,"href":"https:\/\/www.tistrupby.dk\/index.php?rest_route=\/wp\/v2\/pages\/2041\/revisions"}],"predecessor-version":[{"id":2058,"href":"https:\/\/www.tistrupby.dk\/index.php?rest_route=\/wp\/v2\/pages\/2041\/revisions\/2058"}],"wp:attachment":[{"href":"https:\/\/www.tistrupby.dk\/index.php?rest_route=%2Fwp%2Fv2%2Fmedia&parent=2041"}],"curies":[{"name":"wp","href":"https:\/\/api.w.org\/{rel}","templated":true}]}}