{"id":1954,"date":"2024-11-24T23:04:51","date_gmt":"2024-11-24T21:04:51","guid":{"rendered":"https:\/\/www.tistrupby.dk\/?page_id=1954"},"modified":"2025-01-12T15:36:35","modified_gmt":"2025-01-12T13:36:35","slug":"billeder-taget-af-birthe-tranberg","status":"publish","type":"page","link":"https:\/\/www.tistrupby.dk\/?page_id=1954","title":{"rendered":"Billeder taget af Birthe Tranberg"},"content":{"rendered":"\n<p><a href=\"https:\/\/photos.app.goo.gl\/56HZWbg5pjMR92si6\">Lejre Vikingecenter<\/a><\/p>\n\n\n\n<p><a href=\"https:\/\/photos.app.goo.gl\/wiYVgBZ3pjz1awYJ6\">T\u00f8nding Lergrav<\/a><\/p>\n\n\n\n<p><a href=\"https:\/\/photos.app.goo.gl\/p2914m3hTGCpRZd69\">Kukkemandss\u00f8en den 4. december<\/a><\/p>\n\n\n\n<p><a href=\"https:\/\/photos.app.goo.gl\/sGdmMSXXqoVdJRrs9\">Solopgang<\/a><\/p>\n\n\n\n<p><a href=\"https:\/\/photos.app.goo.gl\/CKskgsTMBWTnRHLTA\">Karlsg\u00e5rde S\u00f8<\/a><\/p>\n","protected":false},"excerpt":{"rendered":"<p>Lejre Vikingecenter T\u00f8nding Lergrav Kukkemandss\u00f8en den 4. december Solopgang Karlsg\u00e5rde S\u00f8<\/p>\n","protected":false},"author":1,"featured_media":0,"parent":0,"menu_order":0,"comment_status":"closed","ping_status":"closed","template":"","meta":{"footnotes":""},"class_list":["post-1954","page","type-page","status-publish","hentry"],"_links":{"self":[{"href":"https:\/\/www.tistrupby.dk\/index.php?rest_route=\/wp\/v2\/pages\/1954","targetHints":{"allow":["GET"]}}],"collection":[{"href":"https:\/\/www.tistrupby.dk\/index.php?rest_route=\/wp\/v2\/pages"}],"about":[{"href":"https:\/\/www.tistrupby.dk\/index.php?rest_route=\/wp\/v2\/types\/page"}],"author":[{"embeddable":true,"href":"https:\/\/www.tistrupby.dk\/index.php?rest_route=\/wp\/v2\/users\/1"}],"replies":[{"embeddable":true,"href":"https:\/\/www.tistrupby.dk\/index.php?rest_route=%2Fwp%2Fv2%2Fcomments&post=1954"}],"version-history":[{"count":8,"href":"https:\/\/www.tistrupby.dk\/index.php?rest_route=\/wp\/v2\/pages\/1954\/revisions"}],"predecessor-version":[{"id":1984,"href":"https:\/\/www.tistrupby.dk\/index.php?rest_route=\/wp\/v2\/pages\/1954\/revisions\/1984"}],"wp:attachment":[{"href":"https:\/\/www.tistrupby.dk\/index.php?rest_route=%2Fwp%2Fv2%2Fmedia&parent=1954"}],"curies":[{"name":"wp","href":"https:\/\/api.w.org\/{rel}","templated":true}]}}