{"id":1938,"date":"2024-11-15T17:36:08","date_gmt":"2024-11-15T15:36:08","guid":{"rendered":"https:\/\/www.tistrupby.dk\/?page_id=1938"},"modified":"2026-03-04T19:14:12","modified_gmt":"2026-03-04T17:14:12","slug":"billeder-taget-af-tonni-storm-nikolajsen","status":"publish","type":"page","link":"https:\/\/www.tistrupby.dk\/?page_id=1938","title":{"rendered":"Billeder taget af Tonni Storm Nikolajsen"},"content":{"rendered":"\n<p><a href=\"https:\/\/photos.app.goo.gl\/cy22wV2MTYSX2CfY6\">Billeder fra N\u00f8rholm Skov den 6 november.<\/a><\/p>\n\n\n\n<p><a href=\"https:\/\/photos.app.goo.gl\/S83jq29znyNeSKob7\">Kukkemandss\u00f8en ved Alslev den 4. december 2024<\/a><\/p>\n\n\n\n<p><a href=\"https:\/\/photos.app.goo.gl\/ScH9WHE2nkWpnJd6A\">\u00c5lling og Gulddalslund den 04-03-2026<\/a><\/p>\n","protected":false},"excerpt":{"rendered":"<p>Billeder fra N\u00f8rholm Skov den 6 november. Kukkemandss\u00f8en ved Alslev den 4. december 2024 \u00c5lling og Gulddalslund den 04-03-2026<\/p>\n","protected":false},"author":1,"featured_media":0,"parent":0,"menu_order":0,"comment_status":"closed","ping_status":"closed","template":"","meta":{"footnotes":""},"class_list":["post-1938","page","type-page","status-publish","hentry"],"_links":{"self":[{"href":"https:\/\/www.tistrupby.dk\/index.php?rest_route=\/wp\/v2\/pages\/1938","targetHints":{"allow":["GET"]}}],"collection":[{"href":"https:\/\/www.tistrupby.dk\/index.php?rest_route=\/wp\/v2\/pages"}],"about":[{"href":"https:\/\/www.tistrupby.dk\/index.php?rest_route=\/wp\/v2\/types\/page"}],"author":[{"embeddable":true,"href":"https:\/\/www.tistrupby.dk\/index.php?rest_route=\/wp\/v2\/users\/1"}],"replies":[{"embeddable":true,"href":"https:\/\/www.tistrupby.dk\/index.php?rest_route=%2Fwp%2Fv2%2Fcomments&post=1938"}],"version-history":[{"count":5,"href":"https:\/\/www.tistrupby.dk\/index.php?rest_route=\/wp\/v2\/pages\/1938\/revisions"}],"predecessor-version":[{"id":2231,"href":"https:\/\/www.tistrupby.dk\/index.php?rest_route=\/wp\/v2\/pages\/1938\/revisions\/2231"}],"wp:attachment":[{"href":"https:\/\/www.tistrupby.dk\/index.php?rest_route=%2Fwp%2Fv2%2Fmedia&parent=1938"}],"curies":[{"name":"wp","href":"https:\/\/api.w.org\/{rel}","templated":true}]}}