{"id":186,"date":"2016-09-11T22:16:11","date_gmt":"2016-09-11T20:16:11","guid":{"rendered":"http:\/\/www.tistrupby.dk\/?page_id=186"},"modified":"2016-09-11T22:20:10","modified_gmt":"2016-09-11T20:20:10","slug":"revy-2014","status":"publish","type":"page","link":"https:\/\/www.tistrupby.dk\/?page_id=186","title":{"rendered":"Revy 2014"},"content":{"rendered":"<p><a href=\"https:\/\/goo.gl\/photos\/XrK4n8ZLezGhADNC9\">Revy den 26-09<\/a><\/p>\n<p><a href=\"https:\/\/goo.gl\/photos\/zN7GjUBhEXjYRRwF9\">Revy generalpr\u00f8ve<\/a><\/p>\n<p><a href=\"https:\/\/goo.gl\/photos\/7fGo8KR9PJyCegdx6\">\u00d8ver til revy<\/a><\/p>\n<p><a href=\"https:\/\/goo.gl\/photos\/A8RxwH4PsFF5BkCh6\">\u00d8ver til revy den 21-09<\/a><\/p>\n<p>&nbsp;<\/p>\n<p>&nbsp;<\/p>\n","protected":false},"excerpt":{"rendered":"<p>Revy den 26-09 Revy generalpr\u00f8ve \u00d8ver til revy \u00d8ver til revy den 21-09 &nbsp; &nbsp;<\/p>\n","protected":false},"author":1,"featured_media":0,"parent":0,"menu_order":0,"comment_status":"closed","ping_status":"closed","template":"","meta":{"footnotes":""},"class_list":["post-186","page","type-page","status-publish","hentry"],"_links":{"self":[{"href":"https:\/\/www.tistrupby.dk\/index.php?rest_route=\/wp\/v2\/pages\/186","targetHints":{"allow":["GET"]}}],"collection":[{"href":"https:\/\/www.tistrupby.dk\/index.php?rest_route=\/wp\/v2\/pages"}],"about":[{"href":"https:\/\/www.tistrupby.dk\/index.php?rest_route=\/wp\/v2\/types\/page"}],"author":[{"embeddable":true,"href":"https:\/\/www.tistrupby.dk\/index.php?rest_route=\/wp\/v2\/users\/1"}],"replies":[{"embeddable":true,"href":"https:\/\/www.tistrupby.dk\/index.php?rest_route=%2Fwp%2Fv2%2Fcomments&post=186"}],"version-history":[{"count":3,"href":"https:\/\/www.tistrupby.dk\/index.php?rest_route=\/wp\/v2\/pages\/186\/revisions"}],"predecessor-version":[{"id":189,"href":"https:\/\/www.tistrupby.dk\/index.php?rest_route=\/wp\/v2\/pages\/186\/revisions\/189"}],"wp:attachment":[{"href":"https:\/\/www.tistrupby.dk\/index.php?rest_route=%2Fwp%2Fv2%2Fmedia&parent=186"}],"curies":[{"name":"wp","href":"https:\/\/api.w.org\/{rel}","templated":true}]}}