{"id":1662,"date":"2023-10-20T17:37:16","date_gmt":"2023-10-20T15:37:16","guid":{"rendered":"https:\/\/www.tistrupby.dk\/?page_id=1662"},"modified":"2023-10-20T18:09:49","modified_gmt":"2023-10-20T16:09:49","slug":"langeland-2023","status":"publish","type":"page","link":"https:\/\/www.tistrupby.dk\/?page_id=1662","title":{"rendered":"Langeland 2023"},"content":{"rendered":"\n<p><a href=\"https:\/\/photos.app.goo.gl\/KLLL4X6e6xKbJ9ij9\">Huset i Magleby 2023<\/a><\/p>\n\n\n\n<p><a href=\"https:\/\/photos.app.goo.gl\/3mou82DNDcUt144s6\">Fyret<\/a><\/p>\n\n\n\n<p><a href=\"https:\/\/photos.app.goo.gl\/JieAHxxRu8KKU5sRA\">Holl\u00e6nderhuset den 17-10-2023<\/a><\/p>\n\n\n\n<p><a href=\"https:\/\/photos.app.goo.gl\/vVzRky97WXHRcSCj9\">B\u00f8gen og Tobaksladen den 17-10-2023<\/a><\/p>\n\n\n\n<p><a href=\"https:\/\/photos.app.goo.gl\/ZbTBYhQ8zjnikrns7\">Langelandsfortet den 16-10-2023<\/a><\/p>\n\n\n\n<p><a href=\"https:\/\/photos.app.goo.gl\/VnFFSm4s2YVX7rCZ6\">Ristinge Klint og Havn den 18-10-2023<\/a><\/p>\n\n\n\n<p><a href=\"https:\/\/photos.app.goo.gl\/fira1Ban4Gc6iqtP9\">Syd Langeland den 15-10-2023<\/a><\/p>\n\n\n\n<p><a href=\"https:\/\/photos.app.goo.gl\/wgKHGcQVXGanuYps7\">Tranek\u00e6r M\u00f8lle den 17-10-2023<\/a><\/p>\n\n\n\n<p><a href=\"https:\/\/photos.app.goo.gl\/ncCQA3aYo2TEkNi58\">Tranek\u00e6r Park den 17-10-2023<\/a><\/p>\n\n\n\n<p><\/p>\n","protected":false},"excerpt":{"rendered":"<p>Huset i Magleby 2023 Fyret Holl\u00e6nderhuset den 17-10-2023 B\u00f8gen og Tobaksladen den 17-10-2023 Langelandsfortet den 16-10-2023 Ristinge Klint og Havn den 18-10-2023 Syd Langeland den 15-10-2023 Tranek\u00e6r M\u00f8lle den 17-10-2023 Tranek\u00e6r Park den 17-10-2023<\/p>\n","protected":false},"author":1,"featured_media":0,"parent":0,"menu_order":0,"comment_status":"closed","ping_status":"closed","template":"","meta":{"footnotes":""},"class_list":["post-1662","page","type-page","status-publish","hentry"],"_links":{"self":[{"href":"https:\/\/www.tistrupby.dk\/index.php?rest_route=\/wp\/v2\/pages\/1662","targetHints":{"allow":["GET"]}}],"collection":[{"href":"https:\/\/www.tistrupby.dk\/index.php?rest_route=\/wp\/v2\/pages"}],"about":[{"href":"https:\/\/www.tistrupby.dk\/index.php?rest_route=\/wp\/v2\/types\/page"}],"author":[{"embeddable":true,"href":"https:\/\/www.tistrupby.dk\/index.php?rest_route=\/wp\/v2\/users\/1"}],"replies":[{"embeddable":true,"href":"https:\/\/www.tistrupby.dk\/index.php?rest_route=%2Fwp%2Fv2%2Fcomments&post=1662"}],"version-history":[{"count":13,"href":"https:\/\/www.tistrupby.dk\/index.php?rest_route=\/wp\/v2\/pages\/1662\/revisions"}],"predecessor-version":[{"id":1676,"href":"https:\/\/www.tistrupby.dk\/index.php?rest_route=\/wp\/v2\/pages\/1662\/revisions\/1676"}],"wp:attachment":[{"href":"https:\/\/www.tistrupby.dk\/index.php?rest_route=%2Fwp%2Fv2%2Fmedia&parent=1662"}],"curies":[{"name":"wp","href":"https:\/\/api.w.org\/{rel}","templated":true}]}}