{"id":1648,"date":"2023-09-13T21:02:19","date_gmt":"2023-09-13T19:02:19","guid":{"rendered":"https:\/\/www.tistrupby.dk\/?page_id=1648"},"modified":"2023-09-13T21:09:16","modified_gmt":"2023-09-13T19:09:16","slug":"samsoe-uge-36-2023","status":"publish","type":"page","link":"https:\/\/www.tistrupby.dk\/?page_id=1648","title":{"rendered":"Sams\u00f8 uge 36 2023"},"content":{"rendered":"\n<p><a href=\"https:\/\/photos.app.goo.gl\/3VFvivVP6WBbR2267\">Ballebjerg den 08-09<\/a><\/p>\n\n\n\n<p><a href=\"https:\/\/photos.app.goo.gl\/2PZW6UsmZetChuoc7\">Fyret p\u00e5 Sams\u00f8 den 02-09<\/a><\/p>\n\n\n\n<p><a href=\"https:\/\/photos.app.goo.gl\/uSrwrAbnVSpQ3i6M9\">Sams\u00f8 den 03-09<\/a><\/p>\n\n\n\n<p><a href=\"https:\/\/photos.app.goo.gl\/DnJn4Up6PgQmw8ND7\">Sams\u00f8 den 04-09<\/a><\/p>\n\n\n\n<p><a href=\"https:\/\/photos.app.goo.gl\/TRfoGAha89ALpeHBA\">Sams\u00f8 Museum mv. den 07-09<\/a><\/p>\n\n\n\n<p><a href=\"https:\/\/photos.app.goo.gl\/phasQcuKEQ9NK9CG9\">Sams\u00f8 Nord den 05-09<\/a><\/p>\n\n\n\n<p><a href=\"https:\/\/photos.app.goo.gl\/e8yQGKix6UHDiASm6\">Sams\u00f8 Syd den 06-09<\/a><\/p>\n\n\n\n<p><a href=\"https:\/\/photos.app.goo.gl\/B2NPJ46UkmtvY2Xs5\">Turen over til sams\u00f8 den 02-09<\/a><\/p>\n","protected":false},"excerpt":{"rendered":"<p>Ballebjerg den 08-09 Fyret p\u00e5 Sams\u00f8 den 02-09 Sams\u00f8 den 03-09 Sams\u00f8 den 04-09 Sams\u00f8 Museum mv. den 07-09 Sams\u00f8 Nord den 05-09 Sams\u00f8 Syd den 06-09 Turen over til sams\u00f8 den 02-09<\/p>\n","protected":false},"author":1,"featured_media":0,"parent":0,"menu_order":0,"comment_status":"closed","ping_status":"closed","template":"","meta":{"footnotes":""},"class_list":["post-1648","page","type-page","status-publish","hentry"],"_links":{"self":[{"href":"https:\/\/www.tistrupby.dk\/index.php?rest_route=\/wp\/v2\/pages\/1648","targetHints":{"allow":["GET"]}}],"collection":[{"href":"https:\/\/www.tistrupby.dk\/index.php?rest_route=\/wp\/v2\/pages"}],"about":[{"href":"https:\/\/www.tistrupby.dk\/index.php?rest_route=\/wp\/v2\/types\/page"}],"author":[{"embeddable":true,"href":"https:\/\/www.tistrupby.dk\/index.php?rest_route=\/wp\/v2\/users\/1"}],"replies":[{"embeddable":true,"href":"https:\/\/www.tistrupby.dk\/index.php?rest_route=%2Fwp%2Fv2%2Fcomments&post=1648"}],"version-history":[{"count":9,"href":"https:\/\/www.tistrupby.dk\/index.php?rest_route=\/wp\/v2\/pages\/1648\/revisions"}],"predecessor-version":[{"id":1657,"href":"https:\/\/www.tistrupby.dk\/index.php?rest_route=\/wp\/v2\/pages\/1648\/revisions\/1657"}],"wp:attachment":[{"href":"https:\/\/www.tistrupby.dk\/index.php?rest_route=%2Fwp%2Fv2%2Fmedia&parent=1648"}],"curies":[{"name":"wp","href":"https:\/\/api.w.org\/{rel}","templated":true}]}}