{"id":1592,"date":"2023-04-01T13:42:33","date_gmt":"2023-04-01T11:42:33","guid":{"rendered":"https:\/\/www.tistrupby.dk\/?page_id=1592"},"modified":"2023-04-01T14:00:55","modified_gmt":"2023-04-01T12:00:55","slug":"thy","status":"publish","type":"page","link":"https:\/\/www.tistrupby.dk\/?page_id=1592","title":{"rendered":"Thy"},"content":{"rendered":"\n<p><a href=\"https:\/\/photos.app.goo.gl\/82WfQ3WtPQkogUSS9\">Huset i Thy den 25-03-2023<\/a><\/p>\n\n\n\n<p><a href=\"https:\/\/photos.app.goo.gl\/kivd1fvtAFw17f4A8\">Lodbjerg Fyr den 26-03-2023<\/a><\/p>\n\n\n\n<p><a href=\"https:\/\/photos.app.goo.gl\/A5ssv9rdGsBWCep5A\">Boddum Kirke den 26-03-2023<\/a><\/p>\n\n\n\n<p><a href=\"https:\/\/photos.app.goo.gl\/6dqzfpxaAGYVji846\">Kl\u00f8venh\u00f8j den 26-03-2023<\/a><\/p>\n\n\n\n<p><a href=\"https:\/\/photos.app.goo.gl\/CgxUV3EJjWwUQew3A\">N\u00e6ssund den 26-03-2023<\/a><\/p>\n\n\n\n<p><a href=\"https:\/\/photos.app.goo.gl\/1cZzHJT9WdtLWui36\">Visby Kirke den 26-03-2023<\/a><\/p>\n\n\n\n<p><a href=\"https:\/\/photos.app.goo.gl\/cQ2GuDNNiM5JUJuB9\">Udby Hede den 27-03-2023<\/a><\/p>\n\n\n\n<p><a href=\"https:\/\/photos.app.goo.gl\/BdofLFTBczF8Ln338\">Vildsund den 27-03-2023<\/a><\/p>\n\n\n\n<p><a href=\"https:\/\/photos.app.goo.gl\/M1cr2SCiJGEk33cf6\">Harring Kirke den 28-03-2023<\/a><\/p>\n\n\n\n<p><a href=\"https:\/\/photos.app.goo.gl\/F59ydea2kzerHAJu9\">Hanstholm Bunker den 29-03-2023<\/a><\/p>\n\n\n\n<p><a href=\"https:\/\/photos.app.goo.gl\/kXFbQhddLWNE5agS6\">Hanstholm Fyr og Havn den 29-03-2023<\/a><\/p>\n\n\n\n<p><a href=\"https:\/\/photos.app.goo.gl\/mqgVrqZybPt9ANYu8\">Lidt rundt p\u00e5 Mors den 30-03-2023<\/a><\/p>\n\n\n\n<p><a href=\"https:\/\/photos.app.goo.gl\/YyRvJKzuPQQ6sghs5\">Ash\u00f8j den 31-03-2023<\/a><\/p>\n\n\n\n<p><a href=\"https:\/\/photos.app.goo.gl\/cGzHqZhVvuggGbEt9\">Lodbjerg Fyr den 31-03-2023<\/a><\/p>\n\n\n\n<p><\/p>\n\n\n\n<p><\/p>\n\n\n\n<p><\/p>\n","protected":false},"excerpt":{"rendered":"<p>Huset i Thy den 25-03-2023 Lodbjerg Fyr den 26-03-2023 Boddum Kirke den 26-03-2023 Kl\u00f8venh\u00f8j den 26-03-2023 N\u00e6ssund den 26-03-2023 Visby Kirke den 26-03-2023 Udby Hede den 27-03-2023 Vildsund den 27-03-2023 Harring Kirke den 28-03-2023 Hanstholm Bunker den 29-03-2023 Hanstholm Fyr og Havn den 29-03-2023 Lidt rundt p\u00e5 Mors den 30-03-2023 Ash\u00f8j den 31-03-2023 Lodbjerg Fyr &hellip; <a href=\"https:\/\/www.tistrupby.dk\/?page_id=1592\" class=\"more-link\">L\u00e6s videre <span class=\"screen-reader-text\">Thy<\/span> <span class=\"meta-nav\">&rarr;<\/span><\/a><\/p>\n","protected":false},"author":1,"featured_media":0,"parent":0,"menu_order":0,"comment_status":"closed","ping_status":"closed","template":"","meta":{"footnotes":""},"class_list":["post-1592","page","type-page","status-publish","hentry"],"_links":{"self":[{"href":"https:\/\/www.tistrupby.dk\/index.php?rest_route=\/wp\/v2\/pages\/1592","targetHints":{"allow":["GET"]}}],"collection":[{"href":"https:\/\/www.tistrupby.dk\/index.php?rest_route=\/wp\/v2\/pages"}],"about":[{"href":"https:\/\/www.tistrupby.dk\/index.php?rest_route=\/wp\/v2\/types\/page"}],"author":[{"embeddable":true,"href":"https:\/\/www.tistrupby.dk\/index.php?rest_route=\/wp\/v2\/users\/1"}],"replies":[{"embeddable":true,"href":"https:\/\/www.tistrupby.dk\/index.php?rest_route=%2Fwp%2Fv2%2Fcomments&post=1592"}],"version-history":[{"count":16,"href":"https:\/\/www.tistrupby.dk\/index.php?rest_route=\/wp\/v2\/pages\/1592\/revisions"}],"predecessor-version":[{"id":1610,"href":"https:\/\/www.tistrupby.dk\/index.php?rest_route=\/wp\/v2\/pages\/1592\/revisions\/1610"}],"wp:attachment":[{"href":"https:\/\/www.tistrupby.dk\/index.php?rest_route=%2Fwp%2Fv2%2Fmedia&parent=1592"}],"curies":[{"name":"wp","href":"https:\/\/api.w.org\/{rel}","templated":true}]}}