{"id":1468,"date":"2023-02-17T19:57:06","date_gmt":"2023-02-17T17:57:06","guid":{"rendered":"https:\/\/www.tistrupby.dk\/?page_id=1468"},"modified":"2023-03-08T17:28:59","modified_gmt":"2023-03-08T15:28:59","slug":"tistrup-gaar-sammen","status":"publish","type":"page","link":"https:\/\/www.tistrupby.dk\/?page_id=1468","title":{"rendered":"Tistrup g\u00e5r sammen"},"content":{"rendered":"\n<figure class=\"wp-block-image size-large is-resized is-style-rounded\"><img loading=\"lazy\" decoding=\"async\" src=\"https:\/\/www.tistrupby.dk\/wp-content\/uploads\/2023\/02\/Tistrup-gaar-sammen-001-2-1024x491.jpg\" alt=\"\" class=\"wp-image-1471\" width=\"372\" height=\"177\" srcset=\"https:\/\/www.tistrupby.dk\/wp-content\/uploads\/2023\/02\/Tistrup-gaar-sammen-001-2-1024x491.jpg 1024w, https:\/\/www.tistrupby.dk\/wp-content\/uploads\/2023\/02\/Tistrup-gaar-sammen-001-2-300x144.jpg 300w, https:\/\/www.tistrupby.dk\/wp-content\/uploads\/2023\/02\/Tistrup-gaar-sammen-001-2-768x368.jpg 768w, https:\/\/www.tistrupby.dk\/wp-content\/uploads\/2023\/02\/Tistrup-gaar-sammen-001-2-1536x737.jpg 1536w, https:\/\/www.tistrupby.dk\/wp-content\/uploads\/2023\/02\/Tistrup-gaar-sammen-001-2.jpg 2003w\" sizes=\"auto, (max-width: 372px) 100vw, 372px\" \/><\/figure>\n\n\n\n<p><a href=\"https:\/\/photos.app.goo.gl\/c2m46sUFtis5GwQ86\">Tistrup g\u00e5r sammen. Kasth\u00f8jvej, Spejderskoven, Hydraulikskoven Femh\u00f8je, Magretheskoven, Kildelunden den 07-03-2023<\/a><\/p>\n\n\n\n<p><a href=\"https:\/\/photos.app.goo.gl\/6mBiAeHiCYhgjUGN6\">Tistrup g\u00e5r sammen. Olling, Borg, Snorup b\u00e6k, Olling torv, Yderik den 21-02-2023<\/a><\/p>\n","protected":false},"excerpt":{"rendered":"<p>Tistrup g\u00e5r sammen. Kasth\u00f8jvej, Spejderskoven, Hydraulikskoven Femh\u00f8je, Magretheskoven, Kildelunden den 07-03-2023 Tistrup g\u00e5r sammen. Olling, Borg, Snorup b\u00e6k, Olling torv, Yderik den 21-02-2023<\/p>\n","protected":false},"author":1,"featured_media":0,"parent":0,"menu_order":0,"comment_status":"closed","ping_status":"closed","template":"","meta":{"footnotes":""},"class_list":["post-1468","page","type-page","status-publish","hentry"],"_links":{"self":[{"href":"https:\/\/www.tistrupby.dk\/index.php?rest_route=\/wp\/v2\/pages\/1468","targetHints":{"allow":["GET"]}}],"collection":[{"href":"https:\/\/www.tistrupby.dk\/index.php?rest_route=\/wp\/v2\/pages"}],"about":[{"href":"https:\/\/www.tistrupby.dk\/index.php?rest_route=\/wp\/v2\/types\/page"}],"author":[{"embeddable":true,"href":"https:\/\/www.tistrupby.dk\/index.php?rest_route=\/wp\/v2\/users\/1"}],"replies":[{"embeddable":true,"href":"https:\/\/www.tistrupby.dk\/index.php?rest_route=%2Fwp%2Fv2%2Fcomments&post=1468"}],"version-history":[{"count":6,"href":"https:\/\/www.tistrupby.dk\/index.php?rest_route=\/wp\/v2\/pages\/1468\/revisions"}],"predecessor-version":[{"id":1539,"href":"https:\/\/www.tistrupby.dk\/index.php?rest_route=\/wp\/v2\/pages\/1468\/revisions\/1539"}],"wp:attachment":[{"href":"https:\/\/www.tistrupby.dk\/index.php?rest_route=%2Fwp%2Fv2%2Fmedia&parent=1468"}],"curies":[{"name":"wp","href":"https:\/\/api.w.org\/{rel}","templated":true}]}}