{"id":1412,"date":"2022-12-07T19:33:23","date_gmt":"2022-12-07T17:33:23","guid":{"rendered":"https:\/\/www.tistrupby.dk\/?page_id=1412"},"modified":"2022-12-07T19:38:04","modified_gmt":"2022-12-07T17:38:04","slug":"tistrup-varmevaerk","status":"publish","type":"page","link":"https:\/\/www.tistrupby.dk\/?page_id=1412","title":{"rendered":"Tistrup Varmev\u00e6rk"},"content":{"rendered":"\n<p><a href=\"https:\/\/photos.app.goo.gl\/yMkHLBk5wx4mmsVi8\">Tistrup Varmev\u00e6rk, solanl\u00e6gget 2011<\/a><\/p>\n\n\n\n<p><a href=\"https:\/\/photos.app.goo.gl\/hTpwrmDh2r9iNG656\">Tistrup Varmev\u00e6rk 2010<\/a><\/p>\n\n\n\n<p><a href=\"https:\/\/goo.gl\/photos\/nD9Lj2TNBJPkRVXE9\">Varme V\u00e6rkets billeder fra luften 2010<\/a><\/p>\n\n\n\n<p><a href=\"https:\/\/photos.app.goo.gl\/8RYYwc9FUf2hDJVb6\">Solanl\u00e6gget den 27-09-2010<\/a><\/p>\n","protected":false},"excerpt":{"rendered":"<p>Tistrup Varmev\u00e6rk, solanl\u00e6gget 2011 Tistrup Varmev\u00e6rk 2010 Varme V\u00e6rkets billeder fra luften 2010 Solanl\u00e6gget den 27-09-2010<\/p>\n","protected":false},"author":1,"featured_media":0,"parent":0,"menu_order":0,"comment_status":"closed","ping_status":"closed","template":"","meta":{"footnotes":""},"class_list":["post-1412","page","type-page","status-publish","hentry"],"_links":{"self":[{"href":"https:\/\/www.tistrupby.dk\/index.php?rest_route=\/wp\/v2\/pages\/1412","targetHints":{"allow":["GET"]}}],"collection":[{"href":"https:\/\/www.tistrupby.dk\/index.php?rest_route=\/wp\/v2\/pages"}],"about":[{"href":"https:\/\/www.tistrupby.dk\/index.php?rest_route=\/wp\/v2\/types\/page"}],"author":[{"embeddable":true,"href":"https:\/\/www.tistrupby.dk\/index.php?rest_route=\/wp\/v2\/users\/1"}],"replies":[{"embeddable":true,"href":"https:\/\/www.tistrupby.dk\/index.php?rest_route=%2Fwp%2Fv2%2Fcomments&post=1412"}],"version-history":[{"count":2,"href":"https:\/\/www.tistrupby.dk\/index.php?rest_route=\/wp\/v2\/pages\/1412\/revisions"}],"predecessor-version":[{"id":1415,"href":"https:\/\/www.tistrupby.dk\/index.php?rest_route=\/wp\/v2\/pages\/1412\/revisions\/1415"}],"wp:attachment":[{"href":"https:\/\/www.tistrupby.dk\/index.php?rest_route=%2Fwp%2Fv2%2Fmedia&parent=1412"}],"curies":[{"name":"wp","href":"https:\/\/api.w.org\/{rel}","templated":true}]}}