{"id":1400,"date":"2022-11-01T15:55:26","date_gmt":"2022-11-01T13:55:26","guid":{"rendered":"https:\/\/www.tistrupby.dk\/?page_id=1400"},"modified":"2022-11-01T15:55:26","modified_gmt":"2022-11-01T13:55:26","slug":"sjaelland-2022","status":"publish","type":"page","link":"https:\/\/www.tistrupby.dk\/?page_id=1400","title":{"rendered":"Sj\u00e6lland 2022"},"content":{"rendered":"\n<p><a href=\"https:\/\/photos.app.goo.gl\/tDuybU25B4iiADWk6\">Drag\u00f8r Fortet den 29-10-2022<\/a><\/p>\n\n\n\n<p><a href=\"https:\/\/photos.app.goo.gl\/RNUFCrheiVQLLP3h9\">Tivoli den 28-10-2022<\/a><\/p>\n\n\n\n<p><a href=\"https:\/\/photos.app.goo.gl\/pqxC8oju5pEq2BFZA\">K\u00f8benhavn den 28-10-2022<\/a><\/p>\n\n\n\n<p><a href=\"https:\/\/photos.app.goo.gl\/k8ErqCnKJPaabXUL6\">Frihedsmuset den 28-10-2022<\/a><\/p>\n\n\n\n<p><a href=\"https:\/\/photos.app.goo.gl\/QZxVhXfQHW6Q6juM6\">Kastellet den 28-10-2022<\/a><\/p>\n\n\n\n<p><a href=\"https:\/\/photos.app.goo.gl\/ALpwB3soR2ZwdaMt6\">Nyboder den 28-10-2022<\/a><\/p>\n\n\n\n<p><a href=\"https:\/\/photos.app.goo.gl\/ZmYjGLrHCDfCQcBq9\">H\u00f8je T\u00e5strup-Nyboder den 28-10-2022<\/a><\/p>\n\n\n\n<p><a href=\"https:\/\/photos.app.goo.gl\/bexsn4LNZX3uRa928\">Ole R\u00f8mer den 27-10-2022<\/a><\/p>\n\n\n\n<p><a href=\"https:\/\/photos.app.goo.gl\/QQUvvNvxt8wMHLW59\">Charlottenlund Fortet den 27-10-2022<\/a><\/p>\n\n\n\n<p><a href=\"https:\/\/photos.app.goo.gl\/zS6TFsGkQcpg21Bh7\">Garderh\u00f8j Fortet den 27-10-2022<\/a><\/p>\n\n\n\n<p><a href=\"https:\/\/photos.app.goo.gl\/E8Q3WULvEW9cyDgg7\">Mindelunden den 27-10-2022<\/a><\/p>\n\n\n\n<p><a href=\"https:\/\/photos.app.goo.gl\/2rfM2DJM2bh9cSe38\">Magles\u00f8 den 27-10-2022<\/a><\/p>\n\n\n\n<p><a href=\"https:\/\/photos.app.goo.gl\/d3MVzTT3p8ETTz4m7\">Bidstrup Skovene den 27-10-2022<\/a><\/p>\n\n\n\n<p><a href=\"https:\/\/photos.app.goo.gl\/3PwMS8S9SZ8muodx8\">Hedeland den 26-10-2022<\/a><\/p>\n\n\n\n<p><\/p>\n","protected":false},"excerpt":{"rendered":"<p>Drag\u00f8r Fortet den 29-10-2022 Tivoli den 28-10-2022 K\u00f8benhavn den 28-10-2022 Frihedsmuset den 28-10-2022 Kastellet den 28-10-2022 Nyboder den 28-10-2022 H\u00f8je T\u00e5strup-Nyboder den 28-10-2022 Ole R\u00f8mer den 27-10-2022 Charlottenlund Fortet den 27-10-2022 Garderh\u00f8j Fortet den 27-10-2022 Mindelunden den 27-10-2022 Magles\u00f8 den 27-10-2022 Bidstrup Skovene den 27-10-2022 Hedeland den 26-10-2022<\/p>\n","protected":false},"author":1,"featured_media":0,"parent":0,"menu_order":0,"comment_status":"closed","ping_status":"closed","template":"","meta":{"footnotes":""},"class_list":["post-1400","page","type-page","status-publish","hentry"],"_links":{"self":[{"href":"https:\/\/www.tistrupby.dk\/index.php?rest_route=\/wp\/v2\/pages\/1400","targetHints":{"allow":["GET"]}}],"collection":[{"href":"https:\/\/www.tistrupby.dk\/index.php?rest_route=\/wp\/v2\/pages"}],"about":[{"href":"https:\/\/www.tistrupby.dk\/index.php?rest_route=\/wp\/v2\/types\/page"}],"author":[{"embeddable":true,"href":"https:\/\/www.tistrupby.dk\/index.php?rest_route=\/wp\/v2\/users\/1"}],"replies":[{"embeddable":true,"href":"https:\/\/www.tistrupby.dk\/index.php?rest_route=%2Fwp%2Fv2%2Fcomments&post=1400"}],"version-history":[{"count":1,"href":"https:\/\/www.tistrupby.dk\/index.php?rest_route=\/wp\/v2\/pages\/1400\/revisions"}],"predecessor-version":[{"id":1401,"href":"https:\/\/www.tistrupby.dk\/index.php?rest_route=\/wp\/v2\/pages\/1400\/revisions\/1401"}],"wp:attachment":[{"href":"https:\/\/www.tistrupby.dk\/index.php?rest_route=%2Fwp%2Fv2%2Fmedia&parent=1400"}],"curies":[{"name":"wp","href":"https:\/\/api.w.org\/{rel}","templated":true}]}}