{"id":1388,"date":"2022-09-11T20:42:18","date_gmt":"2022-09-11T18:42:18","guid":{"rendered":"https:\/\/www.tistrupby.dk\/?page_id=1388"},"modified":"2022-09-11T20:42:18","modified_gmt":"2022-09-11T18:42:18","slug":"samsoe-uge-36","status":"publish","type":"page","link":"https:\/\/www.tistrupby.dk\/?page_id=1388","title":{"rendered":"Sams\u00f8 uge 36"},"content":{"rendered":"\n<p><a href=\"https:\/\/photos.app.goo.gl\/YhgQDAkU7BkCVj4NA\">Sams\u00f8 den 03-09-2022<\/a><\/p>\n\n\n\n<p><a href=\"https:\/\/photos.app.goo.gl\/1tZNa1RNnd9qtccA9\">Huset og Havnen den 03-09-2022<\/a><\/p>\n\n\n\n<p><a href=\"https:\/\/photos.app.goo.gl\/NZDLNg74mLWapErr8\">Solnedgang p\u00e5 Sams\u00f8 den 03-09-2022<\/a><\/p>\n\n\n\n<p><a href=\"https:\/\/photos.app.goo.gl\/nerWS5NAPSXnphJo8\">Rundt ved Stavns den 04-09-2022<\/a><\/p>\n\n\n\n<p><a href=\"https:\/\/photos.app.goo.gl\/STgKrnxMDQvFuoHq8\">Vesborg fyr den 04-09-2022<\/a><\/p>\n\n\n\n<p><a href=\"https:\/\/photos.app.goo.gl\/dwMd8j5vyPXZVrLF6\">Lang\u00f8 Kirke den 05-09-2022<\/a><\/p>\n\n\n\n<p><a href=\"https:\/\/photos.app.goo.gl\/Kc3yF39TNnvtvkNf9\">Nordby den 05-09-2022<\/a><\/p>\n\n\n\n<p><a href=\"https:\/\/photos.app.goo.gl\/eTEW3fdQ2fnbhPfJ7\">Ballebjerg den 05-09-2022<\/a><\/p>\n\n\n\n<p><a href=\"https:\/\/photos.app.goo.gl\/aYJkWk4TfhEs5KbCA\">Jette stue og Stavns havn<\/a><\/p>\n\n\n\n<p><a href=\"https:\/\/photos.app.goo.gl\/uMgb3ZqRR1KrYErf6\">Onsbjerg den 06-09-2022<\/a><\/p>\n\n\n\n<p><a href=\"https:\/\/photos.app.goo.gl\/gLh4CbwxvUPPgkvy7\">Mindes m\u00e6rke over Fredrik den 7.<\/a><\/p>\n\n\n\n<p><a href=\"https:\/\/photos.app.goo.gl\/26SAPeJ3MLbUnmiZ9\">Kolby Kirke den 06-09-2022<\/a><\/p>\n\n\n\n<p><a href=\"https:\/\/photos.app.goo.gl\/Pjc6z1DWpM7me1Wj9\">G\u00e5 holdet p\u00e5 Sams\u00f8 den 07-09-2022<\/a><\/p>\n\n\n\n<p><a href=\"https:\/\/photos.app.goo.gl\/CCCGiEnEpsGUmyAg7\">Stavs Fjord og Besser rev<\/a><\/p>\n\n\n\n<p><a href=\"https:\/\/photos.app.goo.gl\/Y998vTz842R9zW718\">M\u00e5rup den 09-09-2022<\/a><\/p>\n\n\n\n<p><a href=\"https:\/\/photos.app.goo.gl\/meZsGeieKm8pfBar9\">Issehoved den 09-09-2022<\/a><\/p>\n\n\n\n<p><a href=\"https:\/\/photos.app.goo.gl\/ACTikf2JDAPvW2F58\">Hjemtur fra Sams\u00f8<\/a><\/p>\n\n\n\n<p> <\/p>\n","protected":false},"excerpt":{"rendered":"<p>Sams\u00f8 den 03-09-2022 Huset og Havnen den 03-09-2022 Solnedgang p\u00e5 Sams\u00f8 den 03-09-2022 Rundt ved Stavns den 04-09-2022 Vesborg fyr den 04-09-2022 Lang\u00f8 Kirke den 05-09-2022 Nordby den 05-09-2022 Ballebjerg den 05-09-2022 Jette stue og Stavns havn Onsbjerg den 06-09-2022 Mindes m\u00e6rke over Fredrik den 7. Kolby Kirke den 06-09-2022 G\u00e5 holdet p\u00e5 Sams\u00f8 den &hellip; <a href=\"https:\/\/www.tistrupby.dk\/?page_id=1388\" class=\"more-link\">L\u00e6s videre <span class=\"screen-reader-text\">Sams\u00f8 uge 36<\/span> <span class=\"meta-nav\">&rarr;<\/span><\/a><\/p>\n","protected":false},"author":1,"featured_media":0,"parent":0,"menu_order":0,"comment_status":"closed","ping_status":"closed","template":"","meta":{"footnotes":""},"class_list":["post-1388","page","type-page","status-publish","hentry"],"_links":{"self":[{"href":"https:\/\/www.tistrupby.dk\/index.php?rest_route=\/wp\/v2\/pages\/1388","targetHints":{"allow":["GET"]}}],"collection":[{"href":"https:\/\/www.tistrupby.dk\/index.php?rest_route=\/wp\/v2\/pages"}],"about":[{"href":"https:\/\/www.tistrupby.dk\/index.php?rest_route=\/wp\/v2\/types\/page"}],"author":[{"embeddable":true,"href":"https:\/\/www.tistrupby.dk\/index.php?rest_route=\/wp\/v2\/users\/1"}],"replies":[{"embeddable":true,"href":"https:\/\/www.tistrupby.dk\/index.php?rest_route=%2Fwp%2Fv2%2Fcomments&post=1388"}],"version-history":[{"count":1,"href":"https:\/\/www.tistrupby.dk\/index.php?rest_route=\/wp\/v2\/pages\/1388\/revisions"}],"predecessor-version":[{"id":1389,"href":"https:\/\/www.tistrupby.dk\/index.php?rest_route=\/wp\/v2\/pages\/1388\/revisions\/1389"}],"wp:attachment":[{"href":"https:\/\/www.tistrupby.dk\/index.php?rest_route=%2Fwp%2Fv2%2Fmedia&parent=1388"}],"curies":[{"name":"wp","href":"https:\/\/api.w.org\/{rel}","templated":true}]}}