{"id":1330,"date":"2021-03-21T19:14:29","date_gmt":"2021-03-21T17:14:29","guid":{"rendered":"http:\/\/www.tistrupby.dk\/?page_id=1330"},"modified":"2022-10-23T11:09:21","modified_gmt":"2022-10-23T09:09:21","slug":"als-alle-aar","status":"publish","type":"page","link":"https:\/\/www.tistrupby.dk\/?page_id=1330","title":{"rendered":"Als alle \u00e5r"},"content":{"rendered":"\n<p><a href=\"http:\/\/www.tistrupby.dk\/?page_id=1180\" data-type=\"page\" data-id=\"1180\">\u00c5r 2020<\/a><\/p>\n\n\n\n<p><a href=\"http:\/\/www.tistrupby.dk\/?page_id=1332\" data-type=\"page\" data-id=\"1332\">\u00c5r 2021<\/a><\/p>\n\n\n\n<p><a href=\"https:\/\/www.tistrupby.dk\/?page_id=1396\" data-type=\"page\" data-id=\"1396\">\u00c5r 2022<\/a><\/p>\n","protected":false},"excerpt":{"rendered":"<p>\u00c5r 2020 \u00c5r 2021 \u00c5r 2022<\/p>\n","protected":false},"author":1,"featured_media":0,"parent":0,"menu_order":0,"comment_status":"closed","ping_status":"closed","template":"","meta":{"footnotes":""},"class_list":["post-1330","page","type-page","status-publish","hentry"],"_links":{"self":[{"href":"https:\/\/www.tistrupby.dk\/index.php?rest_route=\/wp\/v2\/pages\/1330","targetHints":{"allow":["GET"]}}],"collection":[{"href":"https:\/\/www.tistrupby.dk\/index.php?rest_route=\/wp\/v2\/pages"}],"about":[{"href":"https:\/\/www.tistrupby.dk\/index.php?rest_route=\/wp\/v2\/types\/page"}],"author":[{"embeddable":true,"href":"https:\/\/www.tistrupby.dk\/index.php?rest_route=\/wp\/v2\/users\/1"}],"replies":[{"embeddable":true,"href":"https:\/\/www.tistrupby.dk\/index.php?rest_route=%2Fwp%2Fv2%2Fcomments&post=1330"}],"version-history":[{"count":3,"href":"https:\/\/www.tistrupby.dk\/index.php?rest_route=\/wp\/v2\/pages\/1330\/revisions"}],"predecessor-version":[{"id":1398,"href":"https:\/\/www.tistrupby.dk\/index.php?rest_route=\/wp\/v2\/pages\/1330\/revisions\/1398"}],"wp:attachment":[{"href":"https:\/\/www.tistrupby.dk\/index.php?rest_route=%2Fwp%2Fv2%2Fmedia&parent=1330"}],"curies":[{"name":"wp","href":"https:\/\/api.w.org\/{rel}","templated":true}]}}