{"id":1269,"date":"2020-08-31T18:47:23","date_gmt":"2020-08-31T16:47:23","guid":{"rendered":"http:\/\/www.tistrupby.dk\/?page_id=1269"},"modified":"2020-08-31T19:06:05","modified_gmt":"2020-08-31T17:06:05","slug":"norge-2020","status":"publish","type":"page","link":"https:\/\/www.tistrupby.dk\/?page_id=1269","title":{"rendered":"Norge 2020"},"content":{"rendered":"\n<p><a href=\"https:\/\/photos.app.goo.gl\/LxCsE7GuuXa56qfQ9\">Hytten<\/a><\/p>\n\n\n\n<p><a href=\"https:\/\/photos.app.goo.gl\/ZJaMmRHYbR9J3Udn7\">Blandede billeder<\/a><\/p>\n\n\n\n<p><a href=\"https:\/\/photos.app.goo.gl\/au5fPXReoc4CdaAC6\">Norge Nas\u00e5\/Akniben<\/a><\/p>\n\n\n\n<p><a href=\"https:\/\/photos.app.goo.gl\/DoQKSCuB1GwVMvvf6\">Sogndalstrand<\/a><\/p>\n\n\n\n<p><a href=\"https:\/\/photos.app.goo.gl\/BYzwJPVySHCR9v6V9\">Laden<\/a><\/p>\n\n\n\n<p><a href=\"https:\/\/photos.app.goo.gl\/1dGbDmSYBacHaLu48\">Hesten<\/a><\/p>\n\n\n\n<p><a href=\"https:\/\/photos.app.goo.gl\/unEuPhxNpRCEQwyt8\">Langs s\u00f8en<\/a><\/p>\n\n\n\n<p><a href=\"https:\/\/photos.app.goo.gl\/XTg4SMv45W17DJYC7\">Skammelsen-Offerplads<\/a><\/p>\n\n\n\n<p><a href=\"https:\/\/photos.app.goo.gl\/HgKYXPE9HPHGqRJL7\">Bl\u00e5fjell<\/a><\/p>\n\n\n\n<p><a href=\"https:\/\/photos.app.goo.gl\/YKxaukCydU5TrhUy8\">Blandet 2020<\/a><\/p>\n\n\n\n<p><a href=\"https:\/\/photos.app.goo.gl\/P4Nbxg5YKaFnKcKy6\">Fyrt\u00e5rn-Eige\u00f8y<\/a><\/p>\n\n\n\n<p><a href=\"https:\/\/photos.app.goo.gl\/PvcUHMpDRMU9otxq9\">Det lille kraftv\u00e6rk<\/a><\/p>\n\n\n\n<p><a href=\"https:\/\/photos.app.goo.gl\/5EUhBVTT1dEbXewM8\">Fleggefjord<\/a><\/p>\n\n\n\n<p><a href=\"https:\/\/photos.app.goo.gl\/sfqQ51qzSkuT2Gv69\">Tron\u00e5sen-Bro<\/a><\/p>\n\n\n\n<p><a href=\"https:\/\/photos.app.goo.gl\/mtjTMcykWLktpZ4L9\">Gursli Gruberne<\/a><\/p>\n\n\n\n<p><a href=\"https:\/\/photos.app.goo.gl\/r1uKK7ji8bStWW9i8\">Troldpikken<\/a><\/p>\n\n\n\n<p><a href=\"https:\/\/photos.app.goo.gl\/5pp489n9vdD2gsns9\">J\u00f8ssingfjord<\/a><\/p>\n\n\n\n<p><a href=\"https:\/\/photos.app.goo.gl\/437V4LBYEDFG9THZA\">Helleren<\/a><\/p>\n\n\n\n<p><a href=\"https:\/\/photos.app.goo.gl\/KDiSeyUYtGbKjrp8A\">S\u00e6ters\u00f8en<\/a><\/p>\n\n\n\n<p><a href=\"https:\/\/photos.app.goo.gl\/KyTNxnmPs5TSD4sQ6\">Rundtur<\/a><\/p>\n\n\n\n<p><a href=\"https:\/\/photos.app.goo.gl\/xHhA67K3cucm2wqG8\">Rundt ved g\u00e5rden<\/a><\/p>\n\n\n\n<p><a href=\"https:\/\/photos.app.goo.gl\/1eUgNy2nkMZKbCzf9\">Tur til S\u00e6teren<\/a><\/p>\n\n\n\n<p><a href=\"https:\/\/photos.app.goo.gl\/Tmoin16CWVEkdYNf9\">Spejling i s\u00f8en<\/a><\/p>\n\n\n\n<p><a href=\"https:\/\/photos.app.goo.gl\/QwDGnvb83CL2uWw77\">Langs s\u00f8en<\/a><\/p>\n\n\n\n<p><a href=\"https:\/\/photos.app.goo.gl\/9uHpdEhZjxKpwUqi9\">El-v\u00e6rk<\/a><\/p>\n\n\n\n<p><a href=\"https:\/\/photos.app.goo.gl\/HDBgQ34iFwupdmDZ7\">H\u00f8ghei<\/a><\/p>\n\n\n\n<p><a href=\"https:\/\/photos.app.goo.gl\/PUfSeayfBdfxAFm68\">Rundt om Handeland<\/a><\/p>\n\n\n\n<p><a href=\"https:\/\/photos.app.goo.gl\/FQiLqsreEJogFHFE7\">Turen op<\/a><\/p>\n","protected":false},"excerpt":{"rendered":"<p>Hytten Blandede billeder Norge Nas\u00e5\/Akniben Sogndalstrand Laden Hesten Langs s\u00f8en Skammelsen-Offerplads Bl\u00e5fjell Blandet 2020 Fyrt\u00e5rn-Eige\u00f8y Det lille kraftv\u00e6rk Fleggefjord Tron\u00e5sen-Bro Gursli Gruberne Troldpikken J\u00f8ssingfjord Helleren S\u00e6ters\u00f8en Rundtur Rundt ved g\u00e5rden Tur til S\u00e6teren Spejling i s\u00f8en Langs s\u00f8en El-v\u00e6rk H\u00f8ghei Rundt om Handeland Turen op<\/p>\n","protected":false},"author":1,"featured_media":0,"parent":0,"menu_order":0,"comment_status":"closed","ping_status":"closed","template":"","meta":{"footnotes":""},"class_list":["post-1269","page","type-page","status-publish","hentry"],"_links":{"self":[{"href":"https:\/\/www.tistrupby.dk\/index.php?rest_route=\/wp\/v2\/pages\/1269","targetHints":{"allow":["GET"]}}],"collection":[{"href":"https:\/\/www.tistrupby.dk\/index.php?rest_route=\/wp\/v2\/pages"}],"about":[{"href":"https:\/\/www.tistrupby.dk\/index.php?rest_route=\/wp\/v2\/types\/page"}],"author":[{"embeddable":true,"href":"https:\/\/www.tistrupby.dk\/index.php?rest_route=\/wp\/v2\/users\/1"}],"replies":[{"embeddable":true,"href":"https:\/\/www.tistrupby.dk\/index.php?rest_route=%2Fwp%2Fv2%2Fcomments&post=1269"}],"version-history":[{"count":4,"href":"https:\/\/www.tistrupby.dk\/index.php?rest_route=\/wp\/v2\/pages\/1269\/revisions"}],"predecessor-version":[{"id":1273,"href":"https:\/\/www.tistrupby.dk\/index.php?rest_route=\/wp\/v2\/pages\/1269\/revisions\/1273"}],"wp:attachment":[{"href":"https:\/\/www.tistrupby.dk\/index.php?rest_route=%2Fwp%2Fv2%2Fmedia&parent=1269"}],"curies":[{"name":"wp","href":"https:\/\/api.w.org\/{rel}","templated":true}]}}