{"id":1260,"date":"2020-07-02T18:14:44","date_gmt":"2020-07-02T16:14:44","guid":{"rendered":"http:\/\/www.tistrupby.dk\/?page_id=1260"},"modified":"2020-07-02T18:14:44","modified_gmt":"2020-07-02T16:14:44","slug":"kom-og-gaa-en-tur-med-os-den-02-07-2020","status":"publish","type":"page","link":"https:\/\/www.tistrupby.dk\/?page_id=1260","title":{"rendered":"Kom og g\u00e5 en tur med os den 02-07-2020"},"content":{"rendered":"\n<p><a href=\"https:\/\/photos.app.goo.gl\/qoSTpeXTWVnMrq277\">Billeder Kort rute<\/a><\/p>\n\n\n\n<p>Vi starter ved hallen, g\u00e5r med stien fra B\u00f8gevej til Storegade, ad Storegade med Krarupvej til Kasth\u00f8jvej, ned mod Kildelunden til kilden f\u00f8lg stien langs vandet, f\u00f8lg den gule pil, ad skovstien til Kasth\u00f8jvej, hen til vardevej, over Vardevej og g\u00e5r til h\u00f8jre ad den gr\u00f8nne sti til S\u00f8ndervang, til S\u00f8ndergade, forbi den gamle l\u00e6gebolig, med stien tilbage til hallen. Kaffe, En tur p\u00e5 ca 4 km<\/p>\n\n\n\n<p><a href=\"https:\/\/photos.app.goo.gl\/ctxru841WT8Hkq9A6\">Billeder fra Lang rute<\/a><\/p>\n\n\n\n<p>\u00a0Vi starter ved hallen, g\u00e5r med stien fra B\u00f8gevej til Storegade, ad Storegade med Krarupvej til Kasth\u00f8jvej, ned mod Kildelunden til kilden f\u00f8lg stien langs vandet, hold til venstre ved den gule pil, for enden af vejen holder vil en fotopause, vi g\u00e5r til bage og f\u00f8lger den gule rute, holder til venstre og f\u00f8lger skovstien og holder til venstre og g\u00e5r ned til s\u00f8en, igen en fotopause. Vi g\u00e5r tilbage af skovstien og holder til venstre, ad skovstien til Kasth\u00f8jvej, hen til vardevej, over Vardevej med stien ned til slagteren hvor vi g\u00e5r til h\u00f8jre, til venstre ved motionscentret, hen til brugsen, til Kastanievej, til h\u00f8jre ad Elmevej over pl\u00e6nen til hallen. Kaffe En tur p\u00e5 6 km<\/p>\n","protected":false},"excerpt":{"rendered":"<p>Billeder Kort rute Vi starter ved hallen, g\u00e5r med stien fra B\u00f8gevej til Storegade, ad Storegade med Krarupvej til Kasth\u00f8jvej, ned mod Kildelunden til kilden f\u00f8lg stien langs vandet, f\u00f8lg den gule pil, ad skovstien til Kasth\u00f8jvej, hen til vardevej, over Vardevej og g\u00e5r til h\u00f8jre ad den gr\u00f8nne sti til S\u00f8ndervang, til S\u00f8ndergade, forbi &hellip; <a href=\"https:\/\/www.tistrupby.dk\/?page_id=1260\" class=\"more-link\">L\u00e6s videre <span class=\"screen-reader-text\">Kom og g\u00e5 en tur med os den 02-07-2020<\/span> <span class=\"meta-nav\">&rarr;<\/span><\/a><\/p>\n","protected":false},"author":1,"featured_media":0,"parent":0,"menu_order":0,"comment_status":"closed","ping_status":"closed","template":"","meta":{"footnotes":""},"class_list":["post-1260","page","type-page","status-publish","hentry"],"_links":{"self":[{"href":"https:\/\/www.tistrupby.dk\/index.php?rest_route=\/wp\/v2\/pages\/1260","targetHints":{"allow":["GET"]}}],"collection":[{"href":"https:\/\/www.tistrupby.dk\/index.php?rest_route=\/wp\/v2\/pages"}],"about":[{"href":"https:\/\/www.tistrupby.dk\/index.php?rest_route=\/wp\/v2\/types\/page"}],"author":[{"embeddable":true,"href":"https:\/\/www.tistrupby.dk\/index.php?rest_route=\/wp\/v2\/users\/1"}],"replies":[{"embeddable":true,"href":"https:\/\/www.tistrupby.dk\/index.php?rest_route=%2Fwp%2Fv2%2Fcomments&post=1260"}],"version-history":[{"count":1,"href":"https:\/\/www.tistrupby.dk\/index.php?rest_route=\/wp\/v2\/pages\/1260\/revisions"}],"predecessor-version":[{"id":1261,"href":"https:\/\/www.tistrupby.dk\/index.php?rest_route=\/wp\/v2\/pages\/1260\/revisions\/1261"}],"wp:attachment":[{"href":"https:\/\/www.tistrupby.dk\/index.php?rest_route=%2Fwp%2Fv2%2Fmedia&parent=1260"}],"curies":[{"name":"wp","href":"https:\/\/api.w.org\/{rel}","templated":true}]}}