{"id":1252,"date":"2020-06-29T18:48:00","date_gmt":"2020-06-29T16:48:00","guid":{"rendered":"http:\/\/www.tistrupby.dk\/?page_id=1252"},"modified":"2020-06-29T18:49:26","modified_gmt":"2020-06-29T16:49:26","slug":"ruterne-til-den-02-07-2020","status":"publish","type":"page","link":"https:\/\/www.tistrupby.dk\/?page_id=1252","title":{"rendered":"Ruterne til den 02-07-2020"},"content":{"rendered":"\n<p><a href=\"https:\/\/photos.app.goo.gl\/MMCZLM1TE6HtBwry7\">billeder til ruten Kort<\/a><\/p>\n\n\n\n<p>Vi starter ved hallen, g\u00e5r med stien fra B\u00f8gevej til Storegade, ad Storegade med Krarupvej til Kasth\u00f8jvej, ned mod Kildelunden til kilden f\u00f8lg stien langs vandet, f\u00f8lg den gule pil, ad skovstien til Kasth\u00f8jvej, hen til vardevej, over Vardevej og g\u00e5r til h\u00f8jre ad den gr\u00f8nne sti til S\u00f8ndervang, til S\u00f8ndergade, forbi den gamle l\u00e6gebolig, med stien tilbage til hallen. Kaffe, En tur p\u00e5 ca 4 km<\/p>\n\n\n\n<p><a href=\"https:\/\/photos.app.goo.gl\/JAohYoyYxKRYwpsR6\">Billeder til ruten Lang<\/a><\/p>\n\n\n\n<p>Vi starter ved hallen, g\u00e5r med stien fra B\u00f8gevej til Storegade, ad Storegade med Krarupvej til Kasth\u00f8jvej, ned mod Kildelunden til kilden f\u00f8lg stien langs vandet, f\u00f8lg den gule pil, ad skovstien til Kasth\u00f8jvej, hen til vardevej, over Vardevej og g\u00e5r til h\u00f8jre ad den gr\u00f8nne sti til S\u00f8ndervang, til S\u00f8ndergade, forbi den gamle l\u00e6gebolig, med stien tilbage til hallen. Kaffe, En tur p\u00e5 ca 4 km<\/p>\n","protected":false},"excerpt":{"rendered":"<p>billeder til ruten Kort Vi starter ved hallen, g\u00e5r med stien fra B\u00f8gevej til Storegade, ad Storegade med Krarupvej til Kasth\u00f8jvej, ned mod Kildelunden til kilden f\u00f8lg stien langs vandet, f\u00f8lg den gule pil, ad skovstien til Kasth\u00f8jvej, hen til vardevej, over Vardevej og g\u00e5r til h\u00f8jre ad den gr\u00f8nne sti til S\u00f8ndervang, til S\u00f8ndergade, &hellip; <a href=\"https:\/\/www.tistrupby.dk\/?page_id=1252\" class=\"more-link\">L\u00e6s videre <span class=\"screen-reader-text\">Ruterne til den 02-07-2020<\/span> <span class=\"meta-nav\">&rarr;<\/span><\/a><\/p>\n","protected":false},"author":1,"featured_media":0,"parent":0,"menu_order":0,"comment_status":"closed","ping_status":"closed","template":"","meta":{"footnotes":""},"class_list":["post-1252","page","type-page","status-publish","hentry"],"_links":{"self":[{"href":"https:\/\/www.tistrupby.dk\/index.php?rest_route=\/wp\/v2\/pages\/1252","targetHints":{"allow":["GET"]}}],"collection":[{"href":"https:\/\/www.tistrupby.dk\/index.php?rest_route=\/wp\/v2\/pages"}],"about":[{"href":"https:\/\/www.tistrupby.dk\/index.php?rest_route=\/wp\/v2\/types\/page"}],"author":[{"embeddable":true,"href":"https:\/\/www.tistrupby.dk\/index.php?rest_route=\/wp\/v2\/users\/1"}],"replies":[{"embeddable":true,"href":"https:\/\/www.tistrupby.dk\/index.php?rest_route=%2Fwp%2Fv2%2Fcomments&post=1252"}],"version-history":[{"count":2,"href":"https:\/\/www.tistrupby.dk\/index.php?rest_route=\/wp\/v2\/pages\/1252\/revisions"}],"predecessor-version":[{"id":1254,"href":"https:\/\/www.tistrupby.dk\/index.php?rest_route=\/wp\/v2\/pages\/1252\/revisions\/1254"}],"wp:attachment":[{"href":"https:\/\/www.tistrupby.dk\/index.php?rest_route=%2Fwp%2Fv2%2Fmedia&parent=1252"}],"curies":[{"name":"wp","href":"https:\/\/api.w.org\/{rel}","templated":true}]}}