{"id":1248,"date":"2020-06-25T21:04:06","date_gmt":"2020-06-25T19:04:06","guid":{"rendered":"http:\/\/www.tistrupby.dk\/?page_id=1248"},"modified":"2020-06-25T21:04:06","modified_gmt":"2020-06-25T19:04:06","slug":"kom-og-gaa-en-tur-med-os-den-25-06-2020","status":"publish","type":"page","link":"https:\/\/www.tistrupby.dk\/?page_id=1248","title":{"rendered":"Kom og g\u00e5 en tur med os den 25-06-2020"},"content":{"rendered":"\n<p><a href=\"https:\/\/photos.app.goo.gl\/8P5rWF6eKfDhsLTY7\">Billeder fra turen Kort<\/a><\/p>\n\n\n\n<p>Vi starter ved Hodde Tistrup Hallen og g\u00e5r mod B\u00f8gevej, drejer til h\u00f8jre mod varmev\u00e6rket, til venstre mod Storegade, med Storegade til venstre ved brugsen ad Odinsvej til Thyrasvej over broen, til h\u00f8jre ad Ydrikvej, til venstre ad Hornevej ind gennem Anl\u00e6gget over til den del af Agerkrog vej der g\u00e5r i gennem Anl\u00e6get. Vi g\u00e5r til h\u00f8jre til Agerkrogvej, igen til h\u00f8jre til Hornevej, til venstre mod viadukten og til venstre ad M\u00f8llegade, forts\u00e6t til m\u00f8lleg\u00e5rdsvej, drej til venstre, tag stien ved den gamle pr\u00e6steg\u00e5rd forts\u00e6t ad Birkevej over til Pilevej, for enden tager vi stien til Hallen s\u00e5 er der kaffe.<\/p>\n\n\n\n<p><a href=\"https:\/\/photos.app.goo.gl\/oLTh6ugqgab4mKnW6\">Billeder fra turen Lang<\/a><\/p>\n\n\n\n<p>Vi starter ved Hodde Tistrup Hallen og g\u00e5r mod B\u00f8gevej, drejer til h\u00f8jre mod varmev\u00e6rket, til venstre mod Storegade, med Storegade til venstre ved brugsen ad Odinsvej til Thyrasvej, drejer til venstre ad Emmelyvej, over Vardevej, med grusvejen hen til Vardevej og drejer til h\u00f8jre og forts\u00e6tter mod Kasth\u00f8jvej, til h\u00f8jre ad Krarupvej og til venstre ad Letb\u00e6kvej over Vardevej til Dalstr\u00f8get til venstr ad l\u00e6rkevej s\u00e5 er der kaffe.Vi skal huske p\u00e5, at noget af vejen er privat, og vi har f\u00e5et tilladelse til at f\u00e6rdes der, men kun p\u00e5 de angivne stier<\/p>\n","protected":false},"excerpt":{"rendered":"<p>Billeder fra turen Kort Vi starter ved Hodde Tistrup Hallen og g\u00e5r mod B\u00f8gevej, drejer til h\u00f8jre mod varmev\u00e6rket, til venstre mod Storegade, med Storegade til venstre ved brugsen ad Odinsvej til Thyrasvej over broen, til h\u00f8jre ad Ydrikvej, til venstre ad Hornevej ind gennem Anl\u00e6gget over til den del af Agerkrog vej der g\u00e5r &hellip; <a href=\"https:\/\/www.tistrupby.dk\/?page_id=1248\" class=\"more-link\">L\u00e6s videre <span class=\"screen-reader-text\">Kom og g\u00e5 en tur med os den 25-06-2020<\/span> <span class=\"meta-nav\">&rarr;<\/span><\/a><\/p>\n","protected":false},"author":1,"featured_media":0,"parent":0,"menu_order":0,"comment_status":"closed","ping_status":"closed","template":"","meta":{"footnotes":""},"class_list":["post-1248","page","type-page","status-publish","hentry"],"_links":{"self":[{"href":"https:\/\/www.tistrupby.dk\/index.php?rest_route=\/wp\/v2\/pages\/1248","targetHints":{"allow":["GET"]}}],"collection":[{"href":"https:\/\/www.tistrupby.dk\/index.php?rest_route=\/wp\/v2\/pages"}],"about":[{"href":"https:\/\/www.tistrupby.dk\/index.php?rest_route=\/wp\/v2\/types\/page"}],"author":[{"embeddable":true,"href":"https:\/\/www.tistrupby.dk\/index.php?rest_route=\/wp\/v2\/users\/1"}],"replies":[{"embeddable":true,"href":"https:\/\/www.tistrupby.dk\/index.php?rest_route=%2Fwp%2Fv2%2Fcomments&post=1248"}],"version-history":[{"count":1,"href":"https:\/\/www.tistrupby.dk\/index.php?rest_route=\/wp\/v2\/pages\/1248\/revisions"}],"predecessor-version":[{"id":1249,"href":"https:\/\/www.tistrupby.dk\/index.php?rest_route=\/wp\/v2\/pages\/1248\/revisions\/1249"}],"wp:attachment":[{"href":"https:\/\/www.tistrupby.dk\/index.php?rest_route=%2Fwp%2Fv2%2Fmedia&parent=1248"}],"curies":[{"name":"wp","href":"https:\/\/api.w.org\/{rel}","templated":true}]}}