{"id":1233,"date":"2020-06-21T20:23:21","date_gmt":"2020-06-21T18:23:21","guid":{"rendered":"http:\/\/www.tistrupby.dk\/?page_id=1233"},"modified":"2020-06-21T21:04:59","modified_gmt":"2020-06-21T19:04:59","slug":"ruter-til-den-24-06-2020","status":"publish","type":"page","link":"https:\/\/www.tistrupby.dk\/?page_id=1233","title":{"rendered":"Kom og g\u00e5 en tur med os. Den 25-06-2020 Kort"},"content":{"rendered":"\n<p><\/p>\n\n\n\n<p><a href=\"https:\/\/photos.app.goo.gl\/uePZd6xbpDXcbnA78\">Billeder til den korte rute<\/a><\/p>\n\n\n\n<div class=\"wp-block-group\"><div class=\"wp-block-group__inner-container is-layout-flow wp-block-group-is-layout-flow\">\n<p> Den korte rute til onsdag den 24-06-2020. 4,5 kmVi starter ved Hodde Tistrup Hallen og g\u00e5r mod B\u00f8gevej, drejer til h\u00f8jre mod varmev\u00e6rket, til venstre mod Storegade, med Storegade til venstre ved brugsen ad Odinsvej til Thyrasvej over broen, til h\u00f8jre ad Ydrikvej, til venstre ad Hornevej ind gennem Anl\u00e6gget over til den del af Agerkrog vej der g\u00e5r i gennem Anl\u00e6get. Vi g\u00e5r til h\u00f8jre til Agerkrogvej, igen til h\u00f8jre til Hornevej, til venstre mod viadukten og til venstre ad M\u00f8llegade, forts\u00e6t til m\u00f8lleg\u00e5rdsvej, drej til venstre, tag stien ved den gamle pr\u00e6steg\u00e5rd forts\u00e6t ad Birkevej over til Pilevej, for enden tager vi stien til Hallen s\u00e5 er der kaffe.<\/p>\n<\/div><\/div>\n","protected":false},"excerpt":{"rendered":"<p>Billeder til den korte rute Den korte rute til onsdag den 24-06-2020. 4,5 kmVi starter ved Hodde Tistrup Hallen og g\u00e5r mod B\u00f8gevej, drejer til h\u00f8jre mod varmev\u00e6rket, til venstre mod Storegade, med Storegade til venstre ved brugsen ad Odinsvej til Thyrasvej over broen, til h\u00f8jre ad Ydrikvej, til venstre ad Hornevej ind gennem Anl\u00e6gget &hellip; <a href=\"https:\/\/www.tistrupby.dk\/?page_id=1233\" class=\"more-link\">L\u00e6s videre <span class=\"screen-reader-text\">Kom og g\u00e5 en tur med os. Den 25-06-2020 Kort<\/span> <span class=\"meta-nav\">&rarr;<\/span><\/a><\/p>\n","protected":false},"author":1,"featured_media":0,"parent":0,"menu_order":0,"comment_status":"closed","ping_status":"closed","template":"","meta":{"footnotes":""},"class_list":["post-1233","page","type-page","status-publish","hentry"],"_links":{"self":[{"href":"https:\/\/www.tistrupby.dk\/index.php?rest_route=\/wp\/v2\/pages\/1233","targetHints":{"allow":["GET"]}}],"collection":[{"href":"https:\/\/www.tistrupby.dk\/index.php?rest_route=\/wp\/v2\/pages"}],"about":[{"href":"https:\/\/www.tistrupby.dk\/index.php?rest_route=\/wp\/v2\/types\/page"}],"author":[{"embeddable":true,"href":"https:\/\/www.tistrupby.dk\/index.php?rest_route=\/wp\/v2\/users\/1"}],"replies":[{"embeddable":true,"href":"https:\/\/www.tistrupby.dk\/index.php?rest_route=%2Fwp%2Fv2%2Fcomments&post=1233"}],"version-history":[{"count":4,"href":"https:\/\/www.tistrupby.dk\/index.php?rest_route=\/wp\/v2\/pages\/1233\/revisions"}],"predecessor-version":[{"id":1246,"href":"https:\/\/www.tistrupby.dk\/index.php?rest_route=\/wp\/v2\/pages\/1233\/revisions\/1246"}],"wp:attachment":[{"href":"https:\/\/www.tistrupby.dk\/index.php?rest_route=%2Fwp%2Fv2%2Fmedia&parent=1233"}],"curies":[{"name":"wp","href":"https:\/\/api.w.org\/{rel}","templated":true}]}}