{"id":1226,"date":"2020-06-18T19:29:46","date_gmt":"2020-06-18T17:29:46","guid":{"rendered":"http:\/\/www.tistrupby.dk\/?page_id=1226"},"modified":"2020-06-18T19:29:46","modified_gmt":"2020-06-18T17:29:46","slug":"torsdag-den-18-06-2020","status":"publish","type":"page","link":"https:\/\/www.tistrupby.dk\/?page_id=1226","title":{"rendered":"Torsdag den 18-06-2020"},"content":{"rendered":"\n<p><a href=\"https:\/\/photos.app.goo.gl\/LFbwP63iqmobR5EcA\">Billeder fra den korte rute<\/a><\/p>\n\n\n\n<p>Den korte rute starter fra Hodde Tistrup Hallen kl 0900.<\/p>\n\n\n\n<div class=\"wp-block-group\"><div class=\"wp-block-group__inner-container is-layout-flow wp-block-group-is-layout-flow\">\n<p>Turen g\u00e5 ad L\u00e6rkevej til Dalstr\u00f8get forbi mejeriet ad letb\u00e6kvej, til h\u00f8jre ad Krarupvej, til venstre&nbsp; ad kasth\u00f8jvej til h\u00f8jre ad vardevej, med Thyrasvej, Thorsvej, med stien ved de \u201dgamle\u201d \u00e6ldreboliger ad S\u00f8ndervangen til s\u00f8ndergade, med den sm\u00f8gen ved den gamle l\u00e6gebolig, g\u00e5 gennem B\u00f8gely og forts\u00e6t til hallen hvor der vil v\u00e6re kaffe<\/p>\n<\/div><\/div>\n\n\n\n<div class=\"wp-block-group is-layout-flow wp-block-group-is-layout-flow\"><div class=\"wp-block-group__inner-container\"><\/div><\/div>\n\n\n\n<p><a href=\"https:\/\/photos.app.goo.gl\/8YK6VuzszKPB9Wyk6\">Billeder fra den lange rute<\/a><\/p>\n\n\n\n<p>Den  lange starter fra Hodde Tistrup Hallen kl 0900.<\/p>\n\n\n\n<p>Turen g\u00e5 ad L\u00e6rkevej, men stien til kroen, hen ad Tistrup Kirkevej, med stien til byskoven hvor vi g\u00e5r ind gennem skoven til Tistrup Kirkevej, vi g\u00e5 ud mod Agerkrogvej hvor vi g\u00e5r til h\u00f8jre til Bjerremosevej, vi f\u00f8lger Bjerremosevej til vi n\u00e5r Agerkrogvej, vi g\u00e5r hen ad Agerkrogvej til vi n\u00e5r T krydset, her g\u00e5r vi til venstre og f\u00f8lger vejen til n\u00e6ste T-kryds, igen heder vejen Agekrogvej, lidt henne ad vejen er der et skilt til h\u00f8jre hvor der st\u00e5r privat, vi g\u00e5r ind ad stien, \u201dvi har f\u00e5et tilladelse\u201d vi f\u00f8lger stien ned til s\u00f8en, g\u00e5r over til ottetals s\u00f8erne og til bage ad stien til s\u00f8en i anl\u00e6gget og g\u00e5r med Hornevej til viadukten og op ad trapperne og med stien til M\u00f8lleg\u00e5rdsvej, op ad stien ved den gamle pr\u00e6stebolig, tag Pilevej og forts\u00e6t ad stien til vi n\u00e5r Hallen hvor der er kaffe<\/p>\n","protected":false},"excerpt":{"rendered":"<p>Billeder fra den korte rute Den korte rute starter fra Hodde Tistrup Hallen kl 0900. Turen g\u00e5 ad L\u00e6rkevej til Dalstr\u00f8get forbi mejeriet ad letb\u00e6kvej, til h\u00f8jre ad Krarupvej, til venstre&nbsp; ad kasth\u00f8jvej til h\u00f8jre ad vardevej, med Thyrasvej, Thorsvej, med stien ved de \u201dgamle\u201d \u00e6ldreboliger ad S\u00f8ndervangen til s\u00f8ndergade, med den sm\u00f8gen ved den &hellip; <a href=\"https:\/\/www.tistrupby.dk\/?page_id=1226\" class=\"more-link\">L\u00e6s videre <span class=\"screen-reader-text\">Torsdag den 18-06-2020<\/span> <span class=\"meta-nav\">&rarr;<\/span><\/a><\/p>\n","protected":false},"author":1,"featured_media":0,"parent":0,"menu_order":0,"comment_status":"closed","ping_status":"closed","template":"","meta":{"footnotes":""},"class_list":["post-1226","page","type-page","status-publish","hentry"],"_links":{"self":[{"href":"https:\/\/www.tistrupby.dk\/index.php?rest_route=\/wp\/v2\/pages\/1226","targetHints":{"allow":["GET"]}}],"collection":[{"href":"https:\/\/www.tistrupby.dk\/index.php?rest_route=\/wp\/v2\/pages"}],"about":[{"href":"https:\/\/www.tistrupby.dk\/index.php?rest_route=\/wp\/v2\/types\/page"}],"author":[{"embeddable":true,"href":"https:\/\/www.tistrupby.dk\/index.php?rest_route=\/wp\/v2\/users\/1"}],"replies":[{"embeddable":true,"href":"https:\/\/www.tistrupby.dk\/index.php?rest_route=%2Fwp%2Fv2%2Fcomments&post=1226"}],"version-history":[{"count":1,"href":"https:\/\/www.tistrupby.dk\/index.php?rest_route=\/wp\/v2\/pages\/1226\/revisions"}],"predecessor-version":[{"id":1227,"href":"https:\/\/www.tistrupby.dk\/index.php?rest_route=\/wp\/v2\/pages\/1226\/revisions\/1227"}],"wp:attachment":[{"href":"https:\/\/www.tistrupby.dk\/index.php?rest_route=%2Fwp%2Fv2%2Fmedia&parent=1226"}],"curies":[{"name":"wp","href":"https:\/\/api.w.org\/{rel}","templated":true}]}}