{"id":1180,"date":"2020-03-23T19:27:55","date_gmt":"2020-03-23T17:27:55","guid":{"rendered":"http:\/\/www.tistrupby.dk\/?page_id=1180"},"modified":"2020-03-23T19:27:55","modified_gmt":"2020-03-23T17:27:55","slug":"als-2020","status":"publish","type":"page","link":"https:\/\/www.tistrupby.dk\/?page_id=1180","title":{"rendered":"Als 2020"},"content":{"rendered":"\n<p><a href=\"https:\/\/photos.app.goo.gl\/zcUcuY9hEtJ4oQs96\">Huset Gammelp\u00f8l<\/a><\/p>\n\n\n\n<p><a href=\"https:\/\/photos.app.goo.gl\/nFHTnD5ZQ5DTNAoo7\">Dybb\u00f8lm\u00f8lle<\/a><\/p>\n\n\n\n<p><a href=\"https:\/\/photos.app.goo.gl\/EdQGXuNpzszcymC37\">Gammelp\u00f8l fyr<\/a><\/p>\n\n\n\n<p><a href=\"https:\/\/photos.app.goo.gl\/cq2NKqATSqnozFPG8\">Augustenborg<\/a><\/p>\n\n\n\n<p><a href=\"https:\/\/photos.app.goo.gl\/3q4oscU8yA7w2EC48\">Gammelp\u00f8l<\/a><\/p>\n\n\n\n<p><a href=\"https:\/\/photos.app.goo.gl\/YBg2cCNKwkkQT1LP9\">Gendarmstien<\/a><\/p>\n\n\n\n<p><a href=\"https:\/\/photos.app.goo.gl\/VGxW55bUFso3Hw4BA\">Nordborg Slot<\/a><\/p>\n\n\n\n<p><a href=\"https:\/\/photos.app.goo.gl\/Ln4nDbvZ94oJskjLA\">Augustenhof fyr<\/a><\/p>\n\n\n\n<p><a href=\"https:\/\/photos.app.goo.gl\/Qm1YuUyP66QLXKmA7\">Traneodde fyr<\/a><\/p>\n\n\n\n<p><a href=\"https:\/\/photos.app.goo.gl\/jmBSSMDE5xbmtFNv8\">Takensand fyr + N\u00f8rre skoven<\/a><\/p>\n\n\n\n<p><a href=\"https:\/\/photos.app.goo.gl\/iTtrkJ1QeY4bd3Pg6\">Huset Gammelp\u00f8l<\/a><\/p>\n\n\n\n<p><a href=\"https:\/\/photos.app.goo.gl\/6A2gP88eiGjRe1QFA\">Kegn\u00e6s fyr<\/a><\/p>\n\n\n\n<p><\/p>\n","protected":false},"excerpt":{"rendered":"<p>Huset Gammelp\u00f8l Dybb\u00f8lm\u00f8lle Gammelp\u00f8l fyr Augustenborg Gammelp\u00f8l Gendarmstien Nordborg Slot Augustenhof fyr Traneodde fyr Takensand fyr + N\u00f8rre skoven Huset Gammelp\u00f8l Kegn\u00e6s fyr<\/p>\n","protected":false},"author":1,"featured_media":0,"parent":0,"menu_order":0,"comment_status":"closed","ping_status":"closed","template":"","meta":{"footnotes":""},"class_list":["post-1180","page","type-page","status-publish","hentry"],"_links":{"self":[{"href":"https:\/\/www.tistrupby.dk\/index.php?rest_route=\/wp\/v2\/pages\/1180","targetHints":{"allow":["GET"]}}],"collection":[{"href":"https:\/\/www.tistrupby.dk\/index.php?rest_route=\/wp\/v2\/pages"}],"about":[{"href":"https:\/\/www.tistrupby.dk\/index.php?rest_route=\/wp\/v2\/types\/page"}],"author":[{"embeddable":true,"href":"https:\/\/www.tistrupby.dk\/index.php?rest_route=\/wp\/v2\/users\/1"}],"replies":[{"embeddable":true,"href":"https:\/\/www.tistrupby.dk\/index.php?rest_route=%2Fwp%2Fv2%2Fcomments&post=1180"}],"version-history":[{"count":1,"href":"https:\/\/www.tistrupby.dk\/index.php?rest_route=\/wp\/v2\/pages\/1180\/revisions"}],"predecessor-version":[{"id":1181,"href":"https:\/\/www.tistrupby.dk\/index.php?rest_route=\/wp\/v2\/pages\/1180\/revisions\/1181"}],"wp:attachment":[{"href":"https:\/\/www.tistrupby.dk\/index.php?rest_route=%2Fwp%2Fv2%2Fmedia&parent=1180"}],"curies":[{"name":"wp","href":"https:\/\/api.w.org\/{rel}","templated":true}]}}