{"id":113,"date":"2016-09-10T15:50:18","date_gmt":"2016-09-10T13:50:18","guid":{"rendered":"http:\/\/www.tistrupby.dk\/?page_id=113"},"modified":"2018-06-24T15:27:08","modified_gmt":"2018-06-24T13:27:08","slug":"norge-2016","status":"publish","type":"page","link":"https:\/\/www.tistrupby.dk\/?page_id=113","title":{"rendered":"Norge 2016"},"content":{"rendered":"<p><a href=\"https:\/\/photos.app.goo.gl\/vaKoAQn1HTPBitEz9\">Lidt blandet<\/a><\/p>\n<p><a href=\"https:\/\/photos.app.goo.gl\/bTBmZBugsiRH8tCs5\">Per Gyntsvegen<\/a><\/p>\n<p><a href=\"https:\/\/photos.app.goo.gl\/zEQsXPF3XNat7aRVA\">Panoramatur til B\u00f8<\/a><\/p>\n<p><a href=\"https:\/\/photos.app.goo.gl\/iNL2KJxBqkLwu63G9\">Panoramatur til Ringebu<\/a><\/p>\n<p><a href=\"https:\/\/photos.google.com\/album\/AF1QipM37OB6mrzLA1GmWreeusbM49t8Y_yOZQprHNV0\">Udflugten Sohibergplassen<\/a><\/p>\n<p><a href=\"https:\/\/photos.google.com\/album\/AF1QipM2tdomBUCsRkjTEune7mfGgZKnBkf8EAcS-ere\">Svartfjellet<\/a><\/p>\n<p><a href=\"https:\/\/photos.google.com\/album\/AF1QipNOJ4amYfnnWUIIRlb4QBrCA8krI-f-4gkEQtvD\">Lilehammer<\/a><\/p>\n<p><a href=\"https:\/\/photos.google.com\/album\/AF1QipO62n1UKypjIi1OF_dA75ZOllkS2l9MPnhEsOoA\">Ringebu Stavkirke<\/a><\/p>\n<p><a href=\"https:\/\/photos.google.com\/album\/AF1QipO7-uKtkVw6CVk2vKpokLWy2zDkBAyvYzimY4sY\">Huset i Norge<\/a><\/p>\n<p><a href=\"https:\/\/photos.google.com\/album\/AF1QipOQjpH9-YFY2GeSnw_lQat2HpfILO2Xhel2K6pB\">Pr\u00e6stebakken<\/a><\/p>\n<p><a href=\"https:\/\/photos.google.com\/album\/AF1QipNjPNwwatuLsU7qyn2IAbwQtgro6s9wQr3GSkGt\">Opper<\/a><\/p>\n<p><a href=\"https:\/\/photos.google.com\/album\/AF1QipMxBXaAFz2mZe_AxX1xfRyabWSsERkZPd4awjy_\">Myfallet og Vesselfjellet<\/a><\/p>\n<p><a href=\"https:\/\/photos.google.com\/album\/AF1QipNh2fSgFkQGVpn2bYylDVFTeEZ7evZxOphwTMkf\">Peer Gynt Setervegen<\/a><\/p>\n<p><a href=\"https:\/\/photos.google.com\/album\/AF1QipMelFci2U4gXfs4TJJWL9LT1q5UvsjROJWLjD57\">Hirisj\u00e6h\u00e6gda<\/a><\/p>\n<p><a href=\"https:\/\/photos.google.com\/album\/AF1QipOZ9t3iEcyOE199pJC6ab-xCyhIg_Tp7vnghjDX\">Maihaugen<\/a><\/p>\n<p><a href=\"https:\/\/photos.google.com\/album\/AF1QipN1m6DFwClcv_8uTjVTv6XtgEiTOp6X59W423gQ\">Peer Gyntsvegen<\/a><\/p>\n<p><a href=\"https:\/\/photos.google.com\/album\/AF1QipNNUGdy7ZljR-t0VeyXspiHGimJGXYo6kocYogf\">Venabygde<\/a><\/p>\n<p>&nbsp;<\/p>\n<p>&nbsp;<\/p>\n<p>&nbsp;<\/p>\n<p>&nbsp;<\/p>\n<p>&nbsp;<\/p>\n<p>&nbsp;<\/p>\n<p>&nbsp;<\/p>\n<p>&nbsp;<\/p>\n","protected":false},"excerpt":{"rendered":"<p>Lidt blandet Per Gyntsvegen Panoramatur til B\u00f8 Panoramatur til Ringebu Udflugten Sohibergplassen Svartfjellet Lilehammer Ringebu Stavkirke Huset i Norge Pr\u00e6stebakken Opper Myfallet og Vesselfjellet Peer Gynt Setervegen Hirisj\u00e6h\u00e6gda Maihaugen Peer Gyntsvegen Venabygde &nbsp; &nbsp; &nbsp; &nbsp; &nbsp; &nbsp; &nbsp; &nbsp;<\/p>\n","protected":false},"author":1,"featured_media":0,"parent":0,"menu_order":0,"comment_status":"closed","ping_status":"closed","template":"","meta":{"footnotes":""},"class_list":["post-113","page","type-page","status-publish","hentry"],"_links":{"self":[{"href":"https:\/\/www.tistrupby.dk\/index.php?rest_route=\/wp\/v2\/pages\/113","targetHints":{"allow":["GET"]}}],"collection":[{"href":"https:\/\/www.tistrupby.dk\/index.php?rest_route=\/wp\/v2\/pages"}],"about":[{"href":"https:\/\/www.tistrupby.dk\/index.php?rest_route=\/wp\/v2\/types\/page"}],"author":[{"embeddable":true,"href":"https:\/\/www.tistrupby.dk\/index.php?rest_route=\/wp\/v2\/users\/1"}],"replies":[{"embeddable":true,"href":"https:\/\/www.tistrupby.dk\/index.php?rest_route=%2Fwp%2Fv2%2Fcomments&post=113"}],"version-history":[{"count":4,"href":"https:\/\/www.tistrupby.dk\/index.php?rest_route=\/wp\/v2\/pages\/113\/revisions"}],"predecessor-version":[{"id":981,"href":"https:\/\/www.tistrupby.dk\/index.php?rest_route=\/wp\/v2\/pages\/113\/revisions\/981"}],"wp:attachment":[{"href":"https:\/\/www.tistrupby.dk\/index.php?rest_route=%2Fwp%2Fv2%2Fmedia&parent=113"}],"curies":[{"name":"wp","href":"https:\/\/api.w.org\/{rel}","templated":true}]}}