{"id":1050,"date":"2018-11-27T17:42:26","date_gmt":"2018-11-27T15:42:26","guid":{"rendered":"http:\/\/www.tistrupby.dk\/?page_id=1050"},"modified":"2018-11-27T17:42:26","modified_gmt":"2018-11-27T15:42:26","slug":"sjaelland-2018","status":"publish","type":"page","link":"https:\/\/www.tistrupby.dk\/?page_id=1050","title":{"rendered":"Sj\u00e6lland 2018"},"content":{"rendered":"<p><a href=\"https:\/\/photos.app.goo.gl\/MMa9M84oRnXd9i718\">Ferie i H\u00f8je T\u00e5strup 23-11-18<\/a><\/p>\n<p><a href=\"https:\/\/photos.app.goo.gl\/JbMJf2NWKJdDhvZF7\">Bakken 24-11-18<\/a><\/p>\n<p><a href=\"https:\/\/photos.app.goo.gl\/yZVUxXZMxVHDqBJMA\">Kastellet 24-11-18<\/a><\/p>\n<p><a href=\"https:\/\/photos.app.goo.gl\/JmmrW5qk6BAg4Cb99\">Rosenborg den 24-11-18<\/a><\/p>\n<p><a href=\"https:\/\/photos.app.goo.gl\/6LV4jvLwwvvFRts4A\">K\u00f8benhavn og Tivoli den 24-11-18<\/a><\/p>\n","protected":false},"excerpt":{"rendered":"<p>Ferie i H\u00f8je T\u00e5strup 23-11-18 Bakken 24-11-18 Kastellet 24-11-18 Rosenborg den 24-11-18 K\u00f8benhavn og Tivoli den 24-11-18<\/p>\n","protected":false},"author":1,"featured_media":0,"parent":0,"menu_order":0,"comment_status":"closed","ping_status":"closed","template":"","meta":{"footnotes":""},"class_list":["post-1050","page","type-page","status-publish","hentry"],"_links":{"self":[{"href":"https:\/\/www.tistrupby.dk\/index.php?rest_route=\/wp\/v2\/pages\/1050","targetHints":{"allow":["GET"]}}],"collection":[{"href":"https:\/\/www.tistrupby.dk\/index.php?rest_route=\/wp\/v2\/pages"}],"about":[{"href":"https:\/\/www.tistrupby.dk\/index.php?rest_route=\/wp\/v2\/types\/page"}],"author":[{"embeddable":true,"href":"https:\/\/www.tistrupby.dk\/index.php?rest_route=\/wp\/v2\/users\/1"}],"replies":[{"embeddable":true,"href":"https:\/\/www.tistrupby.dk\/index.php?rest_route=%2Fwp%2Fv2%2Fcomments&post=1050"}],"version-history":[{"count":1,"href":"https:\/\/www.tistrupby.dk\/index.php?rest_route=\/wp\/v2\/pages\/1050\/revisions"}],"predecessor-version":[{"id":1051,"href":"https:\/\/www.tistrupby.dk\/index.php?rest_route=\/wp\/v2\/pages\/1050\/revisions\/1051"}],"wp:attachment":[{"href":"https:\/\/www.tistrupby.dk\/index.php?rest_route=%2Fwp%2Fv2%2Fmedia&parent=1050"}],"curies":[{"name":"wp","href":"https:\/\/api.w.org\/{rel}","templated":true}]}}