{"id":1042,"date":"2018-10-29T12:37:35","date_gmt":"2018-10-29T10:37:35","guid":{"rendered":"http:\/\/www.tistrupby.dk\/?page_id=1042"},"modified":"2018-10-29T12:37:35","modified_gmt":"2018-10-29T10:37:35","slug":"mini-tri-2009","status":"publish","type":"page","link":"https:\/\/www.tistrupby.dk\/?page_id=1042","title":{"rendered":"Mini tri 2009"},"content":{"rendered":"<p><a href=\"https:\/\/photos.app.goo.gl\/sC1PyyBLT39hFyCMA\">Dagen f\u00f8r<\/a><\/p>\n<p><a href=\"https:\/\/photos.app.goo.gl\/jw8n3TvFhVpDRksZ9\">Opstilling til mini tri<\/a><\/p>\n<p><a href=\"https:\/\/photos.app.goo.gl\/s1GqcdKBJi4ufg6u6\">B\u00f8rne mini tri<\/a><\/p>\n<p><a href=\"https:\/\/photos.app.goo.gl\/MzvNxEcM4s2E5XrV7\">Stemningsbilleder<\/a><\/p>\n<p><a href=\"https:\/\/photos.app.goo.gl\/T7KUujqkyHPmKuXv5\">Pr\u00e6mieoverr\u00e6kkelsen<\/a><\/p>\n","protected":false},"excerpt":{"rendered":"<p>Dagen f\u00f8r Opstilling til mini tri B\u00f8rne mini tri Stemningsbilleder Pr\u00e6mieoverr\u00e6kkelsen<\/p>\n","protected":false},"author":1,"featured_media":0,"parent":0,"menu_order":0,"comment_status":"closed","ping_status":"closed","template":"","meta":{"footnotes":""},"class_list":["post-1042","page","type-page","status-publish","hentry"],"_links":{"self":[{"href":"https:\/\/www.tistrupby.dk\/index.php?rest_route=\/wp\/v2\/pages\/1042","targetHints":{"allow":["GET"]}}],"collection":[{"href":"https:\/\/www.tistrupby.dk\/index.php?rest_route=\/wp\/v2\/pages"}],"about":[{"href":"https:\/\/www.tistrupby.dk\/index.php?rest_route=\/wp\/v2\/types\/page"}],"author":[{"embeddable":true,"href":"https:\/\/www.tistrupby.dk\/index.php?rest_route=\/wp\/v2\/users\/1"}],"replies":[{"embeddable":true,"href":"https:\/\/www.tistrupby.dk\/index.php?rest_route=%2Fwp%2Fv2%2Fcomments&post=1042"}],"version-history":[{"count":1,"href":"https:\/\/www.tistrupby.dk\/index.php?rest_route=\/wp\/v2\/pages\/1042\/revisions"}],"predecessor-version":[{"id":1043,"href":"https:\/\/www.tistrupby.dk\/index.php?rest_route=\/wp\/v2\/pages\/1042\/revisions\/1043"}],"wp:attachment":[{"href":"https:\/\/www.tistrupby.dk\/index.php?rest_route=%2Fwp%2Fv2%2Fmedia&parent=1042"}],"curies":[{"name":"wp","href":"https:\/\/api.w.org\/{rel}","templated":true}]}}